{"id":15439,"date":"2023-04-05T15:49:54","date_gmt":"2023-04-05T14:49:54","guid":{"rendered":"https:\/\/www.heartgenetics.com\/?page_id=15439"},"modified":"2023-04-05T15:58:04","modified_gmt":"2023-04-05T14:58:04","slug":"s-mypharmagenes-brain-pgx","status":"publish","type":"page","link":"https:\/\/www.heartgenetics.com\/pt\/especialistas\/farmacogenomica\/s-mypharmagenes-brain-pgx\/","title":{"rendered":"MyPharmaGenes\u00ae Brain PGx"},"content":{"rendered":"<div class=\"wp-block-group is-layout-flow wp-block-group-is-layout-flow\"><noscript class=\"loading-lazy\"><figure class=\"wp-block-image size-large is-resized\"><img decoding=\"async\" src=\"https:\/\/www.heartgenetics.com\/files\/uploads\/2022\/07\/mypharmagenes-1.svg\" alt=\"My Pharma Genes logo\" class=\"wp-image-13797\" width=\"341\"><\/figure><\/noscript><\/div><div class=\"wp-block-kobu-custom-blocks-responsive-spacer responsive-spacer size-small\"><\/div><p>MyPharmaGenes\u00ae \u00e9 um teste farmacogen\u00e9tico abrangente para a defini\u00e7\u00e3o de uma <strong>terap\u00eautica personalizada<\/strong> para o tratamento de patologias nas seguintes \u00e1reas:<\/p><div class=\"wp-block-kobu-custom-blocks-responsive-spacer responsive-spacer size-small\"><\/div><div class=\"multiple-row-columns aligndefault has-4-columns has-style-simplecenter\">\n\t\t<div class=\"multiple-row-columns-wrapper\" data-columns=\"4\">\n\t\t\t\t\t\t\t<div class=\"column\">\n\t\t\t\t\t\n\t\t\t\t\t\t\t\t\t\t\t<noscript class=\"loading-lazy\">\t\t\t\t\t\t<img loading=\"lazy\" decoding=\"async\" width=\"53\" height=\"52\" src=\"https:\/\/www.heartgenetics.com\/files\/uploads\/2023\/04\/icone-psiquiatria.svg\" class=\"attachment-medium_large size-medium_large\" alt=\"\" \/>\t\t\t\t\t\t<\/noscript>\t\t\t\t\t\n\t\t\t\t\t\t\t\t\t\t\t<div class=\"description\"><p>Psiquiatria<\/p>\n<\/div>\n\t\t\t\t\t\n\t\t\t\t\t\t\t\t\t<\/div>\n\t\t\t\t\t\t\t<div class=\"column\">\n\t\t\t\t\t\n\t\t\t\t\t\t\t\t\t\t\t<noscript class=\"loading-lazy\">\t\t\t\t\t\t<img loading=\"lazy\" decoding=\"async\" width=\"53\" height=\"52\" src=\"https:\/\/www.heartgenetics.com\/files\/uploads\/2023\/04\/icone-gestao-da-dor.svg\" class=\"attachment-medium_large size-medium_large\" alt=\"\" \/>\t\t\t\t\t\t<\/noscript>\t\t\t\t\t\n\t\t\t\t\t\t\t\t\t\t\t<div class=\"description\"><p>Gest\u00e3o da dor<\/p>\n<\/div>\n\t\t\t\t\t\n\t\t\t\t\t\t\t\t\t<\/div>\n\t\t\t\t\t\t\t<div class=\"column\">\n\t\t\t\t\t\n\t\t\t\t\t\t\t\t\t\t\t<noscript class=\"loading-lazy\">\t\t\t\t\t\t<img loading=\"lazy\" decoding=\"async\" width=\"53\" height=\"52\" src=\"https:\/\/www.heartgenetics.com\/files\/uploads\/2023\/04\/icone-oncologia.svg\" class=\"attachment-medium_large size-medium_large\" alt=\"\" \/>\t\t\t\t\t\t<\/noscript>\t\t\t\t\t\n\t\t\t\t\t\t\t\t\t\t\t<div class=\"description\"><p>Oncologia<\/p>\n<\/div>\n\t\t\t\t\t\n\t\t\t\t\t\t\t\t\t<\/div>\n\t\t\t\t\t\t\t<div class=\"column\">\n\t\t\t\t\t\n\t\t\t\t\t\t\t\t\t\t\t<noscript class=\"loading-lazy\">\t\t\t\t\t\t<img loading=\"lazy\" decoding=\"async\" width=\"52\" height=\"52\" src=\"https:\/\/www.heartgenetics.com\/files\/uploads\/2023\/04\/icone-diabetes.svg\" class=\"attachment-medium_large size-medium_large\" alt=\"\" \/>\t\t\t\t\t\t<\/noscript>\t\t\t\t\t\n\t\t\t\t\t\t\t\t\t\t\t<div class=\"description\"><p>Diabetes<\/p>\n<\/div>\n\t\t\t\t\t\n\t\t\t\t\t\t\t\t\t<\/div>\n\t\t\t\t\t\t\t<div class=\"column\">\n\t\t\t\t\t\n\t\t\t\t\t\t\t\t\t\t\t<noscript class=\"loading-lazy\">\t\t\t\t\t\t<img loading=\"lazy\" decoding=\"async\" width=\"53\" height=\"52\" src=\"https:\/\/www.heartgenetics.com\/files\/uploads\/2023\/04\/icone-cardiovascular.svg\" class=\"attachment-medium_large size-medium_large\" alt=\"\" \/>\t\t\t\t\t\t<\/noscript>\t\t\t\t\t\n\t\t\t\t\t\t\t\t\t\t\t<div class=\"description\"><p>Doen\u00e7as cardiovasculares<\/p>\n<\/div>\n\t\t\t\t\t\n\t\t\t\t\t\t\t\t\t<\/div>\n\t\t\t\t\t<\/div>\n\t<\/div><div class=\"wp-block-kobu-custom-blocks-responsive-spacer responsive-spacer size-medium\"><\/div><p>O teste gen\u00e9tico inclui um relat\u00f3rio e uma <strong>WebApp interativa<\/strong>, que facilita a navega\u00e7\u00e3o e a utiliza\u00e7\u00e3o dos dados de farmacogen\u00e9tica.<\/p><div class=\"wp-block-kobu-custom-blocks-responsive-spacer responsive-spacer size-small\"><\/div><h3 class=\"wp-block-heading\">Porque \u00e9 importante abordar a Farmacogen\u00e9tica?<\/h3><ul class=\"wp-block-list\"><li>A variabilidade na resposta aos medicamentos constitui uma grande preocupa\u00e7\u00e3o de sa\u00fade p\u00fablica, representando 2,5-10,6% de todas as admiss\u00f5es hospitalares na UE [1].<\/li><li>Mais de 90% dos medicamentos n\u00e3o s\u00e3o eficazes para mais de 50% dos doentes [2,3].<\/li><li>As variantes gen\u00e9ticas que afetam a absor\u00e7\u00e3o, distribui\u00e7\u00e3o, metabolismo, excre\u00e7\u00e3o e toxicidade dos medicamentos explicam cerca de 20-30% da variabilidade na resposta aos medicamentos entre indiv\u00edduos [5].<\/li><\/ul><div class=\"wp-block-kobu-custom-blocks-responsive-spacer responsive-spacer size-medium\"><\/div><h3 class=\"wp-block-heading\">MyPharmaGenes\u00ae est\u00e1 indicado para:<\/h3><ul class=\"wp-block-list\"><li>Pacientes que estejam a iniciar novas terap\u00eauticas;<\/li><li>Os doentes que n\u00e3o estejam a alcan\u00e7ar os objetivos terap\u00eauticos e\/ou que experienciem efeitos adversos moderados a graves com a terap\u00eautica atual.<\/li><\/ul><div class=\"wp-block-kobu-custom-blocks-responsive-spacer responsive-spacer size-small\"><\/div><h2 class=\"wp-block-heading\">O que \u00e9 analisado?<\/h2><p>O teste MyPharmaGenes\u00ae analisa variantes gen\u00e9ticas associadas ao metabolismo e resposta a certos medicamentos, cientificamente validados e com utilidade cl\u00ednica comprovada.<\/p><h3 class=\"wp-block-heading\">DESTAQUES do MyPharmaGenes\u00ae:<\/h3><ul class=\"wp-block-list\"><li>Avalia\u00e7\u00e3o de 88 variantes gen\u00e9ticas e de 32 genes;<\/li><li>Avalia\u00e7\u00e3o do n\u00famero de c\u00f3pias do gene<em> CYP2D6<\/em> e estruturas h\u00edbridas<em> CYP2D6-2D7<\/em>.<\/li><\/ul><p>Com base nesta informa\u00e7\u00e3o \u00e9 poss\u00edvel: <\/p><ul class=\"wp-block-list\"><li>Avaliar a resposta a <strong>105 princ\u00edpios ativos<\/strong>;<\/li><li>Adequa\u00e7\u00e3o de doses de acordo com diretrizes de sociedades profissionais;<\/li><li>Prevenir rea\u00e7\u00f5es adversas;<\/li><li>Selecionar terap\u00eautica alternativa, se necess\u00e1rio.<\/li><\/ul><p>E, consequentemente, oferecer um melhor tratamento a mais pacientes.<\/p><div class=\"wp-block-kobu-custom-blocks-responsive-spacer responsive-spacer size-small\"><\/div><h3 class=\"wp-block-heading\">Painel MYPHARMAGENES\u00ae<\/h3><div class=\"accordion \">\n            <dl id=\"accordion-group-accordion-group-69e68fac9d38c\" role=\"presentation\">\n                                <dt aria-level=\"3\" class=\" open\" data-index=\"0\">\n                        <button aria-expanded=\"true\" class=\"accordion-trigger\" aria-controls=\"accordion-content0-accordion-group-69e68fac9d38c\" id=\"accordion-trigger0-accordion-group-69e68fac9d38c\" type=\"button\">\n                            <span class=\"accordion-title\">32 genes<\/span>\n                        <\/button>\n                    <\/dt>\n                    <dd id=\"accordion-content0-accordion-group-69e68fac9d38c\" aria-labelledby=\"accordion-trigger0-accordion-group-69e68fac9d38c\" class=\"accordion-panel\" style=\"display: block;\">\n                        <div class=\"accordion-content\">\n                            <p>u003cspan style=u0022font-weight: 400;u0022u003eABCB1, ABCG2, APOE, C11orf65, COMT, CYP1A2, CYP2B6, CYP2C18, CYP2C19, CYP2C8, CYP2C9, CYP2D6, CYP3A4, CYP3A5, DPYD, DRD2, F2, F5, GSTP1, HLA-A, HLA-B, HTR2A, HTR2C, MC4R, MTHFR, NUDT15, OPRM1, SLCO1B1, TCF7L2, TPMT, UGT1A1, VKORC1u003c\/spanu003e<\/p>\n                        <\/div>\n                    <\/dd>\n                    <\/dl>\n    <\/div><div class=\"wp-block-kobu-custom-blocks-responsive-spacer responsive-spacer size-small\"><\/div><h3 class=\"wp-block-heading\">princ\u00edpios ativos avaliados por \u00e1rea terap\u00eautica <\/h3><div class=\"wp-block-kobu-custom-blocks-responsive-spacer responsive-spacer size-small\"><\/div><div class=\"accordion \">\n            <dl id=\"accordion-group-accordion-group-69e68fac9de95\" role=\"presentation\">\n                                <dt aria-level=\"3\" class=\" open\" data-index=\"0\">\n                        <button aria-expanded=\"true\" class=\"accordion-trigger\" aria-controls=\"accordion-content0-accordion-group-69e68fac9de95\" id=\"accordion-trigger0-accordion-group-69e68fac9de95\" type=\"button\">\n                            <span class=\"accordion-title\">Psiquiatria<\/span>\n                        <\/button>\n                    <\/dt>\n                    <dd id=\"accordion-content0-accordion-group-69e68fac9de95\" aria-labelledby=\"accordion-trigger0-accordion-group-69e68fac9de95\" class=\"accordion-panel\" style=\"display: block;\">\n                        <div class=\"accordion-content\">\n                            <p>Amisulpride, Amitriptilina, Amphetamina, Aripiprazol, Atomoxetina, Brexpiprazol, Brivaracetam, Carbamazepina, Citalopram, Clobazam, Clomipramina, Clozapina, Desipramina, Diazepam, Donepezil, Doxepin, Escitalopram, Fluoxetina, Fluvoxamina, Galantamina, Haloperidol, Iloperidona, Imipramina, Mirtazapina, Nortriptilina, Olanzapina, Oxcarbazepina, Paliperidona, Paroxetina, Perfenazina, Fenito\u00edna, Pimozida, Quetiapina, Risperidona, Sertralina, Tetrabenazina, Trimipramina, Venlafaxina, Vortioxetina, Ziprasidona<\/p>\n                        <\/div>\n                    <\/dd>\n                                <dt aria-level=\"3\" class=\"\" data-index=\"1\">\n                        <button aria-expanded=\"false\" class=\"accordion-trigger\" aria-controls=\"accordion-content1-accordion-group-69e68fac9de95\" id=\"accordion-trigger1-accordion-group-69e68fac9de95\" type=\"button\">\n                            <span class=\"accordion-title\">Gest\u00e3o da Dor<\/span>\n                        <\/button>\n                    <\/dt>\n                    <dd id=\"accordion-content1-accordion-group-69e68fac9de95\" aria-labelledby=\"accordion-trigger1-accordion-group-69e68fac9de95\" class=\"accordion-panel\" >\n                        <div class=\"accordion-content\">\n                            <p>Carisoprodol, Celecoxib, Code\u00edna, Diclofenaco, Fentanil, Flurbiprofeno, Ibuprofeno, Lornoxicam, Meloxicam, Metadona, Morfina, Naloxona, Oxicodona, Piroxicam, Remifentanil, Sufentanil, Tenoxicam, Tramadol<\/p>\n                        <\/div>\n                    <\/dd>\n                                <dt aria-level=\"3\" class=\"\" data-index=\"2\">\n                        <button aria-expanded=\"false\" class=\"accordion-trigger\" aria-controls=\"accordion-content2-accordion-group-69e68fac9de95\" id=\"accordion-trigger2-accordion-group-69e68fac9de95\" type=\"button\">\n                            <span class=\"accordion-title\">Oncologia<\/span>\n                        <\/button>\n                    <\/dt>\n                    <dd id=\"accordion-content2-accordion-group-69e68fac9de95\" aria-labelledby=\"accordion-trigger2-accordion-group-69e68fac9de95\" class=\"accordion-panel\" >\n                        <div class=\"accordion-content\">\n                            <p>Azatioprina, Capecitabina, Cabazitaxel, Carboplatina, Cisplatina, Ciclofosfamida, Epirubicina, Erlotinibe, Fluorouracil, Gefitinibe, Irinotecan, Mercaptopurina, Metotrexato, Ondansetron, Oxaliplatina, Sunitinibe, Tamoxifen, Tegafur, Thioguanine, Tropisetron<\/p>\n                        <\/div>\n                    <\/dd>\n                                <dt aria-level=\"3\" class=\"\" data-index=\"3\">\n                        <button aria-expanded=\"false\" class=\"accordion-trigger\" aria-controls=\"accordion-content3-accordion-group-69e68fac9de95\" id=\"accordion-trigger3-accordion-group-69e68fac9de95\" type=\"button\">\n                            <span class=\"accordion-title\">Diabetes<\/span>\n                        <\/button>\n                    <\/dt>\n                    <dd id=\"accordion-content3-accordion-group-69e68fac9de95\" aria-labelledby=\"accordion-trigger3-accordion-group-69e68fac9de95\" class=\"accordion-panel\" >\n                        <div class=\"accordion-content\">\n                            <p>Clorpropamida, Glibenclamida, Gliclazida, Glimepirida, Glipizida, Gliquidona, Metformina, Rosiglitazona, Tolazamida, Tolbutamida<\/p>\n                        <\/div>\n                    <\/dd>\n                                <dt aria-level=\"3\" class=\"\" data-index=\"4\">\n                        <button aria-expanded=\"false\" class=\"accordion-trigger\" aria-controls=\"accordion-content4-accordion-group-69e68fac9de95\" id=\"accordion-trigger4-accordion-group-69e68fac9de95\" type=\"button\">\n                            <span class=\"accordion-title\">Cardiovascular<\/span>\n                        <\/button>\n                    <\/dt>\n                    <dd id=\"accordion-content4-accordion-group-69e68fac9de95\" aria-labelledby=\"accordion-trigger4-accordion-group-69e68fac9de95\" class=\"accordion-panel\" >\n                        <div class=\"accordion-content\">\n                            <p>Acenocumarol, \u00c1cido Acetilsalic\u00edlico, Atorvastatina, Clopidogrel, Digoxina, Flecainide, Estradiol, Losartan, Metoprolol, Fenprocoumon, Pitavastatina, Pravastatina, Propafenona, Rivaroxaban, Rosuvastatina, Simvastatina, Warfarin<\/p>\n                        <\/div>\n                    <\/dd>\n                    <\/dl>\n    <\/div><p><\/p><p><br><\/p><div class=\"wp-block-kobu-custom-blocks-responsive-spacer responsive-spacer size-large\"><\/div><div class=\"wp-block-kobu-custom-blocks-inner-content-img alignwide media-content-group child-item align-right valign-start img-last\"><div class=\"content-col\"><div class=\"content-col-wrapper\"><h2 class=\"wp-block-heading\">Uma WebApp interativa<\/h2>\n\n<p>MyPharmaGenes\u00ae \u00e9 acompanhado por uma WebApp interativa que permite:<\/p>\n\n<ul class=\"wp-block-list\"><li>Gerir a carteira de f\u00e1rmacos do paciente;<\/li><li>Registar f\u00e1rmacos que tenham desencadeado efeitos secund\u00e1rios;<\/li><li>Acesso facilitado aos resultados do teste;<\/li><li>Encontrar informa\u00e7\u00e3o mais espec\u00edfica sobre os genes avaliados.<\/li><\/ul><\/div><\/div><div class=\"media-col\"><figure><noscript class=\"loading-lazy\"><img loading=\"lazy\" decoding=\"async\" width=\"1140\" height=\"658\" class=\"wp-image-13762\" src=\"https:\/\/www.heartgenetics.com\/files\/uploads\/2022\/07\/interactive_webapp-2.webp\" alt=\"mobile phone, tablet and desktop with webapp\" title=\"interactive_webapp\" sizes=\"auto, (min-width: 1201px) 35vw, (min-width: 601px) 50vw, 100vw\" srcset=\"https:\/\/www.heartgenetics.com\/files\/uploads\/2022\/07\/interactive_webapp-2.webp 1140w, https:\/\/www.heartgenetics.com\/files\/uploads\/2022\/07\/interactive_webapp-2-300x173.webp 300w, https:\/\/www.heartgenetics.com\/files\/uploads\/2022\/07\/interactive_webapp-2-1024x591.webp 1024w, https:\/\/www.heartgenetics.com\/files\/uploads\/2022\/07\/interactive_webapp-2-768x443.webp 768w, https:\/\/www.heartgenetics.com\/files\/uploads\/2022\/07\/interactive_webapp-2-600x346.webp 600w\" \/><\/noscript><\/figure><\/div><\/div><div class=\"wp-block-kobu-custom-blocks-responsive-spacer responsive-spacer size-small\"><\/div><h2 class=\"wp-block-heading\">DIRECTRIZES de sociedades profissionais E ANOTA\u00c7\u00d5ES dE ag\u00eancias de medicamentos<\/h2><p>O teste MyPharmaGenes\u00ae considera as diretrizes dos cons\u00f3rcios internacionais de farmacogen\u00e9tica (CPIC, DPWG e CPNDS) que suportam a utiliza\u00e7\u00e3o dos dados gen\u00e9ticos na pr\u00e1tica cl\u00ednica. Considera tamb\u00e9m informa\u00e7\u00e3o farmacogen\u00e9tica relevante presente no resumo das caracter\u00edsticas dos diferentes princ\u00edpios ativos, da responsabilidade de v\u00e1rias ag\u00eancias de medicamentos (FDA, EMA, Health Canada, PMDA Japan and Swissmedic).<\/p><div class=\"wp-block-kobu-custom-blocks-responsive-spacer responsive-spacer size-medium\"><\/div><div class=\"wp-block-kobu-custom-blocks-section-wrapper alignfull kobu-section has-background has-quinary-background-color\"><div class=\"wp-block-kobu-custom-blocks-responsive-spacer responsive-spacer size-small\"><\/div>\n\n<div class=\"wp-block-columns two-columns-icon-left is-layout-flex wp-container-core-columns-is-layout-1 wp-block-columns-is-layout-flex\"><div class=\"wp-block-column is-layout-flow wp-block-column-is-layout-flow\"><noscript class=\"loading-lazy\"><figure class=\"wp-block-image size-full is-resized\"><a href=\"https:\/\/www.heartgenetics.com\/files\/uploads\/2022\/05\/heartgenetics-turnaroundtime-icon.png\"><img loading=\"lazy\" decoding=\"async\" src=\"https:\/\/www.heartgenetics.com\/files\/uploads\/2022\/05\/heartgenetics-turnaroundtime-icon.png\" alt=\"10 days Turn around time\" class=\"wp-image-12512\" width=\"108\" height=\"108\" srcset=\"https:\/\/www.heartgenetics.com\/files\/uploads\/2022\/05\/heartgenetics-turnaroundtime-icon.png 300w, https:\/\/www.heartgenetics.com\/files\/uploads\/2022\/05\/heartgenetics-turnaroundtime-icon-150x150.png 150w, https:\/\/www.heartgenetics.com\/files\/uploads\/2022\/05\/heartgenetics-turnaroundtime-icon-100x100.png 100w\" sizes=\"auto, (max-width: 108px) 100vw, 108px\" \/><\/a><\/figure><\/noscript><\/div>\n\n<div class=\"wp-block-column is-layout-flow wp-block-column-is-layout-flow\"><h2 class=\"has-large-font-size wp-block-heading\">Tempo de resposta<\/h2>\n\n<p>15 dias \u00fateis<\/p>\n\n<div style=\"height:20px\" aria-hidden=\"true\" class=\"wp-block-spacer\"><\/div>\n\n<div class=\"wp-block-buttons is-layout-flex wp-block-buttons-is-layout-flex\"><div class=\"wp-block-button\"><a class=\"wp-block-button__link\">Clique aqui para contactar o departamento de vendas<\/a><\/div><\/div><\/div><\/div>\n\n<div class=\"wp-block-kobu-custom-blocks-responsive-spacer responsive-spacer size-small\"><\/div><\/div><div class=\"wp-block-kobu-custom-blocks-responsive-spacer responsive-spacer size-small\"><\/div><h2 class=\"wp-block-heading\">Estudos cient\u00edficos<\/h2><div class=\"wp-block-group is-layout-flow wp-block-group-is-layout-flow\">[1] Bouvy, J.C., De Bruin, M.L. &amp; Koopmanschap, M.A. &#8220;Epidemiology of Adverse Drug Reactions in Europe: A Review of Recent Observational Studies&#8221;. <em>Drug Saf<\/em> 38 (2015): 437\u2013453.<br>[2] Steve Connor (2003) \u201cGlaxo chief: Our drugs do not work on most patients\u201d, Independent\/UK, 8\/12\/2003.<br>[3] Spear, B.B., Heath-Chiozzi, M. &amp; Huff, J., &#8220;Clinical Application of Pharmacogenetics&#8221;. <em>Trends Mol Med<\/em> 7.5 (2001):201-204.<br>[4] B\u00f6hm, R. &amp; Cascorbi, I., &#8220;Pharmacogenetics and Predictive Testing of Drug Hypersensitivity Reactions&#8221;. <em>Front Pharmacol<\/em> 7 (2016): 396.<br>[5] Lauschke, V.M., Milani, L. &amp; Ingelman-Sundberg, M. &#8220;Pharmacogenomic Biomarkers for Improved Drug Therapy\u2014Recent Progress and Future Developments&#8221;. <em>AAPS J<\/em> 20.1 (2018): 4.<br>[6] Gaedigk, Andrea, et al. &#8220;Characterization of Reference Materials for Genetic Testing of CYP2D6 Alleles: A GeT-RM Collaborative Project&#8221;. <em>J Mol Diagn<\/em> 21.6 (2019): 1034-1052.<\/p><\/div>","protected":false},"excerpt":{"rendered":"<p>MyPharmaGenes\u00ae \u00e9 um teste farmacogen\u00e9tico abrangente para a defini\u00e7\u00e3o de uma terap\u00eautica personalizada para o tratamento de patologias nas seguintes \u00e1reas: O teste gen\u00e9tico inclui [&hellip;]<\/p>\n","protected":false},"author":254,"featured_media":12162,"parent":12671,"menu_order":146,"comment_status":"closed","ping_status":"closed","template":"templates\/mygenes.php","meta":{"_acf_changed":false,"footnotes":""},"class_list":["post-15439","page","type-page","status-publish","has-post-thumbnail","hentry"],"acf":[],"aioseo_notices":[],"_links":{"self":[{"href":"https:\/\/www.heartgenetics.com\/pt\/wp-json\/wp\/v2\/pages\/15439","targetHints":{"allow":["GET"]}}],"collection":[{"href":"https:\/\/www.heartgenetics.com\/pt\/wp-json\/wp\/v2\/pages"}],"about":[{"href":"https:\/\/www.heartgenetics.com\/pt\/wp-json\/wp\/v2\/types\/page"}],"author":[{"embeddable":true,"href":"https:\/\/www.heartgenetics.com\/pt\/wp-json\/wp\/v2\/users\/254"}],"replies":[{"embeddable":true,"href":"https:\/\/www.heartgenetics.com\/pt\/wp-json\/wp\/v2\/comments?post=15439"}],"version-history":[{"count":2,"href":"https:\/\/www.heartgenetics.com\/pt\/wp-json\/wp\/v2\/pages\/15439\/revisions"}],"predecessor-version":[{"id":15448,"href":"https:\/\/www.heartgenetics.com\/pt\/wp-json\/wp\/v2\/pages\/15439\/revisions\/15448"}],"up":[{"embeddable":true,"href":"https:\/\/www.heartgenetics.com\/pt\/wp-json\/wp\/v2\/pages\/12671"}],"wp:featuredmedia":[{"embeddable":true,"href":"https:\/\/www.heartgenetics.com\/pt\/wp-json\/wp\/v2\/media\/12162"}],"wp:attachment":[{"href":"https:\/\/www.heartgenetics.com\/pt\/wp-json\/wp\/v2\/media?parent=15439"}],"curies":[{"name":"wp","href":"https:\/\/api.w.org\/{rel}","templated":true}]}}