{"id":14332,"date":"2022-07-18T19:10:01","date_gmt":"2022-07-18T18:10:01","guid":{"rendered":"https:\/\/www.heartgenetics.com\/especialistas\/farmacogenomica\/mypharmagenes-pgx\/"},"modified":"2024-03-12T16:02:27","modified_gmt":"2024-03-12T16:02:27","slug":"p-mypharmagenes-pgx","status":"publish","type":"page","link":"https:\/\/www.heartgenetics.com\/pt\/pacientes\/terapeutica-personalizada\/p-mypharmagenes-pgx\/","title":{"rendered":"MyPharmaGenes\u00ae"},"content":{"rendered":"<h2 class=\"wp-block-heading\">FARMACOGEN\u00c9TICA: VARIABILIDADE NA RESPOSTA A F\u00c1RMACOS<\/h2><p>A gen\u00e9tica contribui para as diferen\u00e7as individuais, n\u00e3o s\u00f3 para caracter\u00edsticas como a altura ou a cor de pele, mas tamb\u00e9m a n\u00edvel farmacol\u00f3gico. A farmacogen\u00e9tica estuda a <strong>rela\u00e7\u00e3o entre a variabilidade gen\u00e9tica e a forma como respondemos aos f\u00e1rmacos<\/strong>. Esta informa\u00e7\u00e3o auxilia os m\u00e9dicos na gest\u00e3o terap\u00eautica, isto \u00e9, na escolha de princ\u00edpios ativos e adequa\u00e7\u00e3o de dose. O objetivo final desta abordagem \u00e9 <strong>maximizar o efeito terap\u00eautico<\/strong> e <strong>minimizar o risco de efeitos secund\u00e1rios<\/strong>.<\/p><noscript class=\"loading-lazy\"><figure class=\"wp-block-image aligncenter size-large is-resized\"><img loading=\"lazy\" decoding=\"async\" src=\"https:\/\/www.heartgenetics.com\/files\/uploads\/2023\/04\/foto-svg-mypharmagenes-website.svg\" alt=\"\" class=\"wp-image-15455\" width=\"409\" height=\"310\"\/><\/figure><\/noscript><div class=\"wp-block-group is-layout-flow wp-block-group-is-layout-flow\"><noscript class=\"loading-lazy\"><figure class=\"wp-block-image aligncenter size-large is-resized\"><img decoding=\"async\" src=\"https:\/\/www.heartgenetics.com\/files\/uploads\/2022\/07\/mypharmagenes-1.svg\" alt=\"\" class=\"wp-image-13797\" width=\"341\"\/><\/figure><\/noscript><\/div><div class=\"wp-block-kobu-custom-blocks-responsive-spacer responsive-spacer size-small\"><\/div><p>MyPharmaGenes\u00ae \u00e9 um teste farmacogen\u00e9tico abrangente para a defini\u00e7\u00e3o de uma <strong>terap\u00eautica personalizada<\/strong>. Os marcadores estudados neste teste guiam o m\u00e9dico na gest\u00e3o terap\u00eautica enquadrada nas seguintes \u00e1reas m\u00e9dicas:<\/p><div class=\"wp-block-kobu-custom-blocks-responsive-spacer responsive-spacer size-small\"><\/div><div class=\"multiple-row-columns aligndefault has-4-columns has-style-simplecenter\">\n\t\t<div class=\"multiple-row-columns-wrapper\" data-columns=\"4\">\n\t\t\t\t\t\t\t<div class=\"column\">\n\t\t\t\t\t\n\t\t\t\t\t\t\t\t\t\t\t<noscript class=\"loading-lazy\">\t\t\t\t\t\t<img loading=\"lazy\" decoding=\"async\" width=\"529\" height=\"522\" src=\"https:\/\/www.heartgenetics.com\/files\/uploads\/2023\/07\/psychiatry-pdf.jpg\" class=\"attachment-medium_large size-medium_large\" alt=\"\" \/>\t\t\t\t\t\t<\/noscript>\t\t\t\t\t\n\t\t\t\t\t\t\t\t\t\t\t<div class=\"description\"><p>Psiquiatria<\/p>\n<\/div>\n\t\t\t\t\t\n\t\t\t\t\t\t\t\t\t<\/div>\n\t\t\t\t\t\t\t<div class=\"column\">\n\t\t\t\t\t\n\t\t\t\t\t\t\t\t\t\t\t<noscript class=\"loading-lazy\">\t\t\t\t\t\t<img loading=\"lazy\" decoding=\"async\" width=\"397\" height=\"392\" src=\"https:\/\/www.heartgenetics.com\/files\/uploads\/2023\/07\/neurology-pdf.jpg\" class=\"attachment-medium_large size-medium_large\" alt=\"\" \/>\t\t\t\t\t\t<\/noscript>\t\t\t\t\t\n\t\t\t\t\t\t\t\t\t\t\t<div class=\"description\"><p>Neurologia<\/p>\n<\/div>\n\t\t\t\t\t\n\t\t\t\t\t\t\t\t\t<\/div>\n\t\t\t\t\t\t\t<div class=\"column\">\n\t\t\t\t\t\n\t\t\t\t\t\t\t\t\t\t\t<noscript class=\"loading-lazy\">\t\t\t\t\t\t<img loading=\"lazy\" decoding=\"async\" width=\"283\" height=\"283\" src=\"https:\/\/www.heartgenetics.com\/files\/uploads\/2023\/07\/pain_management-pdf.jpg\" class=\"attachment-medium_large size-medium_large\" alt=\"\" \/>\t\t\t\t\t\t<\/noscript>\t\t\t\t\t\n\t\t\t\t\t\t\t\t\t\t\t<div class=\"description\"><p>Gest\u00e3o da dor<\/p>\n<\/div>\n\t\t\t\t\t\n\t\t\t\t\t\t\t\t\t<\/div>\n\t\t\t\t\t\t\t<div class=\"column\">\n\t\t\t\t\t\n\t\t\t\t\t\t\t\t\t\t\t<noscript class=\"loading-lazy\">\t\t\t\t\t\t<img loading=\"lazy\" decoding=\"async\" width=\"529\" height=\"522\" src=\"https:\/\/www.heartgenetics.com\/files\/uploads\/2023\/07\/cardiovascular-pdf.jpg\" class=\"attachment-medium_large size-medium_large\" alt=\"\" \/>\t\t\t\t\t\t<\/noscript>\t\t\t\t\t\n\t\t\t\t\t\t\t\t\t\t\t<div class=\"description\"><p>Cardiologia<\/p>\n<\/div>\n\t\t\t\t\t\n\t\t\t\t\t\t\t\t\t<\/div>\n\t\t\t\t\t\t\t<div class=\"column\">\n\t\t\t\t\t\n\t\t\t\t\t\t\t\t\t\t\t<noscript class=\"loading-lazy\">\t\t\t\t\t\t<img loading=\"lazy\" decoding=\"async\" width=\"529\" height=\"522\" src=\"https:\/\/www.heartgenetics.com\/files\/uploads\/2023\/07\/oncology-pdf.jpg\" class=\"attachment-medium_large size-medium_large\" alt=\"\" \/>\t\t\t\t\t\t<\/noscript>\t\t\t\t\t\n\t\t\t\t\t\t\t\t\t\t\t<div class=\"description\"><p>Oncologia<\/p>\n<\/div>\n\t\t\t\t\t\n\t\t\t\t\t\t\t\t\t<\/div>\n\t\t\t\t\t\t\t<div class=\"column\">\n\t\t\t\t\t\n\t\t\t\t\t\t\t\t\t\t\t<noscript class=\"loading-lazy\">\t\t\t\t\t\t<img loading=\"lazy\" decoding=\"async\" width=\"213\" height=\"213\" src=\"https:\/\/www.heartgenetics.com\/files\/uploads\/2023\/07\/gastroenterology-pdf.jpg\" class=\"attachment-medium_large size-medium_large\" alt=\"\" \/>\t\t\t\t\t\t<\/noscript>\t\t\t\t\t\n\t\t\t\t\t\t\t\t\t\t\t<div class=\"description\"><p>Gastroenterologia<\/p>\n<\/div>\n\t\t\t\t\t\n\t\t\t\t\t\t\t\t\t<\/div>\n\t\t\t\t\t\t\t<div class=\"column\">\n\t\t\t\t\t\n\t\t\t\t\t\t\t\t\t\t\t<noscript class=\"loading-lazy\">\t\t\t\t\t\t<img loading=\"lazy\" decoding=\"async\" width=\"283\" height=\"283\" src=\"https:\/\/www.heartgenetics.com\/files\/uploads\/2023\/07\/immunosuppression-pdf.jpg\" class=\"attachment-medium_large size-medium_large\" alt=\"\" \/>\t\t\t\t\t\t<\/noscript>\t\t\t\t\t\n\t\t\t\t\t\t\t\t\t\t\t<div class=\"description\"><p>Imunossupress\u00e3o<\/p>\n<\/div>\n\t\t\t\t\t\n\t\t\t\t\t\t\t\t\t<\/div>\n\t\t\t\t\t\t\t<div class=\"column\">\n\t\t\t\t\t\n\t\t\t\t\t\t\t\t\t\t\t<noscript class=\"loading-lazy\">\t\t\t\t\t\t<img loading=\"lazy\" decoding=\"async\" width=\"277\" height=\"277\" src=\"https:\/\/www.heartgenetics.com\/files\/uploads\/2023\/07\/rheumatology-pdf.jpg\" class=\"attachment-medium_large size-medium_large\" alt=\"\" \/>\t\t\t\t\t\t<\/noscript>\t\t\t\t\t\n\t\t\t\t\t\t\t\t\t\t\t<div class=\"description\"><p>Reumatologia<\/p>\n<\/div>\n\t\t\t\t\t\n\t\t\t\t\t\t\t\t\t<\/div>\n\t\t\t\t\t\t\t<div class=\"column\">\n\t\t\t\t\t\n\t\t\t\t\t\t\t\t\t\t\t<noscript class=\"loading-lazy\">\t\t\t\t\t\t<img loading=\"lazy\" decoding=\"async\" width=\"277\" height=\"277\" src=\"https:\/\/www.heartgenetics.com\/files\/uploads\/2023\/07\/urology-pdf.jpg\" class=\"attachment-medium_large size-medium_large\" alt=\"\" \/>\t\t\t\t\t\t<\/noscript>\t\t\t\t\t\n\t\t\t\t\t\t\t\t\t\t\t<div class=\"description\"><p>Urologia<\/p>\n<\/div>\n\t\t\t\t\t\n\t\t\t\t\t\t\t\t\t<\/div>\n\t\t\t\t\t\t\t<div class=\"column\">\n\t\t\t\t\t\n\t\t\t\t\t\t\t\t\t\t\t<noscript class=\"loading-lazy\">\t\t\t\t\t\t<img loading=\"lazy\" decoding=\"async\" width=\"277\" height=\"277\" src=\"https:\/\/www.heartgenetics.com\/files\/uploads\/2023\/07\/infectiology-pdf.jpg\" class=\"attachment-medium_large size-medium_large\" alt=\"\" \/>\t\t\t\t\t\t<\/noscript>\t\t\t\t\t\n\t\t\t\t\t\t\t\t\t\t\t<div class=\"description\"><p>Infecciologia<\/p>\n<\/div>\n\t\t\t\t\t\n\t\t\t\t\t\t\t\t\t<\/div>\n\t\t\t\t\t<\/div>\n\t<\/div><div class=\"wp-block-kobu-custom-blocks-responsive-spacer responsive-spacer size-small\"><\/div><div class=\"wp-block-kobu-custom-blocks-responsive-spacer responsive-spacer size-small\"><\/div><div class=\"wp-block-kobu-custom-blocks-inner-content-img media-content-group child-item align-right valign-start img-last\"><div class=\"content-col\"><div class=\"content-col-wrapper\"><h2 class=\"wp-block-heading\">Uma WebApp interativa<\/h2>\n\n<p>O teste MyPharmaGenes\u00ae \u00e9 acompanhado por uma WebApp interativa que permite:<\/p>\n\n<ul class=\"wp-block-list\"><li>Gerir a carteira de f\u00e1rmacos do paciente;<\/li><li>Registar f\u00e1rmacos que tenham desencadeado efeitos secund\u00e1rios;<\/li><li>Acesso facilitado aos resultados do teste;<\/li><li>Encontrar informa\u00e7\u00e3o mais espec\u00edfica sobre os genes avaliados.<\/li><\/ul><\/div><\/div><div class=\"media-col\"><figure><noscript class=\"loading-lazy\"><img loading=\"lazy\" decoding=\"async\" width=\"790\" height=\"1140\" class=\"wp-image-15573\" src=\"https:\/\/www.heartgenetics.com\/files\/uploads\/2023\/07\/PGXHG2_webapp_intro_pt_PT.png\" alt=\"mobile phone showing the webapp\" title=\"PGXHG2_webapp_intro_pt_PT\" sizes=\"auto, (min-width: 1201px) 35vw, (min-width: 601px) 50vw, 100vw\" srcset=\"https:\/\/www.heartgenetics.com\/files\/uploads\/2023\/07\/PGXHG2_webapp_intro_pt_PT.png 790w, https:\/\/www.heartgenetics.com\/files\/uploads\/2023\/07\/PGXHG2_webapp_intro_pt_PT-208x300.png 208w, https:\/\/www.heartgenetics.com\/files\/uploads\/2023\/07\/PGXHG2_webapp_intro_pt_PT-710x1024.png 710w, https:\/\/www.heartgenetics.com\/files\/uploads\/2023\/07\/PGXHG2_webapp_intro_pt_PT-768x1108.png 768w, https:\/\/www.heartgenetics.com\/files\/uploads\/2023\/07\/PGXHG2_webapp_intro_pt_PT-600x866.png 600w\" \/><\/noscript><\/figure><\/div><\/div><div class=\"wp-block-kobu-custom-blocks-responsive-spacer responsive-spacer size-small\"><\/div><h3 class=\"wp-block-heading\">MyPharmaGenes\u00ae est\u00e1 indicado para:<\/h3><ul class=\"wp-block-list\"><li>Pacientes que estejam a iniciar novas terap\u00eauticas;<\/li><li>Os doentes que n\u00e3o estejam a alcan\u00e7ar os objetivos terap\u00eauticos e\/ou que experienciem efeitos adversos moderados a graves com a terap\u00eautica atual.<\/li><\/ul><div class=\"wp-block-kobu-custom-blocks-responsive-spacer responsive-spacer size-small\"><\/div><h2 class=\"wp-block-heading\">O que \u00e9 analisado?<\/h2><p>O teste MyPharmaGenes\u00ae analisa variantes gen\u00e9ticas associadas ao metabolismo e resposta a certos medicamentos, cientificamente validados e com utilidade cl\u00ednica comprovada.<\/p><h3 class=\"wp-block-heading\">DESTAQUES do teste MyPharmaGenes\u00ae:<\/h3><ul class=\"wp-block-list\"><li>Avalia\u00e7\u00e3o de 85 variantes gen\u00e9ticas e de 28 genes;<\/li><li>Avalia\u00e7\u00e3o do n\u00famero de c\u00f3pias do gene<em> CYP2D6<\/em> e estruturas h\u00edbridas<em> CYP2D6-2D7<\/em>.<\/li><\/ul><p>Com base nesta informa\u00e7\u00e3o \u00e9 poss\u00edvel: <\/p><ul class=\"wp-block-list\"><li>Avaliar a resposta a <strong>121 princ\u00edpios ativos<\/strong>;<\/li><li>Adequa\u00e7\u00e3o de doses de acordo com diretrizes de sociedades profissionais;<\/li><li>Prevenir rea\u00e7\u00f5es adversas;<\/li><li>Selecionar terap\u00eautica alternativa, se necess\u00e1rio.<\/li><\/ul><p>E, consequentemente, <strong>oferecer um melhor tratamento a mais pacientes<\/strong>.<\/p><div class=\"wp-block-kobu-custom-blocks-responsive-spacer responsive-spacer size-small\"><\/div><div class=\"wp-block-kobu-custom-blocks-responsive-spacer responsive-spacer size-small\"><\/div><h3 class=\"wp-block-heading\">princ\u00edpios ativos avaliados por \u00e1rea terap\u00eautica <\/h3><div class=\"wp-block-kobu-custom-blocks-responsive-spacer responsive-spacer size-small\"><\/div><div class=\"accordion \">\n            <dl id=\"accordion-group-accordion-group-69e667d3a3ec9\" role=\"presentation\">\n                                <dt aria-level=\"3\" class=\" open\" data-index=\"0\">\n                        <button aria-expanded=\"true\" class=\"accordion-trigger\" aria-controls=\"accordion-content0-accordion-group-69e667d3a3ec9\" id=\"accordion-trigger0-accordion-group-69e667d3a3ec9\" type=\"button\">\n                            <span class=\"accordion-title\">Psiquiatria<\/span>\n                        <\/button>\n                    <\/dt>\n                    <dd id=\"accordion-content0-accordion-group-69e667d3a3ec9\" aria-labelledby=\"accordion-trigger0-accordion-group-69e667d3a3ec9\" class=\"accordion-panel\" style=\"display: block;\">\n                        <div class=\"accordion-content\">\n                            <p>Amitriptilina, Amoxapina, Anfetamina, Aripiprazol, Atomoxetina, Brexpiprazol, Bupropiom, Citalopram, Clobazam, Clomipramina, Desipramina, Diazepam, Doxepina, Escitalopram, Flibanserina, Fluvoxamina, Haloperidol, Iloperidona, Imipramina, Nortriptilina, Paroxetina, Perfenazina, Pimozida, Protriptilina, Quetiapina, Risperidona, Sertindol, Sertralina, Tioridazina, Trimipramina, Venlafaxina, Vortioxetina, Zuclopentixol<\/p>\n                        <\/div>\n                    <\/dd>\n                                <dt aria-level=\"3\" class=\"\" data-index=\"1\">\n                        <button aria-expanded=\"false\" class=\"accordion-trigger\" aria-controls=\"accordion-content1-accordion-group-69e667d3a3ec9\" id=\"accordion-trigger1-accordion-group-69e667d3a3ec9\" type=\"button\">\n                            <span class=\"accordion-title\">Neurologia<\/span>\n                        <\/button>\n                    <\/dt>\n                    <dd id=\"accordion-content1-accordion-group-69e667d3a3ec9\" aria-labelledby=\"accordion-trigger1-accordion-group-69e667d3a3ec9\" class=\"accordion-panel\" >\n                        <div class=\"accordion-content\">\n                            <p>Brivaracetam, Carbamazepina, Deutetrabenazina, Donepezilo, Eliglustato, Fenito\u00edna, Fosfenito\u00edna, Galantamina, Lamotrigina, Meclozina, Oxcarbazepina, Pitolisant, Siponimod, Tetrabenazina, Tolperisona, Valbenazina<\/p>\n                        <\/div>\n                    <\/dd>\n                                <dt aria-level=\"3\" class=\"\" data-index=\"2\">\n                        <button aria-expanded=\"false\" class=\"accordion-trigger\" aria-controls=\"accordion-content2-accordion-group-69e667d3a3ec9\" id=\"accordion-trigger2-accordion-group-69e667d3a3ec9\" type=\"button\">\n                            <span class=\"accordion-title\">Gest\u00e3o da dor<\/span>\n                        <\/button>\n                    <\/dt>\n                    <dd id=\"accordion-content2-accordion-group-69e667d3a3ec9\" aria-labelledby=\"accordion-trigger2-accordion-group-69e667d3a3ec9\" class=\"accordion-panel\" >\n                        <div class=\"accordion-content\">\n                            <p>Carisoprodol, Celecoxib, Code\u00edna, Flurbiprofeno, Hidrocodona, Ibuprofeno, Lofexidina, Lornoxicam, Meloxicam, Metadona, Oliceridina, Piroxicam, Tenoxicam, Tramadol<\/p>\n                        <\/div>\n                    <\/dd>\n                                <dt aria-level=\"3\" class=\"\" data-index=\"3\">\n                        <button aria-expanded=\"false\" class=\"accordion-trigger\" aria-controls=\"accordion-content3-accordion-group-69e667d3a3ec9\" id=\"accordion-trigger3-accordion-group-69e667d3a3ec9\" type=\"button\">\n                            <span class=\"accordion-title\">Cardiologia<\/span>\n                        <\/button>\n                    <\/dt>\n                    <dd id=\"accordion-content3-accordion-group-69e667d3a3ec9\" aria-labelledby=\"accordion-trigger3-accordion-group-69e667d3a3ec9\" class=\"accordion-panel\" >\n                        <div class=\"accordion-content\">\n                            <p>Acenocumarol, Atorvastatina, Clopidogrel, Etinilestradiol, Fenprocoumon, Flecainida, Fluvastatina, Hidroclorotiazida, Losartan, Lovastatina, Metoprolol, Pitavastatina, Pravastatina, Propafenona, Ranolazina, Rivaroxabano, Rosuvastatina, Sinvastatina, Varfarina<\/p>\n                        <\/div>\n                    <\/dd>\n                                <dt aria-level=\"3\" class=\"\" data-index=\"4\">\n                        <button aria-expanded=\"false\" class=\"accordion-trigger\" aria-controls=\"accordion-content4-accordion-group-69e667d3a3ec9\" id=\"accordion-trigger4-accordion-group-69e667d3a3ec9\" type=\"button\">\n                            <span class=\"accordion-title\">Oncologia<\/span>\n                        <\/button>\n                    <\/dt>\n                    <dd id=\"accordion-content4-accordion-group-69e667d3a3ec9\" aria-labelledby=\"accordion-trigger4-accordion-group-69e667d3a3ec9\" class=\"accordion-panel\" >\n                        <div class=\"accordion-content\">\n                            <p>Capecitabina, Cisplatina, Erlotinib, Fluorouracilo, Irinotecano, Mercaptopurina, Ondansetrom, Pazopanib, SN-38, Tamoxifeno, Tegafur, Tioguanina, Tropissetrom<\/p>\n                        <\/div>\n                    <\/dd>\n                                <dt aria-level=\"3\" class=\"\" data-index=\"5\">\n                        <button aria-expanded=\"false\" class=\"accordion-trigger\" aria-controls=\"accordion-content5-accordion-group-69e667d3a3ec9\" id=\"accordion-trigger5-accordion-group-69e667d3a3ec9\" type=\"button\">\n                            <span class=\"accordion-title\">Gastroenterologia<\/span>\n                        <\/button>\n                    <\/dt>\n                    <dd id=\"accordion-content5-accordion-group-69e667d3a3ec9\" aria-labelledby=\"accordion-trigger5-accordion-group-69e667d3a3ec9\" class=\"accordion-panel\" >\n                        <div class=\"accordion-content\">\n                            <p>Dexlansoprazol, Dronabinol, Lansoprazol, Metoclopramida, Omeprazol, Pantoprazol, Rabeprazol<\/p>\n                        <\/div>\n                    <\/dd>\n                                <dt aria-level=\"3\" class=\"\" data-index=\"6\">\n                        <button aria-expanded=\"false\" class=\"accordion-trigger\" aria-controls=\"accordion-content6-accordion-group-69e667d3a3ec9\" id=\"accordion-trigger6-accordion-group-69e667d3a3ec9\" type=\"button\">\n                            <span class=\"accordion-title\">Imunossupress\u00e3o<\/span>\n                        <\/button>\n                    <\/dt>\n                    <dd id=\"accordion-content6-accordion-group-69e667d3a3ec9\" aria-labelledby=\"accordion-trigger6-accordion-group-69e667d3a3ec9\" class=\"accordion-panel\" >\n                        <div class=\"accordion-content\">\n                            <p>Azatioprina, Etanercept, Metotrexato, Tacrol\u00edmus<\/p>\n                        <\/div>\n                    <\/dd>\n                                <dt aria-level=\"3\" class=\"\" data-index=\"7\">\n                        <button aria-expanded=\"false\" class=\"accordion-trigger\" aria-controls=\"accordion-content7-accordion-group-69e667d3a3ec9\" id=\"accordion-trigger7-accordion-group-69e667d3a3ec9\" type=\"button\">\n                            <span class=\"accordion-title\">Reumatologia<\/span>\n                        <\/button>\n                    <\/dt>\n                    <dd id=\"accordion-content7-accordion-group-69e667d3a3ec9\" aria-labelledby=\"accordion-trigger7-accordion-group-69e667d3a3ec9\" class=\"accordion-panel\" >\n                        <div class=\"accordion-content\">\n                            <p>Lesinurad<\/p>\n                        <\/div>\n                    <\/dd>\n                                <dt aria-level=\"3\" class=\"\" data-index=\"8\">\n                        <button aria-expanded=\"false\" class=\"accordion-trigger\" aria-controls=\"accordion-content8-accordion-group-69e667d3a3ec9\" id=\"accordion-trigger8-accordion-group-69e667d3a3ec9\" type=\"button\">\n                            <span class=\"accordion-title\">Urologia<\/span>\n                        <\/button>\n                    <\/dt>\n                    <dd id=\"accordion-content8-accordion-group-69e667d3a3ec9\" aria-labelledby=\"accordion-trigger8-accordion-group-69e667d3a3ec9\" class=\"accordion-panel\" >\n                        <div class=\"accordion-content\">\n                            <p>Darifenacina, Fesoterodina, Mirabegrom, Tansulosina, Tolterodina<\/p>\n                        <\/div>\n                    <\/dd>\n                                <dt aria-level=\"3\" class=\"\" data-index=\"9\">\n                        <button aria-expanded=\"false\" class=\"accordion-trigger\" aria-controls=\"accordion-content9-accordion-group-69e667d3a3ec9\" id=\"accordion-trigger9-accordion-group-69e667d3a3ec9\" type=\"button\">\n                            <span class=\"accordion-title\">Infecciologia<\/span>\n                        <\/button>\n                    <\/dt>\n                    <dd id=\"accordion-content9-accordion-group-69e667d3a3ec9\" aria-labelledby=\"accordion-trigger9-accordion-group-69e667d3a3ec9\" class=\"accordion-panel\" >\n                        <div class=\"accordion-content\">\n                            <p>Abacavir, Atazanavir, Efavirenz, Flucitosina, Flucloxacilina, Nevirapina, PEG interfer\u00e3o alfa + ribavirina, Ombitasvir + paritaprevir + ritonavir, Voriconazol<\/p>\n                        <\/div>\n                    <\/dd>\n                    <\/dl>\n    <\/div><p><\/p><div class=\"wp-block-kobu-custom-blocks-responsive-spacer responsive-spacer size-medium\"><\/div><div class=\"wp-block-kobu-custom-blocks-section-wrapper alignfull kobu-section has-background has-quinary-background-color\"><div class=\"wp-block-kobu-custom-blocks-responsive-spacer responsive-spacer size-small\"><\/div>\n\n<div class=\"wp-block-columns two-columns-icon-left is-layout-flex wp-container-core-columns-is-layout-1 wp-block-columns-is-layout-flex\"><div class=\"wp-block-column is-layout-flow wp-block-column-is-layout-flow\"><noscript class=\"loading-lazy\"><figure class=\"wp-block-image size-full is-resized\"><a href=\"https:\/\/www.heartgenetics.com\/files\/uploads\/2022\/05\/heartgenetics-turnaroundtime-icon.png\"><img loading=\"lazy\" decoding=\"async\" src=\"https:\/\/www.heartgenetics.com\/files\/uploads\/2022\/05\/heartgenetics-turnaroundtime-icon.png\" alt=\"10 days Turn around time\" class=\"wp-image-12512\" width=\"108\" height=\"108\" srcset=\"https:\/\/www.heartgenetics.com\/files\/uploads\/2022\/05\/heartgenetics-turnaroundtime-icon.png 300w, https:\/\/www.heartgenetics.com\/files\/uploads\/2022\/05\/heartgenetics-turnaroundtime-icon-150x150.png 150w, https:\/\/www.heartgenetics.com\/files\/uploads\/2022\/05\/heartgenetics-turnaroundtime-icon-100x100.png 100w\" sizes=\"auto, (max-width: 108px) 100vw, 108px\" \/><\/a><\/figure><\/noscript><\/div>\n\n<div class=\"wp-block-column is-layout-flow wp-block-column-is-layout-flow\"><h2 class=\"has-large-font-size wp-block-heading\">Tempo de resposta<\/h2>\n\n<p>15 dias \u00fateis<\/p>\n\n<div style=\"height:20px\" aria-hidden=\"true\" class=\"wp-block-spacer\"><\/div>\n\n<div class=\"wp-block-buttons is-layout-flex wp-block-buttons-is-layout-flex\"><div class=\"wp-block-button\"><a class=\"wp-block-button__link\">Clique aqui para contactar o departamento de vendas<\/a><\/div><\/div><\/div><\/div>\n\n<div class=\"wp-block-kobu-custom-blocks-responsive-spacer responsive-spacer size-small\"><\/div><\/div><div class=\"wp-block-kobu-custom-blocks-responsive-spacer responsive-spacer size-small\"><\/div><div class=\"wp-block-group is-layout-flow wp-block-group-is-layout-flow\"><\/div>","protected":false},"excerpt":{"rendered":"<p>FARMACOGEN\u00c9TICA: VARIABILIDADE NA RESPOSTA A F\u00c1RMACOS A gen\u00e9tica contribui para as diferen\u00e7as individuais, n\u00e3o s\u00f3 para caracter\u00edsticas como a altura ou a cor de pele, [&hellip;]<\/p>\n","protected":false},"author":68,"featured_media":12162,"parent":15287,"menu_order":146,"comment_status":"closed","ping_status":"closed","template":"templates\/mygenes.php","meta":{"_acf_changed":false,"footnotes":""},"class_list":["post-14332","page","type-page","status-publish","has-post-thumbnail","hentry"],"acf":[],"aioseo_notices":[],"_links":{"self":[{"href":"https:\/\/www.heartgenetics.com\/pt\/wp-json\/wp\/v2\/pages\/14332","targetHints":{"allow":["GET"]}}],"collection":[{"href":"https:\/\/www.heartgenetics.com\/pt\/wp-json\/wp\/v2\/pages"}],"about":[{"href":"https:\/\/www.heartgenetics.com\/pt\/wp-json\/wp\/v2\/types\/page"}],"author":[{"embeddable":true,"href":"https:\/\/www.heartgenetics.com\/pt\/wp-json\/wp\/v2\/users\/68"}],"replies":[{"embeddable":true,"href":"https:\/\/www.heartgenetics.com\/pt\/wp-json\/wp\/v2\/comments?post=14332"}],"version-history":[{"count":46,"href":"https:\/\/www.heartgenetics.com\/pt\/wp-json\/wp\/v2\/pages\/14332\/revisions"}],"predecessor-version":[{"id":15722,"href":"https:\/\/www.heartgenetics.com\/pt\/wp-json\/wp\/v2\/pages\/14332\/revisions\/15722"}],"up":[{"embeddable":true,"href":"https:\/\/www.heartgenetics.com\/pt\/wp-json\/wp\/v2\/pages\/15287"}],"wp:featuredmedia":[{"embeddable":true,"href":"https:\/\/www.heartgenetics.com\/pt\/wp-json\/wp\/v2\/media\/12162"}],"wp:attachment":[{"href":"https:\/\/www.heartgenetics.com\/pt\/wp-json\/wp\/v2\/media?parent=14332"}],"curies":[{"name":"wp","href":"https:\/\/api.w.org\/{rel}","templated":true}]}}