{"id":14330,"date":"2022-07-18T19:05:49","date_gmt":"2022-07-18T18:05:49","guid":{"rendered":"https:\/\/www.heartgenetics.com\/especialistas\/genetica-preventiva\/myvitdgenes\/"},"modified":"2024-03-14T10:53:43","modified_gmt":"2024-03-14T10:53:43","slug":"myvitdgenes","status":"publish","type":"page","link":"https:\/\/www.heartgenetics.com\/pt\/especialistas\/genetica-preventiva\/myvitdgenes\/","title":{"rendered":"MyVitDGenes\u00ae"},"content":{"rendered":"<h2 class=\"wp-block-heading\"><strong>VITAMINA D: A SUPERVITAMINA<\/strong><\/h2><p>Embora seja poss\u00edvel obter vitamina D a partir da exposi\u00e7\u00e3o solar e da alimenta\u00e7\u00e3o, a defici\u00eancia nesta vitamina \u00e9 muito frequente e \u00e9 considerada um fator de risco para diversas patologias cr\u00f3nicas, como a hipertens\u00e3o arterial. A vitamina D tem um papel relevante ao n\u00edvel do sistema esquel\u00e9tico, da imunidade e da fertilidade. Em particular, a vitamina D est\u00e1 associada a:<\/p><div class=\"wp-block-kobu-custom-blocks-responsive-spacer responsive-spacer size-medium\"><\/div><div class=\"multiple-row-columns aligndefault has-4-columns has-style-simplecenter aligncenter\">\n\t\t<div class=\"multiple-row-columns-wrapper\" data-columns=\"4\">\n\t\t\t\t\t\t\t<div class=\"column\">\n\t\t\t\t\t\n\t\t\t\t\t\t\t\t\t\t\t<noscript class=\"loading-lazy\">\t\t\t\t\t\t<img loading=\"lazy\" decoding=\"async\" width=\"517\" height=\"511\" src=\"https:\/\/www.heartgenetics.com\/files\/uploads\/2021\/05\/Icon_DensidadeMineralOssea-ColorRGB.png\" class=\"attachment-medium_large size-medium_large\" alt=\"\" srcset=\"https:\/\/www.heartgenetics.com\/files\/uploads\/2021\/05\/Icon_DensidadeMineralOssea-ColorRGB.png 517w, https:\/\/www.heartgenetics.com\/files\/uploads\/2021\/05\/Icon_DensidadeMineralOssea-ColorRGB-100x100.png 100w, https:\/\/www.heartgenetics.com\/files\/uploads\/2021\/05\/Icon_DensidadeMineralOssea-ColorRGB-300x297.png 300w\" sizes=\"auto, (max-width: 517px) 100vw, 517px\" \/>\t\t\t\t\t\t<\/noscript>\t\t\t\t\t\n\t\t\t\t\t\t\t\t\t\t\t<div class=\"description\"><p>Manuten\u00e7\u00e3o da densidade mineral \u00f3ssea adequada<\/p>\n<\/div>\n\t\t\t\t\t\n\t\t\t\t\t\t\t\t\t<\/div>\n\t\t\t\t\t\t\t<div class=\"column\">\n\t\t\t\t\t\n\t\t\t\t\t\t\t\t\t\t\t<noscript class=\"loading-lazy\">\t\t\t\t\t\t<img loading=\"lazy\" decoding=\"async\" width=\"517\" height=\"511\" src=\"https:\/\/www.heartgenetics.com\/files\/uploads\/2021\/05\/Icon_ProtecaoContraInfecoes-ColorRGB.png\" class=\"attachment-medium_large size-medium_large\" alt=\"\" srcset=\"https:\/\/www.heartgenetics.com\/files\/uploads\/2021\/05\/Icon_ProtecaoContraInfecoes-ColorRGB.png 517w, https:\/\/www.heartgenetics.com\/files\/uploads\/2021\/05\/Icon_ProtecaoContraInfecoes-ColorRGB-100x100.png 100w, https:\/\/www.heartgenetics.com\/files\/uploads\/2021\/05\/Icon_ProtecaoContraInfecoes-ColorRGB-300x297.png 300w\" sizes=\"auto, (max-width: 517px) 100vw, 517px\" \/>\t\t\t\t\t\t<\/noscript>\t\t\t\t\t\n\t\t\t\t\t\t\t\t\t\t\t<div class=\"description\"><p>Prote\u00e7\u00e3o contra infec\u00e7\u00f5es<\/p>\n<\/div>\n\t\t\t\t\t\n\t\t\t\t\t\t\t\t\t<\/div>\n\t\t\t\t\t\t\t<div class=\"column\">\n\t\t\t\t\t\n\t\t\t\t\t\t\t\t\t\t\t<noscript class=\"loading-lazy\">\t\t\t\t\t\t<img loading=\"lazy\" decoding=\"async\" width=\"524\" height=\"518\" src=\"https:\/\/www.heartgenetics.com\/files\/uploads\/2021\/05\/Icon_Fertilidade-ColorRGB.png\" class=\"attachment-medium_large size-medium_large\" alt=\"\" srcset=\"https:\/\/www.heartgenetics.com\/files\/uploads\/2021\/05\/Icon_Fertilidade-ColorRGB.png 524w, https:\/\/www.heartgenetics.com\/files\/uploads\/2021\/05\/Icon_Fertilidade-ColorRGB-100x100.png 100w, https:\/\/www.heartgenetics.com\/files\/uploads\/2021\/05\/Icon_Fertilidade-ColorRGB-300x297.png 300w\" sizes=\"auto, (max-width: 524px) 100vw, 524px\" \/>\t\t\t\t\t\t<\/noscript>\t\t\t\t\t\n\t\t\t\t\t\t\t\t\t\t\t<div class=\"description\"><p>Um efeito regulador da fertilidade<\/p>\n<\/div>\n\t\t\t\t\t\n\t\t\t\t\t\t\t\t\t<\/div>\n\t\t\t\t\t<\/div>\n\t<\/div><div class=\"wp-block-kobu-custom-blocks-responsive-spacer responsive-spacer size-medium\"><\/div><div class=\"wp-block-kobu-custom-blocks-responsive-spacer responsive-spacer size-medium\"><\/div><div class=\"wp-block-kobu-custom-blocks-inner-content-img alignwide media-content-group child-item align-right valign-start img-last\"><div class=\"content-col\"><div class=\"content-col-wrapper\"><noscript class=\"loading-lazy\"><figure class=\"wp-block-image size-large is-resized\"><img loading=\"lazy\" decoding=\"async\" src=\"https:\/\/www.heartgenetics.com\/files\/uploads\/2022\/07\/myvitdgenes-1.svg\" alt=\"\" class=\"wp-image-13800\" width=\"294\" height=\"70\"\/><\/figure><\/noscript>\n\n<p>O teste MyVitDGenes\u00ae estuda a predisposi\u00e7\u00e3o gen\u00e9tica para a defici\u00eancia de vitamina D e tamb\u00e9m variantes gen\u00e9ticas que influenciam a fun\u00e7\u00e3o do seu recetor nas c\u00e9lulas, imprescind\u00edvel \u00e0 a\u00e7\u00e3o desta vitamina. Em indiv\u00edduos com maior suscetibilidade gen\u00e9tica torna-se particularmente relevante:<\/p>\n\n<ul class=\"wp-block-list\"><li>realizar a quantifica\u00e7\u00e3o bioqu\u00edmica com maior frequ\u00eancia,<\/li><li>aumentar a exposi\u00e7\u00e3o solar (respons\u00e1vel),<\/li><li>assegurar a ingest\u00e3o adequada de boas fontes alimentares de vitamina D, e\/ou<\/li><li>tomar suplementos, quando necess\u00e1rio.<\/li><\/ul>\n\n<p><strong>O relat\u00f3rio do teste MyVitDGenes\u00ae fornece recomenda\u00e7\u00f5es acion\u00e1veis e personalizadas para minimizar o risco de defici\u00eancia de vitamina D e os seus consequentes efeitos negativos.<\/strong><\/p><\/div><\/div><div class=\"media-col\"><figure><noscript class=\"loading-lazy\"><img loading=\"lazy\" decoding=\"async\" width=\"570\" height=\"510\" class=\"wp-image-13765\" src=\"https:\/\/www.heartgenetics.com\/files\/uploads\/2022\/07\/myvitdgenes-1.webp\" alt=\"\" title=\"myvitdgenes\" sizes=\"auto, (min-width: 1201px) 35vw, (min-width: 601px) 50vw, 100vw\" srcset=\"https:\/\/www.heartgenetics.com\/files\/uploads\/2022\/07\/myvitdgenes-1.webp 570w, https:\/\/www.heartgenetics.com\/files\/uploads\/2022\/07\/myvitdgenes-1-300x268.webp 300w\" \/><\/noscript><\/figure><\/div><\/div><div class=\"wp-block-kobu-custom-blocks-responsive-spacer responsive-spacer size-medium\"><\/div><h2 class=\"wp-block-heading\">Informa\u00e7\u00e3o detalhada<\/h2><p>Os n\u00edveis de vitamina D t\u00eam demonstrado de forma robusta e consistente ser influenciados pela varia\u00e7\u00e3o gen\u00e9tica. O teste MyVitDGenes\u00ae estuda genes implicados nas v\u00e1rias fases do metabolismo desta vitamina: s\u00edntese, transporte, ativa\u00e7\u00e3o e excre\u00e7\u00e3o.<\/p><div class=\"wp-block-kobu-custom-blocks-responsive-spacer responsive-spacer size-small\"><\/div><div class=\"multiple-row-columns aligndefault has-4-columns has-style-simplecenter\">\n\t\t<div class=\"multiple-row-columns-wrapper\" data-columns=\"4\">\n\t\t\t\t\t\t\t<div class=\"column\">\n\t\t\t\t\t\n\t\t\t\t\t\t\t\t\t\t\t<noscript class=\"loading-lazy\">\t\t\t\t\t\t<img loading=\"lazy\" decoding=\"async\" width=\"517\" height=\"511\" src=\"https:\/\/www.heartgenetics.com\/files\/uploads\/2021\/05\/Icon_Ativacao-ColorRGB.png\" class=\"attachment-medium_large size-medium_large\" alt=\"\" srcset=\"https:\/\/www.heartgenetics.com\/files\/uploads\/2021\/05\/Icon_Ativacao-ColorRGB.png 517w, https:\/\/www.heartgenetics.com\/files\/uploads\/2021\/05\/Icon_Ativacao-ColorRGB-100x100.png 100w, https:\/\/www.heartgenetics.com\/files\/uploads\/2021\/05\/Icon_Ativacao-ColorRGB-300x297.png 300w\" sizes=\"auto, (max-width: 517px) 100vw, 517px\" \/>\t\t\t\t\t\t<\/noscript>\t\t\t\t\t\n\t\t\t\t\t\t\t\t\t\t\t<div class=\"description\"><p>S\u00edntese atrav\u00e9s da exposi\u00e7\u00e3o \u00e0 luz solar<\/p>\n<\/div>\n\t\t\t\t\t\n\t\t\t\t\t\t\t\t\t<\/div>\n\t\t\t\t\t\t\t<div class=\"column\">\n\t\t\t\t\t\n\t\t\t\t\t\t\t\t\t\t\t<noscript class=\"loading-lazy\">\t\t\t\t\t\t<img loading=\"lazy\" decoding=\"async\" width=\"525\" height=\"520\" src=\"https:\/\/www.heartgenetics.com\/files\/uploads\/2021\/05\/Icon_Transporte-ColorRGB.png\" class=\"attachment-medium_large size-medium_large\" alt=\"\" srcset=\"https:\/\/www.heartgenetics.com\/files\/uploads\/2021\/05\/Icon_Transporte-ColorRGB.png 525w, https:\/\/www.heartgenetics.com\/files\/uploads\/2021\/05\/Icon_Transporte-ColorRGB-100x100.png 100w, https:\/\/www.heartgenetics.com\/files\/uploads\/2021\/05\/Icon_Transporte-ColorRGB-150x150.png 150w, https:\/\/www.heartgenetics.com\/files\/uploads\/2021\/05\/Icon_Transporte-ColorRGB-300x297.png 300w\" sizes=\"auto, (max-width: 525px) 100vw, 525px\" \/>\t\t\t\t\t\t<\/noscript>\t\t\t\t\t\n\t\t\t\t\t\t\t\t\t\t\t<div class=\"description\"><p>Transporte na corrente sangu\u00ednea<\/p>\n<\/div>\n\t\t\t\t\t\n\t\t\t\t\t\t\t\t\t<\/div>\n\t\t\t\t\t\t\t<div class=\"column\">\n\t\t\t\t\t\n\t\t\t\t\t\t\t\t\t\t\t<noscript class=\"loading-lazy\">\t\t\t\t\t\t<img loading=\"lazy\" decoding=\"async\" width=\"517\" height=\"511\" src=\"https:\/\/www.heartgenetics.com\/files\/uploads\/2021\/05\/Icon_ExposicaoSolar-ColorRGB.png\" class=\"attachment-medium_large size-medium_large\" alt=\"\" srcset=\"https:\/\/www.heartgenetics.com\/files\/uploads\/2021\/05\/Icon_ExposicaoSolar-ColorRGB.png 517w, https:\/\/www.heartgenetics.com\/files\/uploads\/2021\/05\/Icon_ExposicaoSolar-ColorRGB-100x100.png 100w, https:\/\/www.heartgenetics.com\/files\/uploads\/2021\/05\/Icon_ExposicaoSolar-ColorRGB-300x297.png 300w\" sizes=\"auto, (max-width: 517px) 100vw, 517px\" \/>\t\t\t\t\t\t<\/noscript>\t\t\t\t\t\n\t\t\t\t\t\t\t\t\t\t\t<div class=\"description\"><p>Ativa\u00e7\u00e3o no f\u00edgado<\/p>\n<\/div>\n\t\t\t\t\t\n\t\t\t\t\t\t\t\t\t<\/div>\n\t\t\t\t\t\t\t<div class=\"column\">\n\t\t\t\t\t\n\t\t\t\t\t\t\t\t\t\t\t<noscript class=\"loading-lazy\">\t\t\t\t\t\t<img loading=\"lazy\" decoding=\"async\" width=\"527\" height=\"521\" src=\"https:\/\/www.heartgenetics.com\/files\/uploads\/2021\/05\/Icon_Excrecao-ColorRGB.png\" class=\"attachment-medium_large size-medium_large\" alt=\"\" srcset=\"https:\/\/www.heartgenetics.com\/files\/uploads\/2021\/05\/Icon_Excrecao-ColorRGB.png 527w, https:\/\/www.heartgenetics.com\/files\/uploads\/2021\/05\/Icon_Excrecao-ColorRGB-100x100.png 100w, https:\/\/www.heartgenetics.com\/files\/uploads\/2021\/05\/Icon_Excrecao-ColorRGB-300x297.png 300w\" sizes=\"auto, (max-width: 527px) 100vw, 527px\" \/>\t\t\t\t\t\t<\/noscript>\t\t\t\t\t\n\t\t\t\t\t\t\t\t\t\t\t<div class=\"description\"><p>Excre\u00e7\u00e3o atrav\u00e9s dos rins<\/p>\n<\/div>\n\t\t\t\t\t\n\t\t\t\t\t\t\t\t\t<\/div>\n\t\t\t\t\t<\/div>\n\t<\/div><div class=\"wp-block-kobu-custom-blocks-responsive-spacer responsive-spacer size-small\"><\/div><p>O teste estuda tamb\u00e9m variantes gen\u00e9ticas do recetor da vitamina D, que impactam de forma negativa a a\u00e7\u00e3o desta vitamina, tornando-a menos eficaz nas suas fun\u00e7\u00f5es a n\u00edvel celular.<\/p><div class=\"wp-block-kobu-custom-blocks-responsive-spacer responsive-spacer size-medium\"><\/div><h2 class=\"wp-block-heading\">COMO FUNCIONA<\/h2><p>O teste MyVitDGenes\u00ae foi desenvolvido para ser uma ferramenta de apoio a profissionais de sa\u00fade no dom\u00ednio da nutri\u00e7\u00e3o. Como tal, a sua realiza\u00e7\u00e3o implica uma interpreta\u00e7\u00e3o e explica\u00e7\u00e3o por um profissional de sa\u00fade, que desenvolver\u00e1 uma estrat\u00e9gia com base nessa informa\u00e7\u00e3o. Contacte-nos para conhecer a nossa rede de parceiros.<\/p><div class=\"wp-block-kobu-custom-blocks-responsive-spacer responsive-spacer size-medium\"><\/div><div class=\"wp-block-kobu-custom-blocks-section-wrapper alignfull kobu-section has-background has-quinary-background-color\"><div class=\"wp-block-kobu-custom-blocks-responsive-spacer responsive-spacer size-large\"><\/div>\n\n<div class=\"wp-block-columns two-columns-icon-left is-layout-flex wp-container-core-columns-is-layout-1 wp-block-columns-is-layout-flex\"><div class=\"wp-block-column is-layout-flow wp-block-column-is-layout-flow\"><noscript class=\"loading-lazy\"><figure class=\"wp-block-image size-full is-resized\"><a href=\"https:\/\/www.heartgenetics.com\/files\/uploads\/2022\/05\/heartgenetics-turnaroundtime-icon.png\"><img loading=\"lazy\" decoding=\"async\" src=\"https:\/\/www.heartgenetics.com\/files\/uploads\/2022\/05\/heartgenetics-turnaroundtime-icon.png\" alt=\"10 days Turn around time\" class=\"wp-image-12512\" width=\"114\" height=\"114\" srcset=\"https:\/\/www.heartgenetics.com\/files\/uploads\/2022\/05\/heartgenetics-turnaroundtime-icon.png 300w, https:\/\/www.heartgenetics.com\/files\/uploads\/2022\/05\/heartgenetics-turnaroundtime-icon-150x150.png 150w, https:\/\/www.heartgenetics.com\/files\/uploads\/2022\/05\/heartgenetics-turnaroundtime-icon-100x100.png 100w\" sizes=\"auto, (max-width: 114px) 100vw, 114px\" \/><\/a><\/figure><\/noscript><\/div>\n\n<div class=\"wp-block-column is-layout-flow wp-block-column-is-layout-flow\"><h2 class=\"has-large-font-size wp-block-heading\">Tempo de retorno<\/h2>\n\n<p>10 dias \u00fateis<\/p>\n\n<div style=\"height:20px\" aria-hidden=\"true\" class=\"wp-block-spacer\"><\/div>\n\n<div class=\"wp-block-buttons is-layout-flex wp-block-buttons-is-layout-flex\"><div class=\"wp-block-button\"><a class=\"wp-block-button__link\">Clique aqui para contactar o departamento de vendas<\/a><\/div><\/div><\/div><\/div>\n\n<div class=\"wp-block-kobu-custom-blocks-responsive-spacer responsive-spacer size-large\"><\/div><\/div><div class=\"wp-block-kobu-custom-blocks-responsive-spacer responsive-spacer size-small\"><\/div><div class=\"wp-block-group is-layout-flow wp-block-group-is-layout-flow\"><\/div>","protected":false},"excerpt":{"rendered":"<p>VITAMINA D: A SUPERVITAMINA Embora seja poss\u00edvel obter vitamina D a partir da exposi\u00e7\u00e3o solar e da alimenta\u00e7\u00e3o, a defici\u00eancia nesta vitamina \u00e9 muito frequente [&hellip;]<\/p>\n","protected":false},"author":68,"featured_media":12164,"parent":14288,"menu_order":195,"comment_status":"closed","ping_status":"closed","template":"templates\/mygenes.php","meta":{"_acf_changed":false,"footnotes":""},"class_list":["post-14330","page","type-page","status-publish","has-post-thumbnail","hentry"],"acf":[],"aioseo_notices":[],"_links":{"self":[{"href":"https:\/\/www.heartgenetics.com\/pt\/wp-json\/wp\/v2\/pages\/14330","targetHints":{"allow":["GET"]}}],"collection":[{"href":"https:\/\/www.heartgenetics.com\/pt\/wp-json\/wp\/v2\/pages"}],"about":[{"href":"https:\/\/www.heartgenetics.com\/pt\/wp-json\/wp\/v2\/types\/page"}],"author":[{"embeddable":true,"href":"https:\/\/www.heartgenetics.com\/pt\/wp-json\/wp\/v2\/users\/68"}],"replies":[{"embeddable":true,"href":"https:\/\/www.heartgenetics.com\/pt\/wp-json\/wp\/v2\/comments?post=14330"}],"version-history":[{"count":15,"href":"https:\/\/www.heartgenetics.com\/pt\/wp-json\/wp\/v2\/pages\/14330\/revisions"}],"predecessor-version":[{"id":15734,"href":"https:\/\/www.heartgenetics.com\/pt\/wp-json\/wp\/v2\/pages\/14330\/revisions\/15734"}],"up":[{"embeddable":true,"href":"https:\/\/www.heartgenetics.com\/pt\/wp-json\/wp\/v2\/pages\/14288"}],"wp:featuredmedia":[{"embeddable":true,"href":"https:\/\/www.heartgenetics.com\/pt\/wp-json\/wp\/v2\/media\/12164"}],"wp:attachment":[{"href":"https:\/\/www.heartgenetics.com\/pt\/wp-json\/wp\/v2\/media?parent=14330"}],"curies":[{"name":"wp","href":"https:\/\/api.w.org\/{rel}","templated":true}]}}