{"id":14329,"date":"2022-07-18T15:09:06","date_gmt":"2022-07-18T14:09:06","guid":{"rendered":"https:\/\/www.heartgenetics.com\/especialistas\/genetica-preventiva\/mywellnessgenes\/"},"modified":"2024-03-14T11:03:32","modified_gmt":"2024-03-14T11:03:32","slug":"mywellnessgenes","status":"publish","type":"page","link":"https:\/\/www.heartgenetics.com\/pt\/especialistas\/genetica-preventiva\/mywellnessgenes\/","title":{"rendered":"MyWellnessGenes\u00ae"},"content":{"rendered":"<h2 class=\"wp-block-heading\">A IMPORT\u00c2NCIA DOS MICRONUTRIENTES<\/h2><p class=\"has-text-align-left\">Os micronutrientes, como minerais e vitaminas, t\u00eam pap\u00e9is biol\u00f3gicos muito diversos e s\u00e3o fundamentais para um desenvolvimento e bem-estar saud\u00e1veis. Apesar de ser poss\u00edvel obt\u00ea-los atrav\u00e9s de uma variedade de alimentos, as car\u00eancias em alguns micronutrientes s\u00e3o comuns e podem ter um impacto negativo significativo nas fun\u00e7\u00f5es do corpo e contribuir para o desenvolvimento de doen\u00e7as cognitivas, autoimunes e cardiovasculares, altera\u00e7\u00f5es de humor e da mem\u00f3ria. A ferrop\u00e9nia (d\u00e9fice de ferro), por exemplo, tem uma elevada preval\u00eancia. \u00c9 a principal causa de anemia e est\u00e1 associada a sintomas pouco espec\u00edficos, como fadiga, falta de ar, palidez, aumento do ritmo card\u00edaco e dificuldade em manter a temperatura corporal (m\u00e3os e p\u00e9s frios). Os d\u00e9fices de vitaminas B12 e D tamb\u00e9m s\u00e3o muito frequentes, n\u00e3o apenas entre os vegetarianos estritos, mas na popula\u00e7\u00e3o em geral. A car\u00eancia em antioxidantes pode contribuir para um envelhecimento precoce. Os n\u00edveis de micronutrientes dependem da nossa alimenta\u00e7\u00e3o e, tamb\u00e9m, da nossa composi\u00e7\u00e3o gen\u00e9tica. Por conseguinte, algumas pessoas s\u00e3o mais suscet\u00edveis a defici\u00eancias do que outras.\u00a0 \u00a0\u00a0\u00a0<\/p><div class=\"wp-block-kobu-custom-blocks-responsive-spacer responsive-spacer size-medium\"><\/div><div class=\"wp-block-kobu-custom-blocks-inner-content-img alignwide media-content-group child-item align-right valign-start img-last\"><div class=\"content-col\"><div class=\"content-col-wrapper\"><noscript class=\"loading-lazy\"><figure class=\"wp-block-image size-large is-resized\"><img loading=\"lazy\" decoding=\"async\" src=\"https:\/\/www.heartgenetics.com\/files\/uploads\/2022\/07\/mywellnessgenes-1.svg\" alt=\"\" class=\"wp-image-13803\" width=\"359\" height=\"70\"\/><\/figure><\/noscript>\n\n<div style=\"height:20px\" aria-hidden=\"true\" class=\"wp-block-spacer\"><\/div>\n\n<p>O teste MyWellnessGenes\u00ae estuda o impacto de marcadores gen\u00e9ticos espec\u00edficos nas necessidades e sensibilidades relacionadas com minerais, vitaminas e antioxidantes. Esta informa\u00e7\u00e3o \u00e9 posteriormente utilizada por um profissional de sa\u00fade para, em conjunto com as carater\u00edsticas f\u00edsicas e comportamentais, definir estrat\u00e9gias nutricionais que otimizem a manuten\u00e7\u00e3o de um metabolismo saud\u00e1vel.<\/p>\n\n<p><br>O relat\u00f3rio do teste fornece recomenda\u00e7\u00f5es pr\u00e1ticas e personalizadas com grande impacto nas escolhas alimentares di\u00e1rias, a fim de minimizar as defici\u00eancias em micronutrientes e os efeitos negativos do s\u00f3dio em indiv\u00edduos geneticamente predispostos.<\/p><\/div><\/div><div class=\"media-col\"><figure><noscript class=\"loading-lazy\"><img loading=\"lazy\" decoding=\"async\" width=\"855\" height=\"765\" class=\"wp-image-13768\" src=\"https:\/\/www.heartgenetics.com\/files\/uploads\/2022\/07\/mywellnessgenes-1.webp\" alt=\"\" title=\"mywellnessgenes\" sizes=\"auto, (min-width: 1201px) 35vw, (min-width: 601px) 50vw, 100vw\" srcset=\"https:\/\/www.heartgenetics.com\/files\/uploads\/2022\/07\/mywellnessgenes-1.webp 855w, https:\/\/www.heartgenetics.com\/files\/uploads\/2022\/07\/mywellnessgenes-1-300x268.webp 300w, https:\/\/www.heartgenetics.com\/files\/uploads\/2022\/07\/mywellnessgenes-1-768x687.webp 768w, https:\/\/www.heartgenetics.com\/files\/uploads\/2022\/07\/mywellnessgenes-1-600x537.webp 600w\" \/><\/noscript><\/figure><\/div><\/div><div class=\"wp-block-kobu-custom-blocks-responsive-spacer responsive-spacer size-small\"><\/div><h2 class=\"is-style-quote-heading wp-block-heading\">Informa\u00e7\u00e3o detalhada<\/h2><div class=\"wp-block-kobu-custom-blocks-responsive-spacer responsive-spacer size-small\"><\/div><p>O MyWellnessGenes\u00ae analisa 43 variantes gen\u00e9ticas de 38 genes para o estudo dos par\u00e2metros apresentados de seguida.<\/p><noscript class=\"loading-lazy\"><figure class=\"wp-block-image aligncenter size-large is-resized\"><img loading=\"lazy\" decoding=\"async\" src=\"https:\/\/www.heartgenetics.com\/files\/uploads\/2023\/02\/Ativo-2-3.svg\" alt=\"\" class=\"wp-image-14851\" width=\"570\" height=\"912\"\/><\/figure><\/noscript><h2 class=\"wp-block-heading\"><strong><strong>COMO FUNCIONA<\/strong><\/strong><\/h2><p>O teste MyWellnessGenes\u00ae foi desenvolvido para ser uma ferramenta de apoio a profissionais de sa\u00fade no dom\u00ednio da nutri\u00e7\u00e3o. Como tal, a sua realiza\u00e7\u00e3o implica uma interpreta\u00e7\u00e3o e explica\u00e7\u00e3o por um profissional de sa\u00fade, que desenvolver\u00e1 uma estrat\u00e9gia com base nessa informa\u00e7\u00e3o. Contacte-nos para conhecer a nossa rede de parceiros.<\/p><div class=\"wp-block-kobu-custom-blocks-responsive-spacer responsive-spacer size-small\"><\/div><div class=\"wp-block-kobu-custom-blocks-section-wrapper alignfull kobu-section has-background has-quinary-background-color\"><div class=\"wp-block-kobu-custom-blocks-responsive-spacer responsive-spacer size-large\"><\/div>\n\n<div class=\"wp-block-columns two-columns-icon-left is-layout-flex wp-container-core-columns-is-layout-1 wp-block-columns-is-layout-flex\"><div class=\"wp-block-column is-layout-flow wp-block-column-is-layout-flow\"><noscript class=\"loading-lazy\"><figure class=\"wp-block-image size-full is-resized\"><a href=\"https:\/\/www.heartgenetics.com\/files\/uploads\/2022\/05\/heartgenetics-turnaroundtime-icon.png\"><img loading=\"lazy\" decoding=\"async\" src=\"https:\/\/www.heartgenetics.com\/files\/uploads\/2022\/05\/heartgenetics-turnaroundtime-icon.png\" alt=\"10 days Turn around time\" class=\"wp-image-12512\" width=\"108\" height=\"108\" srcset=\"https:\/\/www.heartgenetics.com\/files\/uploads\/2022\/05\/heartgenetics-turnaroundtime-icon.png 300w, https:\/\/www.heartgenetics.com\/files\/uploads\/2022\/05\/heartgenetics-turnaroundtime-icon-150x150.png 150w, https:\/\/www.heartgenetics.com\/files\/uploads\/2022\/05\/heartgenetics-turnaroundtime-icon-100x100.png 100w\" sizes=\"auto, (max-width: 108px) 100vw, 108px\" \/><\/a><\/figure><\/noscript><\/div>\n\n<div class=\"wp-block-column is-layout-flow wp-block-column-is-layout-flow\"><h2 class=\"has-large-font-size wp-block-heading\">Tempo de retorno<\/h2>\n\n<p>10 dias \u00fateis<\/p>\n\n<div style=\"height:20px\" aria-hidden=\"true\" class=\"wp-block-spacer\"><\/div>\n\n<div class=\"wp-block-buttons is-layout-flex wp-block-buttons-is-layout-flex\"><div class=\"wp-block-button\"><a class=\"wp-block-button__link\">Clique aqui para contactar o departamento de vendas<\/a><\/div><\/div><\/div><\/div>\n\n<div class=\"wp-block-kobu-custom-blocks-responsive-spacer responsive-spacer size-large\"><\/div><\/div><div class=\"wp-block-group is-layout-flow wp-block-group-is-layout-flow\"><\/div>","protected":false},"excerpt":{"rendered":"<p>A IMPORT\u00c2NCIA DOS MICRONUTRIENTES Os micronutrientes, como minerais e vitaminas, t\u00eam pap\u00e9is biol\u00f3gicos muito diversos e s\u00e3o fundamentais para um desenvolvimento e bem-estar saud\u00e1veis. Apesar [&hellip;]<\/p>\n","protected":false},"author":68,"featured_media":12166,"parent":14288,"menu_order":187,"comment_status":"closed","ping_status":"closed","template":"templates\/mygenes.php","meta":{"_acf_changed":false,"footnotes":""},"class_list":["post-14329","page","type-page","status-publish","has-post-thumbnail","hentry"],"acf":[],"aioseo_notices":[],"_links":{"self":[{"href":"https:\/\/www.heartgenetics.com\/pt\/wp-json\/wp\/v2\/pages\/14329","targetHints":{"allow":["GET"]}}],"collection":[{"href":"https:\/\/www.heartgenetics.com\/pt\/wp-json\/wp\/v2\/pages"}],"about":[{"href":"https:\/\/www.heartgenetics.com\/pt\/wp-json\/wp\/v2\/types\/page"}],"author":[{"embeddable":true,"href":"https:\/\/www.heartgenetics.com\/pt\/wp-json\/wp\/v2\/users\/68"}],"replies":[{"embeddable":true,"href":"https:\/\/www.heartgenetics.com\/pt\/wp-json\/wp\/v2\/comments?post=14329"}],"version-history":[{"count":6,"href":"https:\/\/www.heartgenetics.com\/pt\/wp-json\/wp\/v2\/pages\/14329\/revisions"}],"predecessor-version":[{"id":15735,"href":"https:\/\/www.heartgenetics.com\/pt\/wp-json\/wp\/v2\/pages\/14329\/revisions\/15735"}],"up":[{"embeddable":true,"href":"https:\/\/www.heartgenetics.com\/pt\/wp-json\/wp\/v2\/pages\/14288"}],"wp:featuredmedia":[{"embeddable":true,"href":"https:\/\/www.heartgenetics.com\/pt\/wp-json\/wp\/v2\/media\/12166"}],"wp:attachment":[{"href":"https:\/\/www.heartgenetics.com\/pt\/wp-json\/wp\/v2\/media?parent=14329"}],"curies":[{"name":"wp","href":"https:\/\/api.w.org\/{rel}","templated":true}]}}