{"id":14328,"date":"2022-07-20T17:51:46","date_gmt":"2022-07-20T16:51:46","guid":{"rendered":"https:\/\/www.heartgenetics.com\/especialistas\/genetica-preventiva\/mynutrigenes\/"},"modified":"2023-02-03T11:18:11","modified_gmt":"2023-02-03T11:18:11","slug":"mynutrigenes","status":"publish","type":"page","link":"https:\/\/www.heartgenetics.com\/pt\/especialistas\/genetica-preventiva\/mynutrigenes\/","title":{"rendered":"MyNutriGenes\u00ae"},"content":{"rendered":"<h2 class=\"has-text-align-center wp-block-heading\"><strong>SER\u00c1 A DIETA ADEQUADA? A RESPOSTA EST\u00c1 NOS GENES<\/strong><\/h2><p class=\"has-text-align-center\">Um plano alimentar adequado deve garantir o aporte necess\u00e1rio de nutrientes fundamentais para a sa\u00fade e para uma gest\u00e3o de peso saud\u00e1vel. Al\u00e9m da alimenta\u00e7\u00e3o, outros fatores influenciam de forma decisiva o estado de sa\u00fade e a gest\u00e3o de peso, como o sono e o exerc\u00edcio f\u00edsico. A utiliza\u00e7\u00e3o da informa\u00e7\u00e3o gen\u00e9tica \u00e9 relevante porque pessoas diferentes respondem de forma diferente \u00e0 mesma estrat\u00e9gia.<\/p><div class=\"wp-block-kobu-custom-blocks-responsive-spacer responsive-spacer size-medium\"><\/div><div class=\"wp-block-kobu-custom-blocks-inner-content-img alignwide media-content-group child-item align-right valign-start img-last\"><div class=\"content-col\"><div class=\"content-col-wrapper\"><noscript class=\"loading-lazy\"><figure class=\"wp-block-image size-large is-resized\"><img loading=\"lazy\" decoding=\"async\" src=\"https:\/\/www.heartgenetics.com\/files\/uploads\/2022\/07\/mynutrigenes-1.svg\" alt=\"\" class=\"wp-image-13794\" width=\"305\" height=\"70\"\/><\/figure><\/noscript>\n\n<div style=\"height:20px\" aria-hidden=\"true\" class=\"wp-block-spacer\"><\/div>\n\n<p>O teste MyNutriGenes\u00ae estuda o impacto da composi\u00e7\u00e3o gen\u00e9tica, \u00fanica de cada pessoa, na defini\u00e7\u00e3o de uma estrat\u00e9gia personalizada para uma gest\u00e3o de peso e metabolismo saud\u00e1veis. Este teste simplifica a utiliza\u00e7\u00e3o dos dados gen\u00e9ticos, com impacto na vida quotidiana.<\/p>\n\n<p><strong>Em particular, o teste estuda o impacto da gen\u00e9tica na:<\/strong><\/p>\n\n<ul class=\"wp-block-list\"><li>Composi\u00e7\u00e3o corporal e metabolismo;<\/li><li>Gest\u00e3o do peso;<\/li><li>Resposta \u00e0 ingest\u00e3o de nutrientes;<\/li><li>Intoler\u00e2ncia \u00e0 lactose e ao gl\u00faten;<\/li><li>Resposta ao exerc\u00edcio f\u00edsico e ao sono. <\/li><\/ul>\n\n<p>Atrav\u00e9s desta informa\u00e7\u00e3o, o profissional de sa\u00fade pode desenvolver uma estrat\u00e9gia alimentar e comportamental mais ajustada.<\/p><\/div><\/div><div class=\"media-col\"><figure><noscript class=\"loading-lazy\"><img loading=\"lazy\" decoding=\"async\" width=\"855\" height=\"600\" class=\"wp-image-13759\" src=\"https:\/\/www.heartgenetics.com\/files\/uploads\/2022\/07\/image-1.webp\" alt=\"\" title=\"image\" sizes=\"auto, (min-width: 1201px) 35vw, (min-width: 601px) 50vw, 100vw\" srcset=\"https:\/\/www.heartgenetics.com\/files\/uploads\/2022\/07\/image-1.webp 855w, https:\/\/www.heartgenetics.com\/files\/uploads\/2022\/07\/image-1-300x211.webp 300w, https:\/\/www.heartgenetics.com\/files\/uploads\/2022\/07\/image-1-768x539.webp 768w, https:\/\/www.heartgenetics.com\/files\/uploads\/2022\/07\/image-1-600x421.webp 600w\" \/><\/noscript><\/figure><\/div><\/div><div class=\"wp-block-kobu-custom-blocks-responsive-spacer responsive-spacer size-large\"><\/div><div class=\"wp-block-kobu-custom-blocks-section-wrapper alignfull kobu-section has-background has-quinary-background-color\"><div class=\"wp-block-kobu-custom-blocks-responsive-spacer responsive-spacer size-large\"><\/div>\n\n<h2 class=\"alignwide is-style-quote-heading wp-block-heading\">O que dizem os nossos clientes sobre n\u00f3s<\/h2>\n\n<div class=\"wp-block-kobu-custom-blocks-responsive-spacer responsive-spacer size-small\"><\/div>\n\n<div class=\"wp-block-kobu-custom-blocks-text-slider alignwide is-style-dots-pagination text-slider\"><div class=\"wp-block-kobu-custom-blocks-inner-content-text-only child-item text-only\"><div class=\"content-col\"><blockquote class=\"wp-block-quote is-layout-flow wp-block-quote-is-layout-flow\"><p>&#8220;A parceria com a HeartGenetics \u00e9 fundamental para transformar os dados gen\u00e9ticos num instrumento eficaz e pr\u00e1tico no espa\u00e7o nutricional. Com esta nova ferramenta, somos capazes de desenvolver uma abordagem nutricional mais personalizada e eficiente. A equipa da HeartGenetics \u00e9 muito motivada, pr\u00f3activa e f\u00e1cil de trabalhar&#8221;.<\/p><cite><strong>M\u00f3nica Sousa<\/strong><br>Nutricionista<\/cite><\/blockquote><\/div><\/div>\n\n<div class=\"wp-block-kobu-custom-blocks-inner-content-text-only child-item text-only\"><div class=\"content-col\"><blockquote class=\"wp-block-quote is-layout-flow wp-block-quote-is-layout-flow\"><p>&#8220;Incr\u00edvel! Perdi 3Kg num m\u00eas depois de ter seguido o plano de a\u00e7\u00e3o do relat\u00f3rio!! Depois de ter falhado muitas dietas no passado&#8221;.<\/p><cite><strong>Prof. Lucymara Lima<\/strong><br>Professor na Universidade Federal do Rio Grande do Norte, Brazil<\/cite><\/blockquote><\/div><\/div><\/div>\n\n<div class=\"wp-block-kobu-custom-blocks-responsive-spacer responsive-spacer size-large\"><\/div><\/div><div class=\"wp-block-kobu-custom-blocks-responsive-spacer responsive-spacer size-large\"><\/div><h2 class=\"wp-block-heading\">Informa\u00e7\u00e3o detalhada<\/h2><p>O teste MyNutriGenes\u00ae analisa 102 marcadores gen\u00e9ticos (de 75 genes) com relev\u00e2ncia num elevado n\u00famero de par\u00e2metros, agrupados em 3 \u00e1reas principais de impacto: o corpo, a alimenta\u00e7\u00e3o e o comportamento.<\/p><div class=\"wp-block-kobu-custom-blocks-responsive-spacer responsive-spacer size-medium\"><\/div><noscript class=\"loading-lazy\"><figure class=\"wp-block-image size-large is-resized\"><a href=\"https:\/\/www.heartgenetics.com\/files\/uploads\/2022\/09\/Webpage_OCorpo-1.png\"><img loading=\"lazy\" decoding=\"async\" src=\"https:\/\/www.heartgenetics.com\/files\/uploads\/2022\/09\/Webpage_OCorpo-1-1024x804.png\" alt=\"\" class=\"wp-image-14550\" width=\"612\" height=\"480\" srcset=\"https:\/\/www.heartgenetics.com\/files\/uploads\/2022\/09\/Webpage_OCorpo-1-1024x804.png 1024w, https:\/\/www.heartgenetics.com\/files\/uploads\/2022\/09\/Webpage_OCorpo-1-300x235.png 300w, https:\/\/www.heartgenetics.com\/files\/uploads\/2022\/09\/Webpage_OCorpo-1-768x603.png 768w, https:\/\/www.heartgenetics.com\/files\/uploads\/2022\/09\/Webpage_OCorpo-1-1536x1206.png 1536w, https:\/\/www.heartgenetics.com\/files\/uploads\/2022\/09\/Webpage_OCorpo-1-2048x1608.png 2048w, https:\/\/www.heartgenetics.com\/files\/uploads\/2022\/09\/Webpage_OCorpo-1-600x471.png 600w\" sizes=\"auto, (max-width: 612px) 100vw, 612px\" \/><\/a><\/figure><\/noscript><div class=\"wp-block-kobu-custom-blocks-responsive-spacer responsive-spacer size-small\"><\/div><noscript class=\"loading-lazy\"><figure class=\"wp-block-image size-large is-resized\"><a href=\"https:\/\/www.heartgenetics.com\/files\/uploads\/2023\/02\/Webpage_AAlimentacao-1-1.png\"><img loading=\"lazy\" decoding=\"async\" src=\"https:\/\/www.heartgenetics.com\/files\/uploads\/2023\/02\/Webpage_AAlimentacao-1-1-1024x755.png\" alt=\"\" class=\"wp-image-14969\" width=\"743\" height=\"547\" srcset=\"https:\/\/www.heartgenetics.com\/files\/uploads\/2023\/02\/Webpage_AAlimentacao-1-1-1024x755.png 1024w, https:\/\/www.heartgenetics.com\/files\/uploads\/2023\/02\/Webpage_AAlimentacao-1-1-300x221.png 300w, https:\/\/www.heartgenetics.com\/files\/uploads\/2023\/02\/Webpage_AAlimentacao-1-1-768x566.png 768w, https:\/\/www.heartgenetics.com\/files\/uploads\/2023\/02\/Webpage_AAlimentacao-1-1-1536x1132.png 1536w, https:\/\/www.heartgenetics.com\/files\/uploads\/2023\/02\/Webpage_AAlimentacao-1-1-2048x1510.png 2048w, https:\/\/www.heartgenetics.com\/files\/uploads\/2023\/02\/Webpage_AAlimentacao-1-1-600x442.png 600w\" sizes=\"auto, (max-width: 743px) 100vw, 743px\" \/><\/a><\/figure><\/noscript><div class=\"wp-block-kobu-custom-blocks-responsive-spacer responsive-spacer size-small\"><\/div><noscript class=\"loading-lazy\"><figure class=\"wp-block-image size-large is-resized\"><a href=\"https:\/\/www.heartgenetics.com\/files\/uploads\/2022\/09\/Webpage_OComportamento-1.png\"><img loading=\"lazy\" decoding=\"async\" src=\"https:\/\/www.heartgenetics.com\/files\/uploads\/2022\/09\/Webpage_OComportamento-1-1024x422.png\" alt=\"\" class=\"wp-image-14554\" width=\"604\" height=\"248\" srcset=\"https:\/\/www.heartgenetics.com\/files\/uploads\/2022\/09\/Webpage_OComportamento-1-1024x422.png 1024w, https:\/\/www.heartgenetics.com\/files\/uploads\/2022\/09\/Webpage_OComportamento-1-300x124.png 300w, https:\/\/www.heartgenetics.com\/files\/uploads\/2022\/09\/Webpage_OComportamento-1-768x317.png 768w, https:\/\/www.heartgenetics.com\/files\/uploads\/2022\/09\/Webpage_OComportamento-1-1536x633.png 1536w, https:\/\/www.heartgenetics.com\/files\/uploads\/2022\/09\/Webpage_OComportamento-1-2048x845.png 2048w, https:\/\/www.heartgenetics.com\/files\/uploads\/2022\/09\/Webpage_OComportamento-1-600x247.png 600w\" sizes=\"auto, (max-width: 604px) 100vw, 604px\" \/><\/a><\/figure><\/noscript><p><\/p><h2 class=\"wp-block-heading\">Webapp<\/h2><noscript class=\"loading-lazy\"><figure class=\"wp-block-image aligncenter size-large is-resized\"><img loading=\"lazy\" decoding=\"async\" src=\"https:\/\/www.heartgenetics.com\/files\/uploads\/2023\/02\/webapp-nutri.svg\" alt=\"mobile phone showing the webapp\" class=\"wp-image-14961\" width=\"395\" height=\"495\"><\/figure><\/noscript><h2 class=\"wp-block-heading\">Como funciona<\/h2><p>O teste MyNutriGenes\u00ae foi desenvolvido para ser uma ferramenta de apoio a profissionais de sa\u00fade no dom\u00ednio da nutri\u00e7\u00e3o. Como tal, a sua realiza\u00e7\u00e3o implica uma interpreta\u00e7\u00e3o e explica\u00e7\u00e3o por um profissional de sa\u00fade, que desenvolver\u00e1 uma estrat\u00e9gia com base nessa informa\u00e7\u00e3o. Contacte-nos para conhecer a nossa rede de parceiros.<\/p><div class=\"wp-block-kobu-custom-blocks-responsive-spacer responsive-spacer size-large\"><\/div><div class=\"wp-block-kobu-custom-blocks-section-wrapper alignfull kobu-section has-background has-quinary-background-color\"><div class=\"wp-block-kobu-custom-blocks-responsive-spacer responsive-spacer size-large\"><\/div>\n\n<div class=\"wp-block-columns two-columns-icon-left is-layout-flex wp-container-core-columns-is-layout-1 wp-block-columns-is-layout-flex\"><div class=\"wp-block-column is-layout-flow wp-block-column-is-layout-flow\"><noscript class=\"loading-lazy\"><figure class=\"wp-block-image size-full is-resized\"><a href=\"https:\/\/www.heartgenetics.com\/files\/uploads\/2022\/05\/heartgenetics-turnaroundtime-icon.png\"><img loading=\"lazy\" decoding=\"async\" src=\"https:\/\/www.heartgenetics.com\/files\/uploads\/2022\/05\/heartgenetics-turnaroundtime-icon.png\" alt=\"10 days Turn around time\" class=\"wp-image-12512\" width=\"108\" height=\"108\" srcset=\"https:\/\/www.heartgenetics.com\/files\/uploads\/2022\/05\/heartgenetics-turnaroundtime-icon.png 300w, https:\/\/www.heartgenetics.com\/files\/uploads\/2022\/05\/heartgenetics-turnaroundtime-icon-150x150.png 150w, https:\/\/www.heartgenetics.com\/files\/uploads\/2022\/05\/heartgenetics-turnaroundtime-icon-100x100.png 100w\" sizes=\"auto, (max-width: 108px) 100vw, 108px\" \/><\/a><\/figure><\/noscript><\/div>\n\n<div class=\"wp-block-column is-layout-flow wp-block-column-is-layout-flow\"><h2 class=\"has-large-font-size wp-block-heading\">Tempo de retorno<\/h2>\n\n<p>10 dias \u00fateis<\/p>\n\n<div style=\"height:20px\" aria-hidden=\"true\" class=\"wp-block-spacer\"><\/div>\n\n<div class=\"wp-block-buttons is-layout-flex wp-block-buttons-is-layout-flex\"><div class=\"wp-block-button\"><a class=\"wp-block-button__link\" href=\"https:\/\/www.heartgenetics.com\/pt\/contactos\/\">Clique aqui para contactar o departamento de vendas<\/a><\/div><\/div><\/div><\/div>\n\n<div class=\"wp-block-kobu-custom-blocks-responsive-spacer responsive-spacer size-large\"><\/div><\/div><div class=\"wp-block-group is-layout-flow wp-block-group-is-layout-flow\"><\/div>","protected":false},"excerpt":{"rendered":"<p>SER\u00c1 A DIETA ADEQUADA? A RESPOSTA EST\u00c1 NOS GENES Um plano alimentar adequado deve garantir o aporte necess\u00e1rio de nutrientes fundamentais para a sa\u00fade e [&hellip;]<\/p>\n","protected":false},"author":68,"featured_media":12166,"parent":14288,"menu_order":2,"comment_status":"closed","ping_status":"closed","template":"templates\/mygenes.php","meta":{"_acf_changed":false,"footnotes":""},"class_list":["post-14328","page","type-page","status-publish","has-post-thumbnail","hentry"],"acf":[],"aioseo_notices":[],"_links":{"self":[{"href":"https:\/\/www.heartgenetics.com\/pt\/wp-json\/wp\/v2\/pages\/14328","targetHints":{"allow":["GET"]}}],"collection":[{"href":"https:\/\/www.heartgenetics.com\/pt\/wp-json\/wp\/v2\/pages"}],"about":[{"href":"https:\/\/www.heartgenetics.com\/pt\/wp-json\/wp\/v2\/types\/page"}],"author":[{"embeddable":true,"href":"https:\/\/www.heartgenetics.com\/pt\/wp-json\/wp\/v2\/users\/68"}],"replies":[{"embeddable":true,"href":"https:\/\/www.heartgenetics.com\/pt\/wp-json\/wp\/v2\/comments?post=14328"}],"version-history":[{"count":7,"href":"https:\/\/www.heartgenetics.com\/pt\/wp-json\/wp\/v2\/pages\/14328\/revisions"}],"predecessor-version":[{"id":14971,"href":"https:\/\/www.heartgenetics.com\/pt\/wp-json\/wp\/v2\/pages\/14328\/revisions\/14971"}],"up":[{"embeddable":true,"href":"https:\/\/www.heartgenetics.com\/pt\/wp-json\/wp\/v2\/pages\/14288"}],"wp:featuredmedia":[{"embeddable":true,"href":"https:\/\/www.heartgenetics.com\/pt\/wp-json\/wp\/v2\/media\/12166"}],"wp:attachment":[{"href":"https:\/\/www.heartgenetics.com\/pt\/wp-json\/wp\/v2\/media?parent=14328"}],"curies":[{"name":"wp","href":"https:\/\/api.w.org\/{rel}","templated":true}]}}