{"id":14308,"date":"2022-07-22T20:03:49","date_gmt":"2022-07-22T19:03:49","guid":{"rendered":"https:\/\/www.heartgenetics.com\/about-us\/"},"modified":"2023-02-02T10:52:08","modified_gmt":"2023-02-02T10:52:08","slug":"sobre-nos","status":"publish","type":"page","link":"https:\/\/www.heartgenetics.com\/pt\/sobre-nos\/","title":{"rendered":"Sobre N\u00f3s"},"content":{"rendered":"<div class=\"wp-block-kobu-custom-blocks-section-wrapper alignfull kobu-section has-background has-quinary-background-color\"><div class=\"wp-block-kobu-custom-blocks-responsive-spacer responsive-spacer size-small\"><\/div>\n\n<p class=\"has-primary-color has-text-color has-medium-small-font-size\">A HeartGenetics dedica-se a manter as pessoas saud\u00e1veis atrav\u00e9s da utiliza\u00e7\u00e3o de informa\u00e7\u00e3o gen\u00e9tica.<\/p>\n\n<p class=\"has-primary-color has-text-color has-medium-small-font-size\">Fundada em 2013, a empresa tem como principal objetivo desempenhar um papel fundamental no conhecimento gen\u00e9tico aplicado e nos testes gen\u00e9ticos, nas \u00e1reas farmacogen\u00e9tica, cardiovascular e do bem-estar. <\/p>\n\n<p class=\"has-primary-color has-text-color has-medium-small-font-size\">Com base em mais de 15 anos de pesquisa nas \u00e1reas cardiovascular e bioinform\u00e1tica, a equipa de R&amp;D da HeartGenetics desenvolveu novos testes e relat\u00f3rios gen\u00e9ticos fundamentais na defini\u00e7\u00e3o de planos terap\u00eauticos e de estilo de vida altamente personalizados.<\/p>\n\n<p class=\"has-primary-color has-text-color has-medium-small-font-size\"><\/p>\n\n<div class=\"wp-block-kobu-custom-blocks-responsive-spacer responsive-spacer size-medium\"><\/div>\n\n<p><\/p>\n\n<p><strong>HeartGenetics, Genetics and Biotechnology S.A.<\/strong> \u00e9 uma empresa que desenvolve atividade em gen\u00e9tica e biologia computacional que desenvolveu uma metodologia revolucion\u00e1ria que inclui:<\/p>\n\n<ul class=\"wp-block-list\"><li>uma plataforma de microchips baseada em ADN optimizada para testes gen\u00e9ticos utilizando o iPLEX\u00ae MassArray\u00ae; e<\/li><li>um conjunto de algoritmos eficientes, escal\u00e1veis e sofisticados para o processamento e integra\u00e7\u00e3o de dados heterog\u00e9neos que v\u00e3o desde dados gen\u00e9ticos, cl\u00ednicos, farmacogen\u00e9ticos, diretrizes m\u00e9dicas, e dados de sa\u00fade e bem-estar.<\/li><\/ul>\n\n<div class=\"wp-block-kobu-custom-blocks-responsive-spacer responsive-spacer size-medium\"><\/div><\/div><noscript class=\"loading-lazy\"><figure class=\"wp-block-image alignfull size-large\"><img loading=\"lazy\" decoding=\"async\" width=\"1024\" height=\"300\" src=\"https:\/\/www.heartgenetics.com\/files\/uploads\/2022\/07\/why_us-1024x300.webp\" alt=\"\" class=\"wp-image-13906\" srcset=\"https:\/\/www.heartgenetics.com\/files\/uploads\/2022\/07\/why_us-1024x300.webp 1024w, https:\/\/www.heartgenetics.com\/files\/uploads\/2022\/07\/why_us-300x88.webp 300w, https:\/\/www.heartgenetics.com\/files\/uploads\/2022\/07\/why_us-768x225.webp 768w, https:\/\/www.heartgenetics.com\/files\/uploads\/2022\/07\/why_us-1536x450.webp 1536w, https:\/\/www.heartgenetics.com\/files\/uploads\/2022\/07\/why_us-600x176.webp 600w\" sizes=\"auto, (max-width: 1024px) 100vw, 1024px\" \/><\/figure><\/noscript><div class=\"wp-block-kobu-custom-blocks-responsive-spacer responsive-spacer size-large\"><\/div><h2 class=\"alignwide wp-block-heading\">5 Raz\u00f5es para escolher a HeartGenetics<\/h2><div class=\"wp-block-kobu-custom-blocks-responsive-spacer responsive-spacer size-medium\"><\/div><div class=\"multiple-row-columns alignwide has-3-columns has-style-simpleleft\">\n\t\t<div class=\"multiple-row-columns-wrapper\" data-columns=\"3\">\n\t\t\t\t\t\t\t<div class=\"column\">\n\t\t\t\t\t\t\t\t\t\t\t<p class=\"title\">1. Peritos em Medicina Gen\u00e9tica<\/p>\n\t\t\t\t\t\n\t\t\t\t\t\n\t\t\t\t\t\t\t\t\t\t\t<div class=\"description\"><p><!-- wp:heading {\"level\":4} --><\/p>\n<p><!-- \/wp:heading --><\/p>\n<p><!-- wp:paragraph --><\/p>\n<p>Temos uma\u00a0<a href=\"https:\/\/www.heartgenetics.com\/about-us\/team\/\">equipa<\/a> multidisciplinar de doutorados e especialistas em Gen\u00e9tica, Bioinform\u00e1tica e Biologia Molecular centrada numa medicina card\u00edaca mais preventiva, participativa e preditiva. Estamos 100% empenhados na qualidade dos nossos servi\u00e7os.<\/p>\n<p><!-- \/wp:paragraph --><\/p>\n<\/div>\n\t\t\t\t\t\n\t\t\t\t\t\t\t\t\t<\/div>\n\t\t\t\t\t\t\t<div class=\"column\">\n\t\t\t\t\t\t\t\t\t\t\t<p class=\"title\">2. Inova\u00e7\u00e3o<\/p>\n\t\t\t\t\t\n\t\t\t\t\t\n\t\t\t\t\t\t\t\t\t\t\t<div class=\"description\"><p><!-- wp:heading {\"level\":4} --><\/p>\n<p>Na HeartGenetics, utilizamos uma metodologia inovadora e altamente precisa premiada para fornecer testes gen\u00e9ticos adaptados a cada pessoa. Todos os nossos testes gen\u00e9ticos t\u00eam uma precis\u00e3o de 99%.<\/p>\n<p><!-- \/wp:paragraph --><\/p>\n<\/div>\n\t\t\t\t\t\n\t\t\t\t\t\t\t\t\t<\/div>\n\t\t\t\t\t\t\t<div class=\"column\">\n\t\t\t\t\t\t\t\t\t\t\t<p class=\"title\">3.\u00a0Personaliza\u00e7\u00e3o<\/p>\n\t\t\t\t\t\n\t\t\t\t\t\n\t\t\t\t\t\t\t\t\t\t\t<div class=\"description\"><p><!-- wp:heading {\"level\":4} --><\/p>\n<p>Os nossos testes gen\u00e9ticos apoiam a avalia\u00e7\u00e3o cl\u00ednica relativamente \u00e0s causas, gravidade e progress\u00e3o da doen\u00e7a, permitindo mudan\u00e7as personalizadas de estilo de vida e terap\u00eauticas.<\/p>\n<p><!-- \/wp:paragraph --><\/p>\n<\/div>\n\t\t\t\t\t\n\t\t\t\t\t\t\t\t\t<\/div>\n\t\t\t\t\t\t\t<div class=\"column\">\n\t\t\t\t\t\t\t\t\t\t\t<p class=\"title\">4. Qualidade<\/p>\n\t\t\t\t\t\n\t\t\t\t\t\n\t\t\t\t\t\t\t\t\t\t\t<div class=\"description\"><p><!-- wp:heading {\"level\":4} --><\/p>\n<p>Somos uma empresa certificada ISO 9001:2015. Utilizamos um sistema de gest\u00e3o totalmente automatizado que reduz a probabilidade tanto de falsos positivos como de negativos.<\/p>\n<p><!-- \/wp:paragraph --><\/p>\n<\/div>\n\t\t\t\t\t\n\t\t\t\t\t\t\t\t\t<\/div>\n\t\t\t\t\t\t\t<div class=\"column\">\n\t\t\t\t\t\t\t\t\t\t\t<p class=\"title\">5. Privacidade<\/p>\n\t\t\t\t\t\n\t\t\t\t\t\n\t\t\t\t\t\t\t\t\t\t\t<div class=\"description\"><p><!-- wp:heading {\"level\":4} --><\/p>\n<p>A HeartGenetics assegura a privacidade de todas as informa\u00e7\u00f5es pessoais e resultados de testes de acordo com o Comit\u00e9 Nacional de Prote\u00e7\u00e3o de Dados (N.\u00ba 8398\/2013). O seu m\u00e9dico \u00e9 a \u00fanica pessoa a conhecer os resultados dos testes utilizando o nosso software propriet\u00e1rio &#8220;HEARTDECODE\u00ae&#8221;<\/p>\n<p><!-- \/wp:paragraph --><\/p>\n<\/div>\n\t\t\t\t\t\n\t\t\t\t\t\t\t\t\t<\/div>\n\t\t\t\t\t<\/div>\n\t<\/div>","protected":false},"excerpt":{"rendered":"<p>5 Raz\u00f5es para escolher a HeartGenetics<\/p>\n","protected":false},"author":68,"featured_media":0,"parent":0,"menu_order":42,"comment_status":"closed","ping_status":"closed","template":"","meta":{"_acf_changed":false,"footnotes":""},"class_list":["post-14308","page","type-page","status-publish","hentry"],"acf":[],"aioseo_notices":[],"_links":{"self":[{"href":"https:\/\/www.heartgenetics.com\/pt\/wp-json\/wp\/v2\/pages\/14308","targetHints":{"allow":["GET"]}}],"collection":[{"href":"https:\/\/www.heartgenetics.com\/pt\/wp-json\/wp\/v2\/pages"}],"about":[{"href":"https:\/\/www.heartgenetics.com\/pt\/wp-json\/wp\/v2\/types\/page"}],"author":[{"embeddable":true,"href":"https:\/\/www.heartgenetics.com\/pt\/wp-json\/wp\/v2\/users\/68"}],"replies":[{"embeddable":true,"href":"https:\/\/www.heartgenetics.com\/pt\/wp-json\/wp\/v2\/comments?post=14308"}],"version-history":[{"count":12,"href":"https:\/\/www.heartgenetics.com\/pt\/wp-json\/wp\/v2\/pages\/14308\/revisions"}],"predecessor-version":[{"id":14868,"href":"https:\/\/www.heartgenetics.com\/pt\/wp-json\/wp\/v2\/pages\/14308\/revisions\/14868"}],"wp:attachment":[{"href":"https:\/\/www.heartgenetics.com\/pt\/wp-json\/wp\/v2\/media?parent=14308"}],"curies":[{"name":"wp","href":"https:\/\/api.w.org\/{rel}","templated":true}]}}