{"id":12667,"date":"2018-05-23T09:04:52","date_gmt":"2018-05-23T09:04:52","guid":{"rendered":"https:\/\/www.heartgenetics.com\/data-privacy-policy\/"},"modified":"2023-03-14T10:47:34","modified_gmt":"2023-03-14T10:47:34","slug":"data-privacy-policy","status":"publish","type":"page","link":"https:\/\/www.heartgenetics.com\/pt\/data-privacy-policy\/","title":{"rendered":"POL\u00cdTICA DE PRIVACIDADE DE DADOS"},"content":{"rendered":"<p>A HeartGenetics respeita a sua privacidade. Esta Pol\u00edtica de Privacidade de Dados destina-se a definir os seus direitos e a responder a quaisquer perguntas que possa ter sobre os seus dados pessoais.<\/p>\n<p>Os seus dados ser\u00e3o processados pela HeartGenetics, Genetics &amp; Biotechnology, S.A. (HeartGenetics), entidade legal no. 510575994, com sede social no Biocant Park, N\u00facleo 4, Lote 4A, 3060-197 Cantanhede, referida neste documento como &#8220;HeartGenetics&#8221; ou &#8220;n\u00f3s&#8221;.<\/p>\n<p><span style=\"font-weight: 400;\">A HeartGenetics \u00e9 a respons\u00e1vel pelo tratamento dos dados pessoais, tal como definido no Regulamento Geral de Protec\u00e7\u00e3o de Dados (\u201cRGPD\u201d).<\/span><\/p>\n<p><strong>Porque \u00e9 que a HeartGenetics processa dados pessoais?<\/strong><\/p>\n<p>A HeartGenetics s\u00f3 processa dados pessoais em determinadas situa\u00e7\u00f5es:<\/p>\n<p style=\"padding-left: 30px;\">&#8211;<span style=\"font-weight: 400;\">Se for necess\u00e1rio processar os dados para prestar um servi\u00e7o que solicitou;<\/span><\/p>\n<p style=\"padding-left: 30px;\">-Se formos legalmente obrigados a tratar os dados pessoais,<\/p>\n<p style=\"padding-left: 30px;\">-Se tiver dado explicitamente a sua permiss\u00e3o para o fazer;<\/p>\n<p style=\"padding-left: 30px;\">&#8211; Ou, se for necess\u00e1rio para o interesse p\u00fablico ou para um fim leg\u00edtimo.<\/p>\n<p><strong>Para que \u00e9 que a HeartGenetics processa os seus dados?<\/strong><\/p>\n<p>A HeartGenetics apenas recolhe os dados pessoais necess\u00e1rios para realizar um servi\u00e7o solicitado por si (ou por terceiros).<\/p>\n<p><span style=\"font-weight: 400;\">A HeartGenetics pode contact\u00e1-lo para fins de marketing relacionados com servi\u00e7os j\u00e1 contratados ou que tenha consentido no tratamento dos seus dados pessoais para esse fim. Damos aos utilizadores a oportunidade de cancelar a subscri\u00e7\u00e3o das nossas listas de correio atrav\u00e9s de um bot\u00e3o \u201cunsubscribe\u201d que est\u00e1 dispon\u00edvel na parte inferior das mensagens de correio electr\u00f3nico, ou atrav\u00e9s de um pedido enviado para dpo@heartgenetics.com.<\/span><\/p>\n<p><span style=\"font-weight: 400;\">O seu consentimento \u00e9 essencial para que a HeartGenetics processe os seus dados pessoais para determinados fins, incluindo a utiliza\u00e7\u00e3o da webapp da HeartGenetics.<\/span><\/p>\n<p><strong>Como \u00e9 que a HeartGenetics processa os seus dados pessoais?<\/strong><\/p>\n<p><span style=\"font-weight: 400;\">A HeartGenetics n\u00e3o vender\u00e1, alugar\u00e1, emprestar\u00e1, trocar\u00e1 ou far\u00e1 leasing de qualquer informa\u00e7\u00e3o pessoal recolhida online ou offline. A HeartGenetics n\u00e3o partilhar\u00e1 os seus dados pessoais com terceiros e toda a informa\u00e7\u00e3o deve ser mantida confidencial a menos <\/span><span style=\"font-weight: 400;\">que d\u00ea o seu consentimento expl\u00edcito para a partilhar.<\/span><\/p>\n<p><span style=\"font-weight: 400;\">Todos os dados pessoais s\u00e3o sempre tratados como confidenciais e nunca s\u00e3o tornados p\u00fablicos. Os seus dados s\u00f3 s\u00e3o utilizados para o servi\u00e7o que solicitou (a menos que as condi\u00e7\u00f5es descritas no par\u00e1grafo acima sejam cumpridas) e nunca passamos os dados de contacto a terceiros para fins comerciais.<\/span><\/p>\n<p><span style=\"font-weight: 400;\">Apenas indiv\u00edduos autorizados t\u00eam acesso \u00e0s informa\u00e7\u00f5es fornecidas pelos nossos contatos.<\/span><\/p>\n<p><strong>Quais s\u00e3o os meus direitos?<br \/>\n<\/strong><\/p>\n<p>Em qualquer altura que possa:<\/p>\n<p><strong>&#8211; Aceder <\/strong><span style=\"font-weight: 400;\">\u00e0 informa\u00e7\u00e3o que a HeartGenetics det\u00e9m sobre si: <\/span><strong><span style=\"font-weight: 400;\">Como titular dos dados tem o direito de obter confirma\u00e7\u00e3o sobre se os dados que lhe dizem respeito est\u00e3o ou n\u00e3o a ser processados e, em caso afirmativo, de aceder aos seus dados pessoais e \u00e0s informa\u00e7\u00f5es fornecidas por lei.<\/span>\u00a0<\/strong><\/p>\n<p><strong>&#8211; Corrigir <\/strong><span style=\"font-weight: 400;\">as informa\u00e7\u00f5es se estas forem inexatas ou incompletas:\u00a0<\/span><span style=\"font-weight: 400;\">Como titular dos dados tem o direito de exigir \u00e0 HeartGenetics que corrija sem demora indevida quaisquer dados inexatos ou incompletos que lhe digam respeito.<\/span><\/p>\n<p><strong>&#8211; Eliminar <\/strong><span style=\"font-weight: 400;\">os seus dados pessoais:\u00a0<\/span><span style=\"font-weight: 400;\">Como titular dos dados, tem o direito de pedir \u00e0 HeartGenetics que apague os seus dados e a HeartGenetics \u00e9 obrigada a apagar os seus dados pessoais sem atrasos indevidos, em particular quando se aplica uma das seguintes raz\u00f5es:<\/span><\/p>\n<p style=\"padding-left: 60px;\">a) <span style=\"font-weight: 400;\">Os dados pessoais j\u00e1 n\u00e3o s\u00e3o necess\u00e1rios para os fins para os quais foram recolhidos ou tratados;<\/span><\/p>\n<p style=\"padding-left: 60px;\">b) <span style=\"font-weight: 400;\">Retirou o seu consentimento para o tratamento dos seus dados pessoais (nos casos em que o tratamento se baseia no consentimento) e n\u00e3o existem outros motivos para esse tratamento;<\/span><\/p>\n<p style=\"padding-left: 60px;\">c) <span style=\"font-weight: 400;\">Op\u00f4s-se ao processamento e n\u00e3o prevalecem interesses leg\u00edtimos que justifiquem o processamento.<\/span><\/p>\n<p><strong>&#8211; Limitar <\/strong><span style=\"font-weight: 400;\">o tratamento dos seus dados pessoais: <\/span><span style=\"font-weight: 400;\">Como titular dos dados tem o direito de pedir \u00e0 HeartGenetics que limite o tratamento dos seus dados, se ocorrer uma das seguintes situa\u00e7\u00f5es:<\/span><\/p>\n<p style=\"padding-left: 60px;\">(a) <span style=\"font-weight: 400;\">Contestar a exatid\u00e3o dos seus dados pessoais, durante um per\u00edodo que permita \u00e0 HeartGenetics verificar a sua exatid\u00e3o;<\/span><\/p>\n<p style=\"padding-left: 60px;\">b) <span style=\"font-weight: 400;\">O tratamento dos dados \u00e9 l\u00edcito, e op\u00f5e-se ao apagamento dos seus dados pessoais mas solicita, em vez disso, que a sua utiliza\u00e7\u00e3o seja limitada;<\/span><\/p>\n<p style=\"padding-left: 60px;\">c) <span style=\"font-weight: 400;\">A HeartGenetics j\u00e1 n\u00e3o necessita dos dados pessoais para efeitos de tratamento, mas estes dados s\u00e3o necess\u00e1rios para estabelecer, exercer ou defender reivindica\u00e7\u00f5es legais;<\/span><\/p>\n<p style=\"padding-left: 60px;\">d) <span style=\"font-weight: 400;\">Se se opuser ao tratamento, mesmo que se verifique que as raz\u00f5es leg\u00edtimas do respons\u00e1vel pelo tratamento de dados s\u00e3o superiores \u00e0s da pessoa em causa.<\/span><\/p>\n<p><strong>&#8211; Opor-se <\/strong>ao tratamento dos seus dados pessoais: <span style=\"font-weight: 400;\">Nos casos em que o tratamento de dados seja efetuado i) para fins de interesses leg\u00edtimos prosseguidos pela HeartGenetics ou ii) para fins de marketing direto ou iii) para criar perfis, poder\u00e1 tamb\u00e9m opor-se ao tratamento dos seus dados pessoais em qualquer altura.<\/span><strong><br \/>\n<\/strong><\/p>\n<p>&#8211; <strong>Retirar<\/strong> o consentimento: <span style=\"font-weight: 400;\">Se o tratamento depender do seu consentimento, tem o direito de retir\u00e1-lo. Se o consentimento for legalmente exigido para o processamento de dados pessoais, o titular dos dados tem o direito de retirar o consentimento em qualquer altura. No entanto, este direito n\u00e3o compromete a legalidade de qualquer processamento efectuado com base no consentimento previamente dado. Tamb\u00e9m n\u00e3o compromete o subsequente tratamento dos mesmos dados noutra base legal, tal como o cumprimento de qualquer contrato ou obriga\u00e7\u00e3o legal a que a He<\/span><span style=\"font-weight: 400;\">artGenetics esteja sujeita.<\/span><\/p>\n<p><strong>O que posso fazer em rela\u00e7\u00e3o aos meus pr\u00f3prios dados pessoais?<\/strong><\/p>\n<p>Se desejar exercer algum dos seus direitos, deve contactar-nos, por escrito, atrav\u00e9s do e-mail <a href=\"mailto:dpo@heartgenetics.com\">d<\/a><a href=\"mailto:dpo@heartgenetics.com\">po@heartgenetics.com<\/a>.<\/p>\n<p><span style=\"font-weight: 400;\">Os seus pedidos ser\u00e3o tratados com especial cuidado para que possamos assegurar a efic\u00e1cia dos seus direitos. Poder\u00e1 ser-lhe pedido que apresente provas da sua identidade para assegurar que os seus dados pessoais sejam apenas partilhados com o titular dos dados.<\/span><\/p>\n<p><span style=\"font-weight: 400;\">Dever\u00e1 estar ciente de que em certos casos (por exemplo, devido a requisitos legais) poder\u00e1 n\u00e3o ser poss\u00edvel tratar imediatamente o seu pedido. Em qualquer caso, ser\u00e1 informado das medidas tomadas em resposta ao seu pedido no prazo de um m\u00eas a partir da data de apresenta\u00e7\u00e3o do pedido.<\/span><\/p>\n<p>Se considerar que os seus dados foram incorretamente processados, pode apresentar uma queixa junto da Autoridade Portuguesa para a Prote\u00e7\u00e3o de Dados (CNPD): <a href=\"http:\/\/www.cnpd.pt\">www.cnpd.pt<\/a>).<\/p>\n<p><strong>HeartGenetics mant\u00e9m os meus dados pessoais seguros?<\/strong><\/p>\n<p><span style=\"font-weight: 400;\">Os seus dados s\u00e3o processados em seguran\u00e7a. Por conseguinte, utilizamos v\u00e1rias tecnologias e medidas de seguran\u00e7a para proteger os seus dados contra o acesso, utiliza\u00e7\u00e3o, perda, ou publica\u00e7\u00e3o n\u00e3o autorizados. Estas tecnologias e medidas s\u00e3o testadas regularmente e atualizadas, se necess\u00e1rio. Utilizamos tecnologias de encripta\u00e7\u00e3o de ponta que protegem os seus dados durante a comunica\u00e7\u00e3o e armazenamento, e mantemos os seus dados protegidos contra perdas. As nossas bases de dados encontram-se na Uni\u00e3o Europeia.<\/span><\/p>\n<p><strong>Durante quanto tempo \u00e9 que a HeartGenetics mant\u00e9m os meus dados pessoais?<\/strong><\/p>\n<p><span style=\"font-weight: 400;\">Os seus dados s\u00e3o mantidos pela HeartGenetics at\u00e9 que o objetivo da recolha seja alcan\u00e7ado, e s\u00e3o removidos ou completamente anonimizados no prazo de 10 anos ap\u00f3s a consecu\u00e7\u00e3o do seu objetivo, a menos que outro per\u00edodo de armazenamento derive da legisla\u00e7\u00e3o aplic\u00e1vel.<\/span><\/p>\n<p>Se tiver mais perguntas sobre as nossas pr\u00e1ticas de privacidade, pode contactar-nos atrav\u00e9s de\u00a0 <a href=\"mailto:dpo@heartgenetics.com\">dpo@heartgenetics.com<\/a><\/p>\n<p>Por favor, esteja ciente de que a HeartGenetics atualiza ocasionalmente esta Pol\u00edtica de Privacidade. Por isso, pedimos-lhe que reveja este documento de vez em quando para se manter atualizado.<\/p>\n<p style=\"text-align: right;\"><span style=\"font-weight: 400;\">\u00daltima actualiza\u00e7\u00e3o<\/span>: <span style=\"font-weight: 400;\">Mar\u00e7o 2023<\/span><\/p>\n","protected":false},"excerpt":{"rendered":"<p>A HeartGenetics respeita a sua privacidade. Esta Pol\u00edtica de Privacidade de Dados destina-se a definir os seus direitos e a responder a quaisquer perguntas que [&hellip;]<\/p>\n","protected":false},"author":66,"featured_media":0,"parent":0,"menu_order":76,"comment_status":"closed","ping_status":"closed","template":"","meta":{"_acf_changed":false,"footnotes":""},"class_list":["post-12667","page","type-page","status-publish","hentry"],"acf":[],"aioseo_notices":[],"_links":{"self":[{"href":"https:\/\/www.heartgenetics.com\/pt\/wp-json\/wp\/v2\/pages\/12667","targetHints":{"allow":["GET"]}}],"collection":[{"href":"https:\/\/www.heartgenetics.com\/pt\/wp-json\/wp\/v2\/pages"}],"about":[{"href":"https:\/\/www.heartgenetics.com\/pt\/wp-json\/wp\/v2\/types\/page"}],"author":[{"embeddable":true,"href":"https:\/\/www.heartgenetics.com\/pt\/wp-json\/wp\/v2\/users\/66"}],"replies":[{"embeddable":true,"href":"https:\/\/www.heartgenetics.com\/pt\/wp-json\/wp\/v2\/comments?post=12667"}],"version-history":[{"count":13,"href":"https:\/\/www.heartgenetics.com\/pt\/wp-json\/wp\/v2\/pages\/12667\/revisions"}],"predecessor-version":[{"id":15266,"href":"https:\/\/www.heartgenetics.com\/pt\/wp-json\/wp\/v2\/pages\/12667\/revisions\/15266"}],"wp:attachment":[{"href":"https:\/\/www.heartgenetics.com\/pt\/wp-json\/wp\/v2\/media?parent=12667"}],"curies":[{"name":"wp","href":"https:\/\/api.w.org\/{rel}","templated":true}]}}