{"id":12659,"date":"2016-07-18T15:44:28","date_gmt":"2016-07-18T14:44:28","guid":{"rendered":"https:\/\/www.heartgenetics.com\/about-us\/financed-projects\/"},"modified":"2022-10-25T15:04:32","modified_gmt":"2022-10-25T14:04:32","slug":"financed-projects","status":"publish","type":"page","link":"https:\/\/www.heartgenetics.com\/pt\/sobre-nos\/financed-projects\/","title":{"rendered":"Projetos financiados pela UE"},"content":{"rendered":"<h1 class=\"wp-block-heading\">Projetos Financiados pela Uni\u00e3o Europeia<\/h1><noscript class=\"loading-lazy\"><figure class=\"wp-block-image size-full is-resized\"><a href=\"https:\/\/www.heartgenetics.com\/files\/uploads\/2022\/05\/POCentro_PT2020_FEDER_Bom-1024x155-1.png\"><img loading=\"lazy\" decoding=\"async\" src=\"https:\/\/www.heartgenetics.com\/files\/uploads\/2022\/05\/POCentro_PT2020_FEDER_Bom-1024x155-1.png\" alt=\"\" class=\"wp-image-12387\" width=\"768\" height=\"116\" srcset=\"https:\/\/www.heartgenetics.com\/files\/uploads\/2022\/05\/POCentro_PT2020_FEDER_Bom-1024x155-1.png 1024w, https:\/\/www.heartgenetics.com\/files\/uploads\/2022\/05\/POCentro_PT2020_FEDER_Bom-1024x155-1-300x45.png 300w, https:\/\/www.heartgenetics.com\/files\/uploads\/2022\/05\/POCentro_PT2020_FEDER_Bom-1024x155-1-768x116.png 768w, https:\/\/www.heartgenetics.com\/files\/uploads\/2022\/05\/POCentro_PT2020_FEDER_Bom-1024x155-1-600x91.png 600w\" sizes=\"auto, (max-width: 768px) 100vw, 768px\" \/><\/a><\/figure><\/noscript><p>Dado o compromisso da HeartGenetics com um elevado n\u00edvel de qualidade em todos os nossos servi\u00e7os e produtos, a HeartGenetics tem vindo a desenvolver v\u00e1rios projetos aprovados e financiados por Portugal 2020 (Centro 2020), formando o Fundo Europeu de Desenvolvimento Regional.<\/p><p>O Programa Operacional da Regi\u00e3o Centro, para o per\u00edodo entre 2014 e 2020, conhecido como Centro 2020, \u00e9 baseado numa estrat\u00e9gia de desenvolvimento regional, partilhada e constru\u00edda atrav\u00e9s de uma forte mobiliza\u00e7\u00e3o de todos os parceiros regionais.<\/p><p>Com a aplica\u00e7\u00e3o dos fundos europeus subscritos no Centro 2020, a Regi\u00e3o Centro esfor\u00e7a-se por se tornar Seguidor da Inova\u00e7\u00e3o, para representar 20% do PIB nacional convergir para os n\u00edveis de produtividade nacional, para diminuir as assimetrias territoriais em 10%, para ter 40% da gera\u00e7\u00e3o jovem com educa\u00e7\u00e3o superior e uma taxa de desemprego 70% mais baixa do que a m\u00e9dia nacional.<\/p><p>As prioridades da Regi\u00e3o Centro de Portugal ser\u00e3o, at\u00e9 2020, sustentar e refor\u00e7ar a cria\u00e7\u00e3o de valor e transfer\u00eancia de conhecimentos, promover um tecido econ\u00f3mico respons\u00e1vel, industrializado e exportador, captar e reter talentos inovadores e qualificados, refor\u00e7ar a coes\u00e3o territorial, organizar uma rede polic\u00eantrica de cidades de tamanho m\u00e9dio, melhorar a vitalidade e sustentabilidade das infraestruturas existentes e consolidar o refor\u00e7o da capacidade institucional.<\/p><p><strong>Os projetos aprovados e financiados pela HeartGenetics s\u00e3o:<\/strong><\/p><ul class=\"wp-block-list\"><li><a href=\"https:\/\/www.heartgenetics.com\/financed-projects\/oncoalvo\/\">OncoAlvo<\/a><\/li><li><a href=\"https:\/\/www.heartgenetics.com\/financed-projects\/dnarterial-decoder\/\">DNArterial DECODER<\/a><\/li><li><a href=\"https:\/\/www.heartgenetics.com\/financed-projects\/forward2future\/\">Forward2Future<\/a><\/li><li><a href=\"https:\/\/www.heartgenetics.com\/financed-projects\/forward2export\/\">Forward2Export<\/a><\/li><li><a href=\"https:\/\/www.heartgenetics.com\/financed-projects\/vinci\/\">Vinci<\/a><\/li><\/ul><hr class=\"wp-block-separator has-css-opacity\"\/><div class=\"wp-block-kobu-custom-blocks-responsive-spacer responsive-spacer size-medium\"><\/div><p>De modo a manter o compromisso de qualidade que praticamos em todos os nossos servi\u00e7os e produtos, a HeartGenetics tem vindo a desenvolver projetos aprovados e financiados pelo Portugal 2020, Centro 2020 provenientes do Fundo Europeu de Desenvolvimento Regional.<\/p><p>O Programa Operacional da Regi\u00e3o Centro, para o per\u00edodo 2014-2020 (CENTRO 2020), tem como base uma estrat\u00e9gia de desenvolvimento regional partilhada e constru\u00edda atrav\u00e9s de uma forte mobiliza\u00e7\u00e3o de todos os parceiros regionais.<\/p><p>Com a aplica\u00e7\u00e3o dos fundos comunit\u00e1rios inscritos no Programa Operacional, a Regi\u00e3o Centro ambiciona tornar-se Innovation Follower, representar 20% do PIB Nacional e convergir para os n\u00edveis de produtividade nacional, diminuir em 10% as assimetrias territoriais, ter 40% da popula\u00e7\u00e3o jovem com forma\u00e7\u00e3o superior e ter uma taxa de desemprego inferior a 70% da m\u00e9dia nacional.<\/p><p>A Regi\u00e3o Centro ter\u00e1, assim, como prioridades, at\u00e9 2020, sustentar e refor\u00e7ar a cria\u00e7\u00e3o de valor e a transfer\u00eancia de conhecimento, promover um tecido econ\u00f3mico respons\u00e1vel, industrializado e exportador, captar e reter talento qualificado e inovador, refor\u00e7ar a coes\u00e3o territorial, estruturar uma rede polic\u00eantrica de cidades de m\u00e9dia dimens\u00e3o, dar vida e sustentabilidade a infraestruturas existentes e consolidar a capacita\u00e7\u00e3o institucional.<\/p><p>Conhe\u00e7a melhor os nossos projetos:<\/p><ul class=\"wp-block-list\"><li><a href=\"https:\/\/www.heartgenetics.com\/financed-projects\/oncoalvo\/\">OncoAlvo<\/a><\/li><li><a href=\"https:\/\/www.heartgenetics.com\/financed-projects\/dnarterial-decoder\/\">DNArterial DECODER<\/a><\/li><li><a href=\"https:\/\/www.heartgenetics.com\/financed-projects\/forward2future\/\">Forward2Future<\/a><\/li><li><a href=\"https:\/\/www.heartgenetics.com\/financed-projects\/forward2export\/\">Forward2Export<\/a><\/li><li><a href=\"https:\/\/www.heartgenetics.com\/financed-projects\/vinci\/\">Vinci<\/a><\/li><\/ul>","protected":false},"excerpt":{"rendered":"<p>Projetos Financiados pela Uni\u00e3o Europeia Dado o compromisso da HeartGenetics com um elevado n\u00edvel de qualidade em todos os nossos servi\u00e7os e produtos, a HeartGenetics [&hellip;]<\/p>\n","protected":false},"author":1,"featured_media":0,"parent":14308,"menu_order":50,"comment_status":"closed","ping_status":"closed","template":"","meta":{"_acf_changed":false,"footnotes":""},"class_list":["post-12659","page","type-page","status-publish","hentry"],"acf":[],"aioseo_notices":[],"_links":{"self":[{"href":"https:\/\/www.heartgenetics.com\/pt\/wp-json\/wp\/v2\/pages\/12659","targetHints":{"allow":["GET"]}}],"collection":[{"href":"https:\/\/www.heartgenetics.com\/pt\/wp-json\/wp\/v2\/pages"}],"about":[{"href":"https:\/\/www.heartgenetics.com\/pt\/wp-json\/wp\/v2\/types\/page"}],"author":[{"embeddable":true,"href":"https:\/\/www.heartgenetics.com\/pt\/wp-json\/wp\/v2\/users\/1"}],"replies":[{"embeddable":true,"href":"https:\/\/www.heartgenetics.com\/pt\/wp-json\/wp\/v2\/comments?post=12659"}],"version-history":[{"count":6,"href":"https:\/\/www.heartgenetics.com\/pt\/wp-json\/wp\/v2\/pages\/12659\/revisions"}],"predecessor-version":[{"id":14598,"href":"https:\/\/www.heartgenetics.com\/pt\/wp-json\/wp\/v2\/pages\/12659\/revisions\/14598"}],"up":[{"embeddable":true,"href":"https:\/\/www.heartgenetics.com\/pt\/wp-json\/wp\/v2\/pages\/14308"}],"wp:attachment":[{"href":"https:\/\/www.heartgenetics.com\/pt\/wp-json\/wp\/v2\/media?parent=12659"}],"curies":[{"name":"wp","href":"https:\/\/api.w.org\/{rel}","templated":true}]}}