{"id":12655,"date":"2017-10-16T09:39:27","date_gmt":"2017-10-16T08:39:27","guid":{"rendered":"https:\/\/www.heartgenetics.com\/about-us\/awards-recognitions\/"},"modified":"2023-02-03T11:33:06","modified_gmt":"2023-02-03T11:33:06","slug":"awards-recognitions","status":"publish","type":"page","link":"https:\/\/www.heartgenetics.com\/pt\/sobre-nos\/awards-recognitions\/","title":{"rendered":"Pr\u00e9mios &#038; Reconhecimentos"},"content":{"rendered":"<div class=\"multiple-row-columns alignwide has-3-columns has-style-simpleleft\">\n\t\t<div class=\"multiple-row-columns-wrapper\" data-columns=\"3\">\n\t\t\t\t\t\t\t<div class=\"column\">\n\t\t\t\t\t\t\t\t\t\t\t<p class=\"title\">2021<\/p>\n\t\t\t\t\t\n\t\t\t\t\t\t\t\t\t\t\t<noscript class=\"loading-lazy\">\t\t\t\t\t\t<img loading=\"lazy\" decoding=\"async\" width=\"640\" height=\"193\" src=\"https:\/\/www.heartgenetics.com\/files\/uploads\/2023\/02\/2021-Healthcare-Pharmaceutical-Awards-Logo-supplement-version-768x232.png\" class=\"attachment-medium_large size-medium_large\" alt=\"\" srcset=\"https:\/\/www.heartgenetics.com\/files\/uploads\/2023\/02\/2021-Healthcare-Pharmaceutical-Awards-Logo-supplement-version-768x232.png 768w, https:\/\/www.heartgenetics.com\/files\/uploads\/2023\/02\/2021-Healthcare-Pharmaceutical-Awards-Logo-supplement-version-300x91.png 300w, https:\/\/www.heartgenetics.com\/files\/uploads\/2023\/02\/2021-Healthcare-Pharmaceutical-Awards-Logo-supplement-version-1024x309.png 1024w, https:\/\/www.heartgenetics.com\/files\/uploads\/2023\/02\/2021-Healthcare-Pharmaceutical-Awards-Logo-supplement-version-600x181.png 600w, https:\/\/www.heartgenetics.com\/files\/uploads\/2023\/02\/2021-Healthcare-Pharmaceutical-Awards-Logo-supplement-version.png 1252w\" sizes=\"auto, (max-width: 640px) 100vw, 640px\" \/>\t\t\t\t\t\t<\/noscript>\t\t\t\t\t\n\t\t\t\t\t\t\t\t\t\t\t<div class=\"description\"><p>O Teste MyPharmaGenes\u00ae foi distinguido com o pr\u00e9mio Healthcare and Pharmaceutical Awards em 2021.<\/p>\n<\/div>\n\t\t\t\t\t\n\t\t\t\t\t\t\t\t\t<\/div>\n\t\t\t\t\t\t\t<div class=\"column\">\n\t\t\t\t\t\t\t\t\t\t\t<p class=\"title\">2020<\/p>\n\t\t\t\t\t\n\t\t\t\t\t\t\t\t\t\t\t<noscript class=\"loading-lazy\">\t\t\t\t\t\t<img loading=\"lazy\" decoding=\"async\" width=\"640\" height=\"495\" src=\"https:\/\/www.heartgenetics.com\/files\/uploads\/2023\/02\/glintt-logo-fb-768x594.jpg\" class=\"attachment-medium_large size-medium_large\" alt=\"\" srcset=\"https:\/\/www.heartgenetics.com\/files\/uploads\/2023\/02\/glintt-logo-fb-768x594.jpg 768w, https:\/\/www.heartgenetics.com\/files\/uploads\/2023\/02\/glintt-logo-fb-300x232.jpg 300w, https:\/\/www.heartgenetics.com\/files\/uploads\/2023\/02\/glintt-logo-fb-1024x791.jpg 1024w, https:\/\/www.heartgenetics.com\/files\/uploads\/2023\/02\/glintt-logo-fb-600x464.jpg 600w, https:\/\/www.heartgenetics.com\/files\/uploads\/2023\/02\/glintt-logo-fb.jpg 1039w\" sizes=\"auto, (max-width: 640px) 100vw, 640px\" \/>\t\t\t\t\t\t<\/noscript>\t\t\t\t\t\n\t\t\t\t\t\t\t\t\t\t\t<div class=\"description\"><p>O Teste MyPharmaGenes\u00ae foi distinguido com o pr\u00e9mio Global Intelligent Technologies em 2020.<\/p>\n<\/div>\n\t\t\t\t\t\n\t\t\t\t\t\t\t\t\t<\/div>\n\t\t\t\t\t\t\t<div class=\"column\">\n\t\t\t\t\t\t\t\t\t\t\t<p class=\"title\">2016<\/p>\n\t\t\t\t\t\n\t\t\t\t\t\t\t\t\t\t\t<noscript class=\"loading-lazy\">\t\t\t\t\t\t<img loading=\"lazy\" decoding=\"async\" width=\"193\" height=\"96\" src=\"https:\/\/www.heartgenetics.com\/files\/uploads\/2014\/08\/eit-digital-logo.png\" class=\"attachment-medium_large size-medium_large\" alt=\"\" srcset=\"https:\/\/www.heartgenetics.com\/files\/uploads\/2014\/08\/eit-digital-logo.png 193w, https:\/\/www.heartgenetics.com\/files\/uploads\/2014\/08\/eit-digital-logo-150x75.png 150w\" sizes=\"auto, (max-width: 193px) 100vw, 193px\" \/>\t\t\t\t\t\t<\/noscript>\t\t\t\t\t\n\t\t\t\t\t\t\t\t\t\t\t<div class=\"description\"><p>EIT GoGlobal DigiHealth \u00e9 um programa concebido para preparar e apoiar empres\u00e1rios que trabalham em cuidados de sa\u00fade digitais para expandir a sua vis\u00e3o e neg\u00f3cios para o mercado dos EUA. HeartGenetics foi premiado com uma participa\u00e7\u00e3o neste programa em 2016 no Vale do Sil\u00edcio.<\/p>\n<\/div>\n\t\t\t\t\t\n\t\t\t\t\t\t\t\t\t<\/div>\n\t\t\t\t\t\t\t<div class=\"column\">\n\t\t\t\t\t\t\t\t\t\t\t<p class=\"title\">2016<\/p>\n\t\t\t\t\t\n\t\t\t\t\t\t\t\t\t\t\t<noscript class=\"loading-lazy\">\t\t\t\t\t\t<img loading=\"lazy\" decoding=\"async\" width=\"640\" height=\"163\" src=\"https:\/\/www.heartgenetics.com\/files\/uploads\/2014\/08\/InnoStars-1-768x196.png\" class=\"attachment-medium_large size-medium_large\" alt=\"\" srcset=\"https:\/\/www.heartgenetics.com\/files\/uploads\/2014\/08\/InnoStars-1-768x196.png 768w, https:\/\/www.heartgenetics.com\/files\/uploads\/2014\/08\/InnoStars-1-600x154.png 600w, https:\/\/www.heartgenetics.com\/files\/uploads\/2014\/08\/InnoStars-1-300x77.png 300w, https:\/\/www.heartgenetics.com\/files\/uploads\/2014\/08\/InnoStars-1-1024x262.png 1024w, https:\/\/www.heartgenetics.com\/files\/uploads\/2014\/08\/InnoStars-1-150x38.png 150w, https:\/\/www.heartgenetics.com\/files\/uploads\/2014\/08\/InnoStars-1.png 1200w\" sizes=\"auto, (max-width: 640px) 100vw, 640px\" \/>\t\t\t\t\t\t<\/noscript>\t\t\t\t\t\n\t\t\t\t\t\t\t\t\t\t\t<div class=\"description\"><p>EIT GoEurope \u00e9 um programa concebido para preparar e apoiar os empres\u00e1rios a expandir a sua vis\u00e3o e o seu neg\u00f3cio para o mercado da UE. HeartGenetics foi premiado, 2016, com uma subven\u00e7\u00e3o de 50K euros para apoiar a sua entrada no mercado na Europa.<\/p>\n<\/div>\n\t\t\t\t\t\n\t\t\t\t\t\t\t\t\t<\/div>\n\t\t\t\t\t\t\t<div class=\"column\">\n\t\t\t\t\t\t\t\t\t\t\t<p class=\"title\">2016<\/p>\n\t\t\t\t\t\n\t\t\t\t\t\n\t\t\t\t\t\t\t\t\t\t\t<div class=\"description\"><p>Sa\u00fade 2.0 &#8211; Trac\u00e7\u00e3o 2016: HeartGenetics foi finalista e teve a possibilidade de lan\u00e7ar no Health 2.0 Santa B\u00e1rbara, SV.<\/p>\n<\/div>\n\t\t\t\t\t\n\t\t\t\t\t\t\t\t\t<\/div>\n\t\t\t\t\t\t\t<div class=\"column\">\n\t\t\t\t\t\t\t\t\t\t\t<p class=\"title\">2015<\/p>\n\t\t\t\t\t\n\t\t\t\t\t\t\t\t\t\t\t<noscript class=\"loading-lazy\">\t\t\t\t\t\t<img loading=\"lazy\" decoding=\"async\" width=\"193\" height=\"96\" src=\"https:\/\/www.heartgenetics.com\/files\/uploads\/2014\/08\/WHS-logo.png\" class=\"attachment-medium_large size-medium_large\" alt=\"\" srcset=\"https:\/\/www.heartgenetics.com\/files\/uploads\/2014\/08\/WHS-logo.png 193w, https:\/\/www.heartgenetics.com\/files\/uploads\/2014\/08\/WHS-logo-150x75.png 150w\" sizes=\"auto, (max-width: 193px) 100vw, 193px\" \/>\t\t\t\t\t\t<\/noscript>\t\t\t\t\t\n\t\t\t\t\t\t\t\t\t\t\t<div class=\"description\"><p class=\"p1\">A HeartGenetics foi selecionada como uma das dez empresas de sa\u00fade mais inovadoras do mundo durante a Cimeira Mundial da Sa\u00fade de 2015.<\/p>\n<\/div>\n\t\t\t\t\t\n\t\t\t\t\t\t\t\t\t<\/div>\n\t\t\t\t\t\t\t<div class=\"column\">\n\t\t\t\t\t\t\t\t\t\t\t<p class=\"title\">2013<\/p>\n\t\t\t\t\t\n\t\t\t\t\t\t\t\t\t\t\t<noscript class=\"loading-lazy\">\t\t\t\t\t\t<img loading=\"lazy\" decoding=\"async\" width=\"193\" height=\"146\" src=\"https:\/\/www.heartgenetics.com\/files\/uploads\/2014\/08\/everis-winner-1.png\" class=\"attachment-medium_large size-medium_large\" alt=\"\" srcset=\"https:\/\/www.heartgenetics.com\/files\/uploads\/2014\/08\/everis-winner-1.png 193w, https:\/\/www.heartgenetics.com\/files\/uploads\/2014\/08\/everis-winner-1-150x113.png 150w\" sizes=\"auto, (max-width: 193px) 100vw, 193px\" \/>\t\t\t\t\t\t<\/noscript>\t\t\t\t\t\n\t\t\t\t\t\t\t\t\t\t\t<div class=\"description\"><p>A Fundaci\u00f3n Everis premiou a abordagem HeartGenetics aos testes gen\u00e9ticos com o Pr\u00e9mio Internacional de Inova\u00e7\u00e3o em 2013.<\/p>\n<\/div>\n\t\t\t\t\t\n\t\t\t\t\t\t\t\t\t<\/div>\n\t\t\t\t\t<\/div>\n\t<\/div>","protected":false},"excerpt":{"rendered":"","protected":false},"author":68,"featured_media":0,"parent":14308,"menu_order":49,"comment_status":"closed","ping_status":"closed","template":"","meta":{"_acf_changed":false,"footnotes":""},"class_list":["post-12655","page","type-page","status-publish","hentry"],"acf":[],"aioseo_notices":[],"_links":{"self":[{"href":"https:\/\/www.heartgenetics.com\/pt\/wp-json\/wp\/v2\/pages\/12655","targetHints":{"allow":["GET"]}}],"collection":[{"href":"https:\/\/www.heartgenetics.com\/pt\/wp-json\/wp\/v2\/pages"}],"about":[{"href":"https:\/\/www.heartgenetics.com\/pt\/wp-json\/wp\/v2\/types\/page"}],"author":[{"embeddable":true,"href":"https:\/\/www.heartgenetics.com\/pt\/wp-json\/wp\/v2\/users\/68"}],"replies":[{"embeddable":true,"href":"https:\/\/www.heartgenetics.com\/pt\/wp-json\/wp\/v2\/comments?post=12655"}],"version-history":[{"count":10,"href":"https:\/\/www.heartgenetics.com\/pt\/wp-json\/wp\/v2\/pages\/12655\/revisions"}],"predecessor-version":[{"id":14978,"href":"https:\/\/www.heartgenetics.com\/pt\/wp-json\/wp\/v2\/pages\/12655\/revisions\/14978"}],"up":[{"embeddable":true,"href":"https:\/\/www.heartgenetics.com\/pt\/wp-json\/wp\/v2\/pages\/14308"}],"wp:attachment":[{"href":"https:\/\/www.heartgenetics.com\/pt\/wp-json\/wp\/v2\/media?parent=12655"}],"curies":[{"name":"wp","href":"https:\/\/api.w.org\/{rel}","templated":true}]}}