{"id":12650,"date":"2017-10-16T10:30:34","date_gmt":"2017-10-16T09:30:34","guid":{"rendered":"https:\/\/www.heartgenetics.com\/about-us\/advisory-board\/"},"modified":"2023-01-31T11:03:53","modified_gmt":"2023-01-31T11:03:53","slug":"advisory-board","status":"publish","type":"page","link":"https:\/\/www.heartgenetics.com\/pt\/sobre-nos\/advisory-board\/","title":{"rendered":"Conselho Consultivo"},"content":{"rendered":"<div class=\"team-members-block alignwide\">\n            <div class=\"team-members-wrapper\">\n                            <div class=\"team-item\">\n                    <div class=\"img-wrapper\">\n                        <div class=\"img-inner-wrapper\">\n                            <img loading=\"lazy\" decoding=\"async\" width=\"180\" height=\"300\" src=\"https:\/\/www.heartgenetics.com\/files\/uploads\/2022\/07\/nuno_cardim.webp\" class=\"coverimg\" alt=\"\" sizes=\"auto, (min-width: 601px) 50vw, 100vw\" \/>                        <\/div>\n                    <\/div>\n                    <div class=\"content-wrapper\">\n                        <h3 class=\"team-name\">Nuno Cardim<\/h3>\n                                                    <p class=\"position\">Cardiomiopatias<\/p>\n                                                                            <p class=\"short-description\">M\u00e9dico doutorado em Cardiologia;<br \/>\r\nChefe de Cardiologia Cl\u00ednica, Hospital da Luz, Lisboa;<br \/>\r\nMembro da Sociedade Europeia de Cardiologia;<br \/>\r\nEditor-chefe, Revista Portuguesa de Cardiologia.<\/p>\n                        \n                                            <\/div>\n                <\/div>\n                            <div class=\"team-item\">\n                    <div class=\"img-wrapper\">\n                        <div class=\"img-inner-wrapper\">\n                            <img loading=\"lazy\" decoding=\"async\" width=\"179\" height=\"300\" src=\"https:\/\/www.heartgenetics.com\/files\/uploads\/2022\/07\/fausto_pinto.webp\" class=\"coverimg\" alt=\"\" sizes=\"auto, (min-width: 601px) 50vw, 100vw\" \/>                        <\/div>\n                    <\/div>\n                    <div class=\"content-wrapper\">\n                        <h3 class=\"team-name\">F\u00e1usto Pinto<\/h3>\n                                                    <p class=\"position\">Cardiologista<\/p>\n                                                                            <p class=\"short-description\">Reitor da Faculdade de Medicina, Universidade de Lisboa, Portugal;<br \/>\r\nChefe do Departamento de Cardiologia, Hospital Universit\u00e1rio Sta Maria\/CHLN;<br \/>\r\nProfessor Catedr\u00e1tico de Medicina\/Cardiologia, Universidade de Lisboa, Portugal;<br \/>\r\nPresidente, Federa\u00e7\u00e3o Mundial do Cora\u00e7\u00e3o (WHF) (2021-2022);<br \/>\r\nEx-Presidente, Sociedade Europeia de Cardiologia (ESC).<\/p>\n                        \n                                            <\/div>\n                <\/div>\n                    <\/div>\n            <\/div>","protected":false},"excerpt":{"rendered":"","protected":false},"author":68,"featured_media":0,"parent":14308,"menu_order":48,"comment_status":"closed","ping_status":"closed","template":"","meta":{"_acf_changed":false,"footnotes":""},"class_list":["post-12650","page","type-page","status-publish","hentry"],"acf":[],"aioseo_notices":[],"_links":{"self":[{"href":"https:\/\/www.heartgenetics.com\/pt\/wp-json\/wp\/v2\/pages\/12650","targetHints":{"allow":["GET"]}}],"collection":[{"href":"https:\/\/www.heartgenetics.com\/pt\/wp-json\/wp\/v2\/pages"}],"about":[{"href":"https:\/\/www.heartgenetics.com\/pt\/wp-json\/wp\/v2\/types\/page"}],"author":[{"embeddable":true,"href":"https:\/\/www.heartgenetics.com\/pt\/wp-json\/wp\/v2\/users\/68"}],"replies":[{"embeddable":true,"href":"https:\/\/www.heartgenetics.com\/pt\/wp-json\/wp\/v2\/comments?post=12650"}],"version-history":[{"count":7,"href":"https:\/\/www.heartgenetics.com\/pt\/wp-json\/wp\/v2\/pages\/12650\/revisions"}],"predecessor-version":[{"id":14821,"href":"https:\/\/www.heartgenetics.com\/pt\/wp-json\/wp\/v2\/pages\/12650\/revisions\/14821"}],"up":[{"embeddable":true,"href":"https:\/\/www.heartgenetics.com\/pt\/wp-json\/wp\/v2\/pages\/14308"}],"wp:attachment":[{"href":"https:\/\/www.heartgenetics.com\/pt\/wp-json\/wp\/v2\/media?parent=12650"}],"curies":[{"name":"wp","href":"https:\/\/api.w.org\/{rel}","templated":true}]}}