{"id":12645,"date":"2017-10-16T09:38:59","date_gmt":"2017-10-16T08:38:59","guid":{"rendered":"https:\/\/www.heartgenetics.com\/about-us\/team\/"},"modified":"2025-02-12T17:42:13","modified_gmt":"2025-02-12T17:42:13","slug":"team","status":"publish","type":"page","link":"https:\/\/www.heartgenetics.com\/pt\/sobre-nos\/team\/","title":{"rendered":"Equipa"},"content":{"rendered":"<div class=\"wp-block-kobu-custom-blocks-section-wrapper alignfull kobu-section has-background has-quinary-background-color\"><div class=\"wp-block-kobu-custom-blocks-responsive-spacer responsive-spacer size-large\"><\/div>\n\n<p class=\"has-primary-color has-text-color has-medium-small-font-size\">Somos uma equipa multidisciplinar e altamente qualificada que cobre todos os aspetos do nosso neg\u00f3cio, desde a inform\u00e1tica, anal\u00edtica, gen\u00e9tica e biotecnologia at\u00e9 \u00e0 gest\u00e3o, economia e marketing. Estamos 100% empenhados na qualidade dos nossos produtos e servi\u00e7os.<\/p>\n\n<div class=\"wp-block-kobu-custom-blocks-responsive-spacer responsive-spacer size-large\"><\/div><\/div><div class=\"wp-block-kobu-custom-blocks-responsive-spacer responsive-spacer size-large\"><\/div><h2 class=\"alignwide wp-block-heading\">A nossa equipa<\/h2><div class=\"wp-block-kobu-custom-blocks-responsive-spacer responsive-spacer size-medium\"><\/div><div class=\"team-members-block alignwide\">\n            <div class=\"team-members-wrapper\">\n                            <div class=\"team-item\">\n                    <div class=\"img-wrapper\">\n                        <div class=\"img-inner-wrapper\">\n                            <img loading=\"lazy\" decoding=\"async\" width=\"192\" height=\"210\" src=\"https:\/\/www.heartgenetics.com\/files\/uploads\/2021\/04\/Picture1.png\" class=\"coverimg\" alt=\"\" sizes=\"auto, (min-width: 601px) 50vw, 100vw\" \/>                        <\/div>\n                    <\/div>\n                    <div class=\"content-wrapper\">\n                        <h3 class=\"team-name\">Helena Cid<\/h3>\n                                                    <p class=\"position\">Diretora Comercial e de Marketing<\/p>\n                                                \n                                                    <a href=\"https:\/\/www.heartgenetics.com\/pt\/team\/helena-cid\/\" class=\"btn ghost\">ler mais<\/a>\n                                            <\/div>\n                <\/div>\n                            <div class=\"team-item\">\n                    <div class=\"img-wrapper\">\n                        <div class=\"img-inner-wrapper\">\n                            <img loading=\"lazy\" decoding=\"async\" width=\"290\" height=\"300\" src=\"https:\/\/www.heartgenetics.com\/files\/uploads\/2014\/09\/DL_photo-290x300.png\" class=\"coverimg\" alt=\"\" sizes=\"auto, (min-width: 601px) 50vw, 100vw\" srcset=\"https:\/\/www.heartgenetics.com\/files\/uploads\/2014\/09\/DL_photo-290x300.png 290w, https:\/\/www.heartgenetics.com\/files\/uploads\/2014\/09\/DL_photo-600x622.png 600w, https:\/\/www.heartgenetics.com\/files\/uploads\/2014\/09\/DL_photo.png 690w\" \/>                        <\/div>\n                    <\/div>\n                    <div class=\"content-wrapper\">\n                        <h3 class=\"team-name\">Daniel Lu\u00eds<\/h3>\n                                                    <p class=\"position\">Diretor Cient\u00edfico <\/p>\n                                                \n                                                    <a href=\"https:\/\/www.heartgenetics.com\/pt\/team\/daniel-luis\/\" class=\"btn ghost\">ler mais<\/a>\n                                            <\/div>\n                <\/div>\n                            <div class=\"team-item\">\n                    <div class=\"img-wrapper\">\n                        <div class=\"img-inner-wrapper\">\n                            <img loading=\"lazy\" decoding=\"async\" width=\"300\" height=\"250\" src=\"https:\/\/www.heartgenetics.com\/files\/uploads\/2019\/08\/gfigueiro-300x250.jpg\" class=\"coverimg\" alt=\"\" sizes=\"auto, (min-width: 601px) 50vw, 100vw\" srcset=\"https:\/\/www.heartgenetics.com\/files\/uploads\/2019\/08\/gfigueiro-300x250.jpg 300w, https:\/\/www.heartgenetics.com\/files\/uploads\/2019\/08\/gfigueiro-600x501.jpg 600w, https:\/\/www.heartgenetics.com\/files\/uploads\/2019\/08\/gfigueiro-768x641.jpg 768w, https:\/\/www.heartgenetics.com\/files\/uploads\/2019\/08\/gfigueiro-1024x855.jpg 1024w\" \/>                        <\/div>\n                    <\/div>\n                    <div class=\"content-wrapper\">\n                        <h3 class=\"team-name\">Gon\u00e7alo Figueir\u00f3<\/h3>\n                                                    <p class=\"position\">Diretor de Tecnologia<\/p>\n                                                \n                                                    <a href=\"https:\/\/www.heartgenetics.com\/pt\/team\/goncalo-figueiro\/\" class=\"btn ghost\">ler mais<\/a>\n                                            <\/div>\n                <\/div>\n                            <div class=\"team-item\">\n                    <div class=\"img-wrapper\">\n                        <div class=\"img-inner-wrapper\">\n                            <img loading=\"lazy\" decoding=\"async\" width=\"235\" height=\"300\" src=\"https:\/\/www.heartgenetics.com\/files\/uploads\/2019\/08\/foto-235x300.jpg\" class=\"coverimg\" alt=\"\" sizes=\"auto, (min-width: 601px) 50vw, 100vw\" srcset=\"https:\/\/www.heartgenetics.com\/files\/uploads\/2019\/08\/foto-235x300.jpg 235w, https:\/\/www.heartgenetics.com\/files\/uploads\/2019\/08\/foto-600x766.jpg 600w, https:\/\/www.heartgenetics.com\/files\/uploads\/2019\/08\/foto-768x981.jpg 768w, https:\/\/www.heartgenetics.com\/files\/uploads\/2019\/08\/foto-802x1024.jpg 802w, https:\/\/www.heartgenetics.com\/files\/uploads\/2019\/08\/foto.jpg 930w\" \/>                        <\/div>\n                    <\/div>\n                    <div class=\"content-wrapper\">\n                        <h3 class=\"team-name\">L\u00facia Gon\u00e7alves<\/h3>\n                                                    <p class=\"position\">Coordenadora T\u00e9cnica do Laborat\u00f3rio<\/p>\n                                                \n                                                    <a href=\"https:\/\/www.heartgenetics.com\/pt\/team\/5985\/\" class=\"btn ghost\">ler mais<\/a>\n                                            <\/div>\n                <\/div>\n                            <div class=\"team-item\">\n                    <div class=\"img-wrapper\">\n                        <div class=\"img-inner-wrapper\">\n                            <img loading=\"lazy\" decoding=\"async\" width=\"225\" height=\"300\" src=\"https:\/\/www.heartgenetics.com\/files\/uploads\/2019\/08\/20171209_161030_2-225x300.jpg\" class=\"coverimg\" alt=\"\" sizes=\"auto, (min-width: 601px) 50vw, 100vw\" srcset=\"https:\/\/www.heartgenetics.com\/files\/uploads\/2019\/08\/20171209_161030_2-225x300.jpg 225w, https:\/\/www.heartgenetics.com\/files\/uploads\/2019\/08\/20171209_161030_2-600x800.jpg 600w, https:\/\/www.heartgenetics.com\/files\/uploads\/2019\/08\/20171209_161030_2-768x1024.jpg 768w, https:\/\/www.heartgenetics.com\/files\/uploads\/2019\/08\/20171209_161030_2.jpg 1502w\" \/>                        <\/div>\n                    <\/div>\n                    <div class=\"content-wrapper\">\n                        <h3 class=\"team-name\">Clara Pereira<\/h3>\n                                                    <p class=\"position\">T\u00e9cnica de Laborat\u00f3rio S\u00e9nior<\/p>\n                                                \n                                                    <a href=\"https:\/\/www.heartgenetics.com\/pt\/team\/clara-pereira\/\" class=\"btn ghost\">ler mais<\/a>\n                                            <\/div>\n                <\/div>\n                            <div class=\"team-item\">\n                    <div class=\"img-wrapper\">\n                        <div class=\"img-inner-wrapper\">\n                            <img loading=\"lazy\" decoding=\"async\" width=\"229\" height=\"300\" src=\"https:\/\/www.heartgenetics.com\/files\/uploads\/2020\/02\/Foto-229x300.jpg\" class=\"coverimg\" alt=\"\" sizes=\"auto, (min-width: 601px) 50vw, 100vw\" srcset=\"https:\/\/www.heartgenetics.com\/files\/uploads\/2020\/02\/Foto-229x300.jpg 229w, https:\/\/www.heartgenetics.com\/files\/uploads\/2020\/02\/Foto-600x787.jpg 600w, https:\/\/www.heartgenetics.com\/files\/uploads\/2020\/02\/Foto-768x1007.jpg 768w, https:\/\/www.heartgenetics.com\/files\/uploads\/2020\/02\/Foto-781x1024.jpg 781w, https:\/\/www.heartgenetics.com\/files\/uploads\/2020\/02\/Foto.jpg 854w\" \/>                        <\/div>\n                    <\/div>\n                    <div class=\"content-wrapper\">\n                        <h3 class=\"team-name\">H\u00e9lio Teixeira<\/h3>\n                                                    <p class=\"position\">T\u00e9cnico de Laborat\u00f3rio S\u00e9nior<\/p>\n                                                \n                                                    <a href=\"https:\/\/www.heartgenetics.com\/pt\/team\/helio-teixeira\/\" class=\"btn ghost\">ler mais<\/a>\n                                            <\/div>\n                <\/div>\n                    <\/div>\n            <\/div>","protected":false},"excerpt":{"rendered":"<p>A nossa equipa<\/p>\n","protected":false},"author":68,"featured_media":0,"parent":14308,"menu_order":125,"comment_status":"closed","ping_status":"closed","template":"","meta":{"_acf_changed":false,"footnotes":""},"class_list":["post-12645","page","type-page","status-publish","hentry"],"acf":[],"aioseo_notices":[],"_links":{"self":[{"href":"https:\/\/www.heartgenetics.com\/pt\/wp-json\/wp\/v2\/pages\/12645","targetHints":{"allow":["GET"]}}],"collection":[{"href":"https:\/\/www.heartgenetics.com\/pt\/wp-json\/wp\/v2\/pages"}],"about":[{"href":"https:\/\/www.heartgenetics.com\/pt\/wp-json\/wp\/v2\/types\/page"}],"author":[{"embeddable":true,"href":"https:\/\/www.heartgenetics.com\/pt\/wp-json\/wp\/v2\/users\/68"}],"replies":[{"embeddable":true,"href":"https:\/\/www.heartgenetics.com\/pt\/wp-json\/wp\/v2\/comments?post=12645"}],"version-history":[{"count":24,"href":"https:\/\/www.heartgenetics.com\/pt\/wp-json\/wp\/v2\/pages\/12645\/revisions"}],"predecessor-version":[{"id":15773,"href":"https:\/\/www.heartgenetics.com\/pt\/wp-json\/wp\/v2\/pages\/12645\/revisions\/15773"}],"up":[{"embeddable":true,"href":"https:\/\/www.heartgenetics.com\/pt\/wp-json\/wp\/v2\/pages\/14308"}],"wp:attachment":[{"href":"https:\/\/www.heartgenetics.com\/pt\/wp-json\/wp\/v2\/media?parent=12645"}],"curies":[{"name":"wp","href":"https:\/\/api.w.org\/{rel}","templated":true}]}}