{"id":12633,"date":"2017-10-16T09:37:27","date_gmt":"2017-10-16T08:37:27","guid":{"rendered":"https:\/\/www.heartgenetics.com\/about-us\/our-values\/"},"modified":"2023-02-02T10:59:37","modified_gmt":"2023-02-02T10:59:37","slug":"our-values","status":"publish","type":"page","link":"https:\/\/www.heartgenetics.com\/pt\/sobre-nos\/our-values\/","title":{"rendered":"Os nossos valores"},"content":{"rendered":"<h2>A nossa vis\u00e3o<\/h2>\n<p>Ser l\u00edder no mercado global na interpreta\u00e7\u00e3o de dados gen\u00e9ticos humanos, tornando a gen\u00e9tica mais acess\u00edvel e utiliz\u00e1vel por todos.<\/p>\n<h2>A nossa miss\u00e3o<\/h2>\n<p>Desenvolver solu\u00e7\u00f5es inovadoras, software e testes gen\u00e9ticos, que desbloqueiam os conhecimentos codificados em gen\u00e9tica e melhoram a sa\u00fade e o bem-estar de cada indiv\u00edduo.<\/p>\n<h2>a nossa solu\u00e7\u00e3o<\/h2>\n<p>Desenvolver ferramentas computacionais e servi\u00e7os de descodifica\u00e7\u00e3o de dados gen\u00e9ticos que levem a produtos simples, acion\u00e1veis e personalizados. A Organiza\u00e7\u00e3o tamb\u00e9m est\u00e1 empenhada em desenvolver novos testes laboratoriais que atendam \u00e0s necessidades dos m\u00e9dicos no interesse dos pacientes.<\/p>\n","protected":false},"excerpt":{"rendered":"<p>A nossa vis\u00e3o Ser l\u00edder no mercado global na interpreta\u00e7\u00e3o de dados gen\u00e9ticos humanos, tornando a gen\u00e9tica mais acess\u00edvel e utiliz\u00e1vel por todos. A nossa [&hellip;]<\/p>\n","protected":false},"author":68,"featured_media":0,"parent":14308,"menu_order":43,"comment_status":"closed","ping_status":"closed","template":"","meta":{"_acf_changed":false,"footnotes":""},"class_list":["post-12633","page","type-page","status-publish","hentry"],"acf":[],"aioseo_notices":[],"_links":{"self":[{"href":"https:\/\/www.heartgenetics.com\/pt\/wp-json\/wp\/v2\/pages\/12633","targetHints":{"allow":["GET"]}}],"collection":[{"href":"https:\/\/www.heartgenetics.com\/pt\/wp-json\/wp\/v2\/pages"}],"about":[{"href":"https:\/\/www.heartgenetics.com\/pt\/wp-json\/wp\/v2\/types\/page"}],"author":[{"embeddable":true,"href":"https:\/\/www.heartgenetics.com\/pt\/wp-json\/wp\/v2\/users\/68"}],"replies":[{"embeddable":true,"href":"https:\/\/www.heartgenetics.com\/pt\/wp-json\/wp\/v2\/comments?post=12633"}],"version-history":[{"count":5,"href":"https:\/\/www.heartgenetics.com\/pt\/wp-json\/wp\/v2\/pages\/12633\/revisions"}],"predecessor-version":[{"id":14874,"href":"https:\/\/www.heartgenetics.com\/pt\/wp-json\/wp\/v2\/pages\/12633\/revisions\/14874"}],"up":[{"embeddable":true,"href":"https:\/\/www.heartgenetics.com\/pt\/wp-json\/wp\/v2\/pages\/14308"}],"wp:attachment":[{"href":"https:\/\/www.heartgenetics.com\/pt\/wp-json\/wp\/v2\/media?parent=12633"}],"curies":[{"name":"wp","href":"https:\/\/api.w.org\/{rel}","templated":true}]}}