{"id":12628,"date":"2017-07-10T10:32:57","date_gmt":"2017-07-10T09:32:57","guid":{"rendered":"https:\/\/www.heartgenetics.com\/privacy-policy\/"},"modified":"2022-09-13T16:51:15","modified_gmt":"2022-09-13T15:51:15","slug":"politica-privacidade","status":"publish","type":"page","link":"https:\/\/www.heartgenetics.com\/pt\/politica-privacidade\/","title":{"rendered":"Pol\u00edtica de Privacidade do Website"},"content":{"rendered":"<pre>\n<\/pre>\n<p>Este documento estabelece as Pol\u00edticas de Privacidade e de utiliza\u00e7\u00e3o de Cookies (doravante \u201cPol\u00edtica\u201d) da Heartgenetics, Genetics &amp; Biotechnology, S.A., uma sociedade constitu\u00edda e sediada em Portugal, com o n\u00famero \u00fanico de pessoa coletiva 510.575.994, sociedades suas sucessoras ou cession\u00e1rias autorizadas (doravante \u201cHeartgenetics\u201d) e que se aplicam quando um Cliente Profissional (\u201cCliente\u201d) transmite \u00e0 Heartgenetics quaisquer dados pessoais de indiv\u00edduos identificados ou identific\u00e1veis (\u201cDados\u201d) incluindo sempre que o Cliente carrega Dados no Formul\u00e1rio de Registo dispon\u00edvel a partir do s\u00edtio http:\/\/www.HeartGenetics.com (doravante \u201cWebsite\u201d).<\/p>\n<p>No caso de o Cliente ter quaisquer reservas, d\u00favidas ou obje\u00e7\u00f5es a esta Pol\u00edtica, o Cliente deve suspender de imediato o acesso e utiliza\u00e7\u00e3o do Website, saindo do mesmo e abstendo-se de prosseguir com o uso do Website e\/ou de transmitir quaisquer Dados para o Website ou para a Heartgenetics, incluindo atrav\u00e9s da submiss\u00e3o do Formul\u00e1rio de Registo.<\/p>\n<p>A Heartgenetics reserva-se o direito de alterar esta Pol\u00edtica a qualquer momento e sem pr\u00e9-aviso. Qualquer altera\u00e7\u00e3o peri\u00f3dica desta Pol\u00edtica integrar-se-\u00e1 automaticamente nesta vers\u00e3o com data e efeitos a partir da data da sua publica\u00e7\u00e3o no Website. A conclus\u00e3o do processo de registo no Website como Cliente da Heartgenetics e a utiliza\u00e7\u00e3o continuada das Credenciais de acesso ao Website pelo Cliente implicam que o Cliente est\u00e1 ciente desta Pol\u00edtica, que a leu, compreendeu e que a aceita na vers\u00e3o que em cada momento esteja em vigor.<\/p>\n<p>Vers\u00e3o revista atualizada e em vigor<strong> desde\u00a017 de Julho de 2017.<\/strong><\/p>\n<p><strong>Que Dados e como \u00e9 que os Dados s\u00e3o recolhidos?<\/strong><\/p>\n<p>Todos os produtos e servi\u00e7os fornecidos\/prestados pela Heartgenetics s\u00e3o para uso exclusivo profissional (n\u00e3o destinado a consumidores finais) (\u201cCliente Profissional\u201d). Na medida em que o Cliente Profissional seja um indiv\u00edduo ou atue em representa\u00e7\u00e3o de um cliente institucional esta Pol\u00edtica aplica-se aos Dados carregados ou divulgados \u00e0 Heartgenetics \u2013 sem preju\u00edzo de outros- no Formul\u00e1rio de Registo como parte do processo de registo no Website como Cliente da Heartgenetics e podem incluir o nome, o endere\u00e7o de correio eletr\u00f3nico, telefone, habilita\u00e7\u00f5es profissionais ou detalhes da licen\u00e7a para a pr\u00e1tica profissional.<\/p>\n<p>O processo de registo do Cliente \u00e9 estritamente processado offline pela equipa administrativa de suporte da Heartgenetics. O Website n\u00e3o processa e nem regista automaticamente nenhum utilizador ou Cliente da Heartgenetics.<\/p>\n<p>Para mais informa\u00e7\u00f5es sobre o processo de registo por favor consulte os termos e condi\u00e7\u00f5es do Website (\u201cTermos\u201d) <a href=\"https:\/\/www.heartgenetics.com\/website-terms-conditions\/\">aqui<\/a>.<\/p>\n<p>A HEARTGENETICS APENAS COLIGE DADOS QUE SEJAM VOLUNTARIAMENTE SUBMETIDOS PELO CLIENTE E QUE O CLIENTE AUTORIZE A HEARTGENETICS A PROCESSAR NOS TERMOS E PARA OS EFEITOS DA LEGISLA\u00c7\u00c3O EM VIGOR E DE ACORDO COM A PRESENTE POL\u00cdTICA. O CLIENTE \u00c9 LIVRE DE RECUSAR A PRESTA\u00c7\u00c3O DO CONSENTIMENTO PARA QUALQUER ATO DE PROCESSAMENTO DOS SEUS DADOS PESSOAIS PELA HEARTGENETICS OU POR QUALQUER OUTRA ENTIDADE E PODE RETIRAR A QUALQUER MOMENTO UM CONSENTIMENTO QUE TENHA PRESTADO ANTERIORMENTE, A SEU JUSTO E \u00daNICO CRIT\u00c9RIO.<\/p>\n<p>A recusa na presta\u00e7\u00e3o do consentimento ou a retirada de um consentimento anteriormente prestado apenas impedem que a \u00e1rea de suporte administrativo da Heartgenetics complete o registo como Cliente da Heartgenetics ou, no caso de um Cliente anteriormente registado, determinar\u00e3o a sua retirada da lista de clientes da Heartgenetics, impedindo o Cliente de futuramente subscrever um servi\u00e7o ou adquirir produtos \u00e0 Heartgenetics. O acesso ao Website para mera visualiza\u00e7\u00e3o n\u00e3o sofrem qualquer impacto.<\/p>\n<p>A Heartgenetics tamb\u00e9m pode recolher, armazenar, processar e gerir dados de Clientes que sejam pessoas coletivas, os quais n\u00e3o se mostram abrangidos pelas mesmas disposi\u00e7\u00f5es aqui previstas para Dados (\u201cDados Empresariais\u201d).<\/p>\n<p>O Cliente institucional registado na Heartgenetics confere \u00e0 HeartGenetics uma licen\u00e7a pr\u00e9-paga, n\u00e3o exclusiva, sub-licenci\u00e1vel, perp\u00e9tua, ilimitada para que a Heartgenetics possa aceder, recolher, armazenar, processar, manter, analisar, tratar e gerir os Dados Empresariais do Cliente para os fins comerciais perseguidos pela Heartgenetics, incluindo os que concernem \u00e0 atividade e ao feedback de clientes finais do Cliente, incluindo sem limita\u00e7\u00e3o dados das instala\u00e7\u00f5es, qualidade de servi\u00e7os e produtos por ele fornecidos, pre\u00e7os praticados, hor\u00e1rios e disponibilidade, ofertas promocionais e dados de geo-localiza\u00e7\u00e3o.<\/p>\n<p>Quando o Cliente se regista na Heartgenetics esta poder\u00e1 transitoriamente processar Dados do Cliente para os efeitos de conseguir oferecer-lhe ou sugerir determinados bens ou servi\u00e7os da Heartgenetics ou de parceiros e\/ou interagir com o Cliente sobre temas considerados do interesse deste.<\/p>\n<p>A Heartgenetics pode processar dados gen\u00e9ticos a partir de amostras gen\u00e9ticas submetidas de forma an\u00f3nima para fins de investiga\u00e7\u00e3o cient\u00edfica, estando para tal devidamente autorizada.<\/p>\n<p>Os equipamentos da Heartgenetics que funcionem offline (v.g. HeartGenetics HEARTDECODE\u00ae) e que estejam sob o controle e uso do Cliente Profissional para armazenar informa\u00e7\u00e3o gen\u00e9tica de pacientes identificados ou identific\u00e1veis, s\u00f3 podem ser utilizados e manipulados (\u00fanica e diretamente) pelo Cliente ou pelo pessoal ao seu servi\u00e7o e nele s\u00f3 podem ser carregados Dados a que o Cliente tem acesso e que est\u00e1 legitimamente autorizado para processar, pelos respetivos titulares, no \u00e2mbito do exerc\u00edcio l\u00edcito de uma pr\u00e1tica m\u00e9dica ou laboratorial devidamente autorizada. O Cliente manter-se-\u00e1 em absoluto controle de tais Dados em todo o momento e ser\u00e1 inteiramente respons\u00e1vel pelo processamento de tais Dados em estrita conformidade com a legisla\u00e7\u00e3o em vigor que se lhe aplique. O Cliente \u00e9 para todos os devidos efeitos legais o \u00fanico Processador de Dados carregados para equipamentos da Heartgenetics que funcionem em ambiente offline.<\/p>\n<p>SEMPRE QUE A HEARTGENETICS TENHA QUE EXECUTAR ALGUM TIPO DE MANUTEN\u00c7\u00c3O PROGRAMADA OU REVIS\u00c3O AO SOFTWARE DOS EQUIPAMENTOS OFFLINE INSTALADOS NOS CLIENTES, TAIS INTERVEN\u00c7\u00d5ES FICAM DEPENDENTES DE O CLIENTE GARANTIR ANTECIPADAMENTE \u00c0 HEARTGENETICS QUE TODOS E QUAISQUER DADOS QUE NESSA DATA ESTIVESSEM ALOJADOS NOS EQUIPAMENTOS SER\u00c3O REMOVIDOS PELO CLIENTE PARA UM OUTRO S\u00cdTIO ANTES DE TAIS INTERVEN\u00c7\u00d5ES E QUE, NA DATA PROGRAMADA PARA AS INTERVEN\u00c7\u00d5ES OS EQUIPAMENTOS ESTAR\u00c3O DESPROVIDOS DE QUAISQUER DADOS NELES ALOJADOS OU ATRAV\u00c9S DELES ACESS\u00cdVEIS. A HEARTGENETICS N\u00c3O ACEDE, RECOLHE E NEM PROCESSA OU SUBPROCESSA QUAISQUER DADOS ALOJADOS NOS EQUIPAMENTOS HEARTGENETICS INSTALADOS NOS CLIENTES OU NELES ACESS\u00cdVEIS, SENDO ESTES \u00daNICA E EXCLUSIVAMENTE DA RESPONSABILIDADE DO CLIENTE.<\/p>\n<p><strong>E no que se refere aos cookies?<\/strong><strong> Pol\u00edtica de Cookies<\/strong><\/p>\n<p>Os cookies s\u00e3o aplicativos alfanum\u00e9ricos que a HeartGenetics pode transitoriamente transmitir para o disco r\u00edgido do computador do Cliente ou do visitante do Website por forma a permitir que os sistemas da Heartgenetics reconhe\u00e7am o browser de quem est\u00e1 a interagir em cada momento com o Website e possam permitir que a Heartgenetics saiba quando \u00e9 que o Website est\u00e1 a ser visitado e por quantas pessoas, permitindo-lhe tamb\u00e9m melhorar a experi\u00eancia de utiliza\u00e7\u00e3o (\u201cCookies\u201d). Os Cookies permitem rastrear os movimentos no Website, ajudam na navega\u00e7\u00e3o, ajudam a recuperar o hist\u00f3rico de navega\u00e7\u00e3o, op\u00e7\u00f5es anteriormente selecionadas de temas, prefer\u00eancias e outras funcionalidades costumiz\u00e1veis (se\/na medida do dispon\u00edvel).<\/p>\n<p>O Website usa os seguintes Cookies:<\/p>\n<menu>\n<li>Google Analytics\u00ae (i.e, _ga, _gid) que \u00e9 uma ferramenta anal\u00edtica do fabricante Google\u00ae e que interpreta o n\u00edvel de utiliza\u00e7\u00e3o e de fideliza\u00e7\u00e3o do Cliente com o Website e as suas funcionalidades.<\/li>\n<li>WordPress (m\u00f3dulos <em>wordpress admin<\/em>, <em>wordpress plugins<\/em>, <em>wordpress logged in<\/em>) destinados a identificar quem \u00e9 o Cliente. Para mais informa\u00e7\u00e3o por favor clique <a href=\"https:\/\/codex.wordpress.org\/WordPress_Cookies\">https:\/\/codex.wordpress.org\/WordPress_Cookies<\/a>;<\/li>\n<li>O m\u00f3dulo <em>E-commerce<\/em> da Woocommerce\u00ae (<em>woocommerce_cart_hash<\/em>, <em>woocommerce_items_in_cart<\/em>, <em>wp_woocommerce_session<\/em>) que cont\u00e9m informa\u00e7\u00e3o sobre o carrinho de compras ajudando a acompanhar a sua evolu\u00e7\u00e3o. O cookie wp_woocommerce_session_ cookies cont\u00e9m um identificador por cliente que ajuda a Heartgenetics a perceber a que Cliente pertence cada carrinho de compras.<\/li>\n<\/menu>\n<p>NENHUMA INFORMA\u00c7\u00c3O PESSOAL \u00c9 RECOLHIDA, ARMAZENADA OU PROCESSADA COM RECURSO A COOKIES.<\/p>\n<p>A Heartgenetics recomenda que o Cliente mantenha o uso de Cookies ativo porque os Cookies permitem que o Cliente tire um maior partido das funcionalidades do Website. Todavia, caso o Cliente n\u00e3o aceite Cookies, o Cliente dever\u00e1 configurar o equipamento para ser avisado sempre que um Cookie seja depositado no disco e\/ou para que o possa desativar no men\u00fa de navega\u00e7\u00e3o (v.g. Google Chrome, Mozilla Firefox, Internet Explorer).<br \/>\nO Cliente pode optar por recusar, apagar ou aceitar Cookies atrav\u00e9s de uma sele\u00e7\u00e3o apropriada de fun\u00e7\u00f5es nos men\u00fas de \u201cop\u00e7\u00f5es\u201d e de \u201cprefer\u00eancias\u201d do navegador. O Cliente deve navegar no men\u00fa de \u201cAjuda\u201d do navegador por forma a entender de forma adequada as prefer\u00eancias dispon\u00edveis, configurando os Cookies de acordo com a sua escolha.<\/p>\n<p>A recusa de Cookies ou a sua remo\u00e7\u00e3o apenas poder\u00e3o causar uma altera\u00e7\u00e3o no funcionamento do Website ou impedir que algumas funcionalidades possam continuar dispon\u00edveis.<\/p>\n<p>Com a utiliza\u00e7\u00e3o do Website e o registo como Cliente, o Cliente consente no processamento dos Dados Empresariais e dos Dados pela Google\u00ae nos termos e para os fins acima descritos.<\/p>\n<p>No caso de pretender desativar o rastreamento de hist\u00f3ricos de navega\u00e7\u00e3o na internet por favor desative o <em>Google Analytics<\/em> em \u00a0<a href=\"http:\/\/www.google.com\"><em>http:\/\/www.google.com<\/em><\/a>. Contudo, tome em aten\u00e7\u00e3o que a desativa\u00e7\u00e3o pode implicar um impacto negativo consider\u00e1vel na utiliza\u00e7\u00e3o das funcionalidades do Website e que todas ou algumas delas podem ficar totalmente indispon\u00edveis.<\/p>\n<p>Alguns dos parceiros de neg\u00f3cio da Heartgenetics podem tamb\u00e9m usar Cookies a partir\/atrav\u00e9s do Website sem que a Heartgenetics tenha a possibilidade de por qualquer forma evitar ou controlar essa atividade E\/OU conhecer ou controlar as suas pol\u00edticas de privacidade (caso existam).<\/p>\n<p>Por forma a melhor compreender o que s\u00e3o Cookies, saber mais sobre os Cookies instalados e como podem ser geridos e\/ou apagados pelo Cliente por favor visite <a href=\"http:\/\/www.allaboutcookies.org\"><em>www.allaboutcookies.org<\/em><\/a>.<\/p>\n<p><strong>Informa\u00e7\u00e3o An\u00f3nima e anonimizada. Como funciona? <\/strong><\/p>\n<p>A Heartgenetics poder\u00e1 partilhar informa\u00e7\u00e3o demogr\u00e1fica agregada de forma gen\u00e9rica e anonimizada completamente descorrelacionada com Dados de visitantes, utilizadores ou Clientes do Website para os fins acima identificados.<\/p>\n<p>A informa\u00e7\u00e3o n\u00e3o pessoal pode incluir o nome do browser, o nome do equipamento, o tipo de computador ou informa\u00e7\u00e3o t\u00e9cnica sobre o utilizador, meios de liga\u00e7\u00e3o \u00e0 internet tais como o Sistema Operativo ou o Provedor de Servi\u00e7o de Internet utilizado ou outra tipo de informa\u00e7\u00e3o t\u00e9cnica anonimizada.<\/p>\n<p>Sempre que a Heartgenetics partilha informa\u00e7\u00e3o deste tipo, f\u00e1.lo sempre numa base de dados separada por forma a garantir que a informa\u00e7\u00e3o se mant\u00e9m anonimizada e n\u00e3o pode ser revertida por forma a tornar acess\u00edveis quaisquer Dados.<\/p>\n<p><strong>Para que fins \u00e9 que a Heartgenetics recolhe e processa Dados? <\/strong><\/p>\n<p>A Heartgenetics pode recolher e processar Dados para os seguintes fins:<\/p>\n<menu>\n<li>T\u00e9cnicos ou de Melhoria T\u00e9cnica &#8211; Para permitir que a Heartgenetics, os seus parceiros e subcontratados para a opera\u00e7\u00e3o e manuten\u00e7\u00e3o do Website e para a presta\u00e7\u00e3o de apoio t\u00e9cnico \u00e0 HeartGenetics, possam melhorar a presta\u00e7\u00e3o de servi\u00e7os, melhorando assim a experi\u00eancia de utiliza\u00e7\u00e3o do Website por parte do Cliente;<\/li>\n<li>Marketing e Comerciais &#8211; Para alertar o Cliente sobre produtos, servi\u00e7os, novos lan\u00e7amentos, melhorias, boletins cient\u00edficos, t\u00e9cnicos, not\u00edcias da atualidade, ofertas especiais que possam ser do interesse para o Cliente;<\/li>\n<li>Usabilidade \u2013 Para ajudar o Cliente a encontrar os servi\u00e7os ou produtos que melhor se adaptam e respondem \u00e0s suas necessidades;<\/li>\n<li>Tornar o Website mais relevante e f\u00e1cil de navegar e ajudar a resolver problemas de navega\u00e7\u00e3o ;<\/li>\n<li>Newsletters e Informa\u00e7\u00e3o geral \u2013 Enviar correio eletr\u00f3nico peri\u00f3dico para clientes registados e\/ou newsletters ou correios comerciais n\u00e3o solicitados da HeartGenetics (se\/na medida do dispon\u00edvel).<\/li>\n<\/menu>\n<p>No caso de o Cliente pretender deixar de receber correio, informa\u00e7\u00f5es, chamadas de aten\u00e7\u00e3o, not\u00edcias da Heartgenetics, por favor visite as Prefer\u00eancias no seu Perfil de Utilizador e siga as instru\u00e7\u00f5es a\u00ed contidas para correio n\u00e3o desejado. NOTE contudo que sendo um Cliente continuar\u00e1 a receber os e-mails de Sistema (v.g. os referentes a palavras-passe) e todos os avisos legais (v.g. atualiza\u00e7\u00f5es, novas vers\u00f5es de pol\u00edticas ou de termos e condi\u00e7\u00f5es).<\/p>\n<p><strong>Como \u00e9 que a Heartgenetics protege Dados do Cliente?<\/strong><\/p>\n<p>A Heartgenetics processa os Dados de acordo com a presente Pol\u00edtica e com a legisla\u00e7\u00e3o Europeia em vig\u00f4r sobre prote\u00e7\u00e3o de dados pessoais, conforme revista e atualizada em cada momento.<\/p>\n<p>A Heartgenetics adotou medidas organizativas, t\u00e9cnicas e procedimentais adequadas \u00e0 prote\u00e7\u00e3o de Dados contra perda acidental, adultera\u00e7\u00e3o, divulga\u00e7\u00e3o ou acesso n\u00e3o autorizados ou destrui\u00e7\u00e3o acidental e\/ou il\u00edcita.<\/p>\n<p>N\u00e3o \u00e9 suposto e nem razoavelmente expect\u00e1vel que ocorra divulga\u00e7\u00e3o e\/ou qualquer carregamento de dados sens\u00edveis do Cliente no Website ou atrav\u00e9s dele. Todavia se por qualquer motivo tal vier a acontecer, a HeartGenetics usar\u00e1 canais dedicados em que os dados fluem encriptados e protegidos com assinaturas digitais ou selos temporais, conforme oportunamente vier a ser determinado pela Heartgenetics.<\/p>\n<p>SEM PREJU\u00cdZO DO QUE ANTECEDE, POR FAVOR TOME EM DEVIDA CONSIDERA\u00c7AO QUE A HEARTGENETICS N\u00c3O PODE NATURALMENTE ASSEGURAR UMA SEGURAN\u00c7A INTEGRADA TOTAL DE TODA A INTERNET E QUE A UTILIZA\u00c7\u00c3O DA INTERNET EM GERAL E DO WEBSITE EM PARTICULAR PODE EXP\u00d4-LO\/A E AOS SEUS DADOS AOS RISCOS DE ROUBO, FRAUDE OU A\u00c7\u00c3O FRAUDULENTA POR TERCEIROS QUE EST\u00c3O COMPLETAMENTE FORA DO CONTROLE DA HEARTGENETICS. QUALQUER DESSES ATOS PODE CAUSAR-LHE S\u00c9RIO E IRREPAR\u00c1VEL PREJU\u00cdZO PODENDO AT\u00c9 SER PRATICADO DE UMA FORMA QUE N\u00c3O SEJA IMEDIATAMENTE PERCET\u00cdVEL, RASTRE\u00c1VEL OU FACILMENTE CONTROL\u00c1VEL, O QUE PODER\u00c1 ALASTRAR O ESPETRO DO PREJU\u00cdZO QUE LHE PODE SER CAUSADO.<\/p>\n<p>A HEARTGENETICS ADVERTE PARA UM USO RESPONS\u00c1VEL DA INTERNET, DO WEBSITE E PARA UMA REFLEX\u00c3O PODERADA DOS TITULARES DE DADOS NA PRESTA\u00c7\u00c3O DE CONSENTIMENTO PARA A RECOLHA E PROCESSAMENTO DOS SEUS DADOS E PARA A DIVULGA\u00c7\u00c3O DOS MESMOS DE FORMA GENERALIZADA OU SEM CRIT\u00c9RIO NA INTERNET.<\/p>\n<p><strong>A quem \u00e9 que a Heartgenetics pode reveler os Dados ou Informa\u00e7\u00e3o Confidencial do Cliente? <\/strong><\/p>\n<p>A Heartgenetics n\u00e3o se dedica ao neg\u00f3cio de venda ou de explora\u00e7\u00e3o comercial de Dados ou de dados sobre Dados resultante de uma eventual atividade de <em>profiling<\/em> ou de anal\u00edtica; pelo que, a divulga\u00e7\u00e3o de Dados a terceiros est\u00e1 muito limitada e apenas ocorrer\u00e1 em estrita conformidade com a Lei e os termos seguintes:<\/p>\n<menu>\n<li>A Heartgenetics pode partilhar dados de Administrador para efeitos de garantia de seguran\u00e7a do Website e\/ou de preven\u00e7\u00e3o ativa de fraudes e ataques.<\/li>\n<li>A Heartgenetics n\u00e3o utiliza prestadores de servi\u00e7os terceiros na opera\u00e7\u00e3o do seu neg\u00f3cio de an\u00e1lise e de reporte gen\u00e9tico.<\/li>\n<li>No que se refere \u00e0 opera\u00e7\u00e3o do Website a Heartgenetics pode recorrer a terceiros para o suporte a certas atividades de administra\u00e7\u00e3o e de atualiza\u00e7\u00e3o. Qualquer partilha de Dados com tais terceiros excluir\u00e1 SEMPRE toda e qualquer informa\u00e7\u00e3o de reporting ou de an\u00e1lise laboratorial E LIMITAR-SE-\u00c1 AO ESTRITAMENTE NECESS\u00c1RIO para os fins de eventual presta\u00e7\u00e3o cabal do servi\u00e7o por parte do terceiro em causa \u00a0nas atividades de suporte e de manuten\u00e7\u00e3o do Website.<\/li>\n<li>Toda e qualquer revela\u00e7\u00e3o de Dados (se alguma) ser\u00e1 SEMPRE em estrita conformidade com os consentimentos prestados pelos seus titulares e apenas em conformidade e no \u00e2mbito do que seja legalmente permitido.<\/li>\n<\/menu>\n<p>A Heartgenetics n\u00e3o revelar\u00e1 Dados ou informa\u00e7\u00e3o confidencial dos Clientes para entidades fora do controle da Heartgenetics e nem para parceiros fora da rede de parceiros de neg\u00f3cio da Heartgenetics utilizados por ela na prossecu\u00e7\u00e3o estrita da sua atividade salvo (1) se o Cliente permitir ou determinar a Heartgenetics doutra forma; ou (2) se tal for exigido por Lei; ou (3) imposto por uma ordem ou determina\u00e7\u00e3o judicial ou de uma autoridade oficial ou p\u00fablica com jurisdi\u00e7\u00e3o sobre a Heartgenetics.<\/p>\n<p>Salvo na medida em que o contr\u00e1rio seja imposto por Lei, no caso de quaisquer autoridades contactarem a Heartgenetics determinando-a a revelar os Dados ou Informa\u00e7\u00e3o Confidencial do Cliente (1) a Heartgenetics dar\u00e1 imediatamente conta ao Cliente da exist\u00eancia de tal determina\u00e7\u00e3o\/ordem; (2)\u00a0procurar\u00e1 que as autoridades demandantes ou ordenantes contactem diretamente o Cliente e para tal efeito comunicar-lhes-\u00e1 os dados b\u00e1sicos de contacto do Cliente por forma a que o Cliente possa ser contactado e possa diretamente resolver o assunto com o mandante\/ordenante; (3) a Heartgenetics envidar\u00e1 os esfor\u00e7os razo\u00e1veis para n\u00e3o entregar informa\u00e7\u00e3o excessiva ou que n\u00e3o tenha sido exigida; (4) a Heartgenetics tentar\u00e1 \u2013 na medida do que lhe for legitimamente permitido sem custos associados &#8211; evitar que quaisquer entidades mandantes\/ordenantes tenham acesso (i) direto ou indireto aos Dados do Cliente; ou (ii) \u00e0s chaves de encripta\u00e7\u00e3o da plataforma usadas para alojar os Dados do Cliente de forma segura.<\/p>\n<p>A Heartgenetics n\u00e3o revelar\u00e1 os dados de Administrador de Sistema a entidades fora do controle da Heartgenetics salvo por determina\u00e7\u00e3o legal ou judicial.<\/p>\n<p><strong>Onde \u00e9 que a Heartgenetics processa os Dados? <\/strong><\/p>\n<p>Salvo na medida em que o contr\u00e1rio decorra dos outros par\u00e1grafos desta Pol\u00edtica, os Dados do Cliente s\u00e3o processados apenas dentro do espa\u00e7o da Uni\u00e3o Europeia.<\/p>\n<p>A Heartgenetics cumpre a legisla\u00e7\u00e3o Europeia sobre prote\u00e7\u00e3o de dados pessoais no que respeita \u00e0 recolha, tratamento, processamento, armazenagem e manuten\u00e7\u00e3o de dados de cidad\u00e3os da Uni\u00e3o Europeia ou de cidad\u00e3os cujos dados sejam processados no espa\u00e7o da Uni\u00e3o Europeia.<\/p>\n<p><strong>Quem \u00e9 o Processador de Dados?<\/strong><\/p>\n<p>A HEARTGENETICS &#8211; Genetics &amp; Biotechnology, S.A. \u00e9 o processador de Dados. N\u00e3o existem entidades terceiras encarregues do sub-processamento de Dados.<\/p>\n<p>No caso de o Cliente pretender exercer algum dos seus direitos de acesso, retifica\u00e7\u00e3o ou remo\u00e7\u00e3o deve contactar:<\/p>\n<p>HEARTGENETICS &#8211; Genetics &amp; Biotechnology, S.A.<\/p>\n<p>Biocant Park, N\u00facleo 4, Lote 4A<br \/>\n3060-197 Cantanhede<br \/>\nPortugal<br \/>\nEmail.: contact@heartgenetics.com<\/p>\n<p><strong>Quais os direitos do titular dos Dados? <\/strong><\/p>\n<p>O Cliente enquanto titular de Dados tem o direito de acesso, retifica\u00e7\u00e3o e\/ou remo\u00e7\u00e3o dos seus Dados mediante pedido razo\u00e1vel dirigido ao Processador por escrito para os contactos acima identificados.<\/p>\n<p>A Heartgenetics dar\u00e1 resposta aos pedidos que lhe sejam dirigidos pelos Clientes nos termos e de acordo com o definido por Lei e de acordo com esta Pol\u00edtica.<\/p>\n<p><strong>Que Leis e Foro se aplicam?<\/strong><\/p>\n<p>Os Dados do Cliente ser\u00e3o processados pelo Processador apenas de acordo com o disposto nesta Pol\u00edtica, com o disposto na Lei Portuguesa e com o disposto na legisla\u00e7\u00e3o europeia devidamente transposta ou diretamente aplic\u00e1vel ao territ\u00f3rio portugu\u00eas. N\u00e3o ser\u00e3o aplic\u00e1veis quaisquer outras leis aos Dados e\/ou \u00e0 informa\u00e7\u00e3o confidencial dos Clientes.<\/p>\n<p>Quaisquer disputas ser\u00e3o submetidas e resolvidas com recurso exclusivo ao foro da comarca de Coimbra (Portugal) com ren\u00fancia expressa da Heartgenetics e do Cliente a quaisquer outro foro ou modos de resolu\u00e7\u00e3o de conflitos.<\/p>\n<pre>Vers\u00e3o revista e em vigor desde 17 de Julho de 2017.<\/pre>\n","protected":false},"excerpt":{"rendered":"<p>Este documento estabelece as Pol\u00edticas de Privacidade e de utiliza\u00e7\u00e3o de Cookies (doravante \u201cPol\u00edtica\u201d) da Heartgenetics, Genetics &amp; Biotechnology, S.A., uma sociedade constitu\u00edda e sediada [&hellip;]<\/p>\n","protected":false},"author":5,"featured_media":0,"parent":0,"menu_order":70,"comment_status":"closed","ping_status":"closed","template":"","meta":{"_acf_changed":false,"footnotes":""},"class_list":["post-12628","page","type-page","status-publish","hentry"],"acf":[],"aioseo_notices":[],"_links":{"self":[{"href":"https:\/\/www.heartgenetics.com\/pt\/wp-json\/wp\/v2\/pages\/12628","targetHints":{"allow":["GET"]}}],"collection":[{"href":"https:\/\/www.heartgenetics.com\/pt\/wp-json\/wp\/v2\/pages"}],"about":[{"href":"https:\/\/www.heartgenetics.com\/pt\/wp-json\/wp\/v2\/types\/page"}],"author":[{"embeddable":true,"href":"https:\/\/www.heartgenetics.com\/pt\/wp-json\/wp\/v2\/users\/5"}],"replies":[{"embeddable":true,"href":"https:\/\/www.heartgenetics.com\/pt\/wp-json\/wp\/v2\/comments?post=12628"}],"version-history":[{"count":2,"href":"https:\/\/www.heartgenetics.com\/pt\/wp-json\/wp\/v2\/pages\/12628\/revisions"}],"predecessor-version":[{"id":14473,"href":"https:\/\/www.heartgenetics.com\/pt\/wp-json\/wp\/v2\/pages\/12628\/revisions\/14473"}],"wp:attachment":[{"href":"https:\/\/www.heartgenetics.com\/pt\/wp-json\/wp\/v2\/media?parent=12628"}],"curies":[{"name":"wp","href":"https:\/\/api.w.org\/{rel}","templated":true}]}}