{"id":12604,"date":"2014-08-18T14:16:15","date_gmt":"2014-08-18T14:16:15","guid":{"rendered":"https:\/\/www.heartgenetics.com\/contacts\/"},"modified":"2026-02-11T11:35:27","modified_gmt":"2026-02-11T11:35:27","slug":"contactos","status":"publish","type":"page","link":"https:\/\/www.heartgenetics.com\/pt\/contactos\/","title":{"rendered":"Contacte-nos"},"content":{"rendered":"<div class=\"wp-block-columns is-layout-flex wp-container-core-columns-is-layout-1 wp-block-columns-is-layout-flex\"><div class=\"wp-block-column is-layout-flow wp-block-column-is-layout-flow\"><h3 class=\"wp-block-heading\">Endere\u00e7o da Sede e do Laborat\u00f3rio<\/h3>\n\n<p>Biocant Park, N\u00facleo 4, Lote 4A<br>3060-197 Cantanhede<br>Portugal<\/p>\n\n<p>Hor\u00e1rio de Funcionamento | 9h &#8211; 18h | Segunda &#8211; Sexta-Feira<\/p><\/div><\/div><div class=\"wp-block-kobu-custom-blocks-responsive-spacer responsive-spacer size-medium\"><\/div><div class=\"wp-block-columns is-layout-flex wp-container-core-columns-is-layout-2 wp-block-columns-is-layout-flex\"><div class=\"wp-block-column is-layout-flow wp-block-column-is-layout-flow\"><h3 class=\"wp-block-heading\">E-mails<\/h3>\n\n<h4 class=\"wp-block-heading is-style-default has-primary-color has-text-color has-medium-font-size\">apoio ao cliente<\/h4>\n\n<p class=\"is-style-subtitle\">commercial@heartgenetics.com<\/p>\n\n<div style=\"height:10px\" aria-hidden=\"true\" class=\"wp-block-spacer\"><\/div>\n\n<h4 class=\"wp-block-heading is-style-default has-primary-color has-text-color has-medium-font-size\">carreiras<\/h4>\n\n<p class=\"is-style-subtitle\">careers@heartgenetics.com<\/p><\/div>\n\n<div class=\"wp-block-column is-layout-flow wp-block-column-is-layout-flow\"><h3 class=\"wp-block-heading\">contacto telef\u00f3nico<\/h3>\n\n<h4 class=\"wp-block-heading has-primary-color has-text-color has-medium-font-size\">ligue-nos!<\/h4>\n\n<p>+351 910 294 556<\/p>\n\n<p>(Chamada para rede m\u00f3vel nacional)<\/p><\/div><\/div><div class=\"wp-block-kobu-custom-blocks-responsive-spacer responsive-spacer size-large\"><\/div><div class=\"wp-block-kobu-custom-blocks-section-wrapper alignfull kobu-section has-background has-quinary-background-color\"><div class=\"wp-block-kobu-custom-blocks-responsive-spacer responsive-spacer size-large\"><\/div>\n\n<h2 class=\"wp-block-heading\">Formul\u00e1rio de Contato<\/h2>\n\n<div class=\"wp-block-kobu-custom-blocks-responsive-spacer responsive-spacer size-medium\"><\/div>\n\n<div class=\"wp-block-contact-form-7-contact-form-selector\">\n<div class=\"wpcf7 no-js\" id=\"wpcf7-f14979-o1\" lang=\"en-US\" dir=\"ltr\" data-wpcf7-id=\"14979\">\n<div class=\"screen-reader-response\"><p role=\"status\" aria-live=\"polite\" aria-atomic=\"true\"><\/p> <ul><\/ul><\/div>\n<form action=\"\/pt\/wp-json\/wp\/v2\/pages\/12604#wpcf7-f14979-o1\" method=\"post\" class=\"wpcf7-form init\" aria-label=\"Contact form\" novalidate=\"novalidate\" data-status=\"init\">\n<div style=\"display: none;\">\n<input type=\"hidden\" name=\"_wpcf7\" value=\"14979\" \/>\n<input type=\"hidden\" name=\"_wpcf7_version\" value=\"6.0.5\" \/>\n<input type=\"hidden\" name=\"_wpcf7_locale\" value=\"en_US\" \/>\n<input type=\"hidden\" name=\"_wpcf7_unit_tag\" value=\"wpcf7-f14979-o1\" \/>\n<input type=\"hidden\" name=\"_wpcf7_container_post\" value=\"0\" \/>\n<input type=\"hidden\" name=\"_wpcf7_posted_data_hash\" value=\"\" \/>\n<input type=\"hidden\" name=\"_wpcf7_recaptcha_response\" value=\"\" \/>\n<\/div>\n<p><label>Motivo de Contacto:<\/label>\n<\/p>\n<p><span class=\"wpcf7-form-control-wrap\" data-name=\"contact-reason\"><select class=\"wpcf7-form-control wpcf7-select\" aria-invalid=\"false\" name=\"contact-reason\"><option value=\"Novo inqu\u00e9rito a clientes\">Novo inqu\u00e9rito a clientes<\/option><option value=\"Recrutamento\">Recrutamento<\/option><option value=\"Apoio ao Cliente\">Apoio ao Cliente<\/option><option value=\"Outras informa\u00e7\u00f5es\">Outras informa\u00e7\u00f5es<\/option><\/select><\/span>\n<\/p>\n<p><label>Nome:<\/label>\n<\/p>\n<p><span class=\"wpcf7-form-control-wrap\" data-name=\"your-name\"><input size=\"40\" maxlength=\"400\" class=\"wpcf7-form-control wpcf7-text wpcf7-validates-as-required\" aria-required=\"true\" aria-invalid=\"false\" value=\"\" type=\"text\" name=\"your-name\" \/><\/span>\n<\/p>\n<p><label>N\u00famero de Telefone:<\/label>\n<\/p>\n<p><span class=\"wpcf7-form-control-wrap\" data-name=\"tel-975\"><input size=\"40\" maxlength=\"400\" class=\"wpcf7-form-control wpcf7-tel wpcf7-text wpcf7-validates-as-tel\" aria-invalid=\"false\" value=\"\" type=\"tel\" name=\"tel-975\" \/><\/span>\n<\/p>\n<p><label>E-mail:<\/label>\n<\/p>\n<p><span class=\"wpcf7-form-control-wrap\" data-name=\"your-email\"><input size=\"40\" maxlength=\"400\" class=\"wpcf7-form-control wpcf7-email wpcf7-validates-as-required wpcf7-text wpcf7-validates-as-email\" aria-required=\"true\" aria-invalid=\"false\" value=\"\" type=\"email\" name=\"your-email\" \/><\/span>\n<\/p>\n<p><label>Mensagem:<\/label>\n<\/p>\n<p><span class=\"wpcf7-form-control-wrap\" data-name=\"your-message\"><textarea cols=\"40\" rows=\"10\" maxlength=\"2000\" class=\"wpcf7-form-control wpcf7-textarea\" aria-invalid=\"false\" name=\"your-message\"><\/textarea><\/span>\n<\/p>\n\n<div class=\"button form-button\">\n\t<p><input class=\"wpcf7-form-control wpcf7-submit has-spinner\" type=\"submit\" value=\"Send\" \/>\n\t<\/p>\n<\/div><div class=\"wpcf7-response-output\" aria-hidden=\"true\"><\/div>\n<\/form>\n<\/div>\n<\/div>\n\n<div class=\"wp-block-kobu-custom-blocks-responsive-spacer responsive-spacer size-large\"><\/div><\/div>","protected":false},"excerpt":{"rendered":"<p>Endere\u00e7o da Sede e do Laborat\u00f3rio Biocant Park, N\u00facleo 4, Lote 4A3060-197 CantanhedePortugal Hor\u00e1rio de Funcionamento | 9h &#8211; 18h | Segunda &#8211; Sexta-Feira E-mails [&hellip;]<\/p>\n","protected":false},"author":1,"featured_media":0,"parent":0,"menu_order":45,"comment_status":"closed","ping_status":"closed","template":"","meta":{"_acf_changed":false,"footnotes":""},"class_list":["post-12604","page","type-page","status-publish","hentry"],"acf":[],"aioseo_notices":[],"_links":{"self":[{"href":"https:\/\/www.heartgenetics.com\/pt\/wp-json\/wp\/v2\/pages\/12604","targetHints":{"allow":["GET"]}}],"collection":[{"href":"https:\/\/www.heartgenetics.com\/pt\/wp-json\/wp\/v2\/pages"}],"about":[{"href":"https:\/\/www.heartgenetics.com\/pt\/wp-json\/wp\/v2\/types\/page"}],"author":[{"embeddable":true,"href":"https:\/\/www.heartgenetics.com\/pt\/wp-json\/wp\/v2\/users\/1"}],"replies":[{"embeddable":true,"href":"https:\/\/www.heartgenetics.com\/pt\/wp-json\/wp\/v2\/comments?post=12604"}],"version-history":[{"count":19,"href":"https:\/\/www.heartgenetics.com\/pt\/wp-json\/wp\/v2\/pages\/12604\/revisions"}],"predecessor-version":[{"id":15779,"href":"https:\/\/www.heartgenetics.com\/pt\/wp-json\/wp\/v2\/pages\/12604\/revisions\/15779"}],"wp:attachment":[{"href":"https:\/\/www.heartgenetics.com\/pt\/wp-json\/wp\/v2\/media?parent=12604"}],"curies":[{"name":"wp","href":"https:\/\/api.w.org\/{rel}","templated":true}]}}