{"id":12597,"date":"2022-05-19T10:38:42","date_gmt":"2022-05-19T09:38:42","guid":{"rendered":"https:\/\/www.heartgenetics.com\/clinical-support\/"},"modified":"2023-02-02T11:20:51","modified_gmt":"2023-02-02T11:20:51","slug":"apoio-clinico","status":"publish","type":"page","link":"https:\/\/www.heartgenetics.com\/pt\/apoio-clinico\/","title":{"rendered":"Apoio Cl\u00ednico"},"content":{"rendered":"<div class=\"wp-block-columns alignwide is-layout-flex wp-container-core-columns-is-layout-2 wp-block-columns-is-layout-flex\"><div class=\"wp-block-column is-layout-flow wp-block-column-is-layout-flow\"><div class=\"wp-block-columns is-layout-flex wp-container-core-columns-is-layout-1 wp-block-columns-is-layout-flex\"><div class=\"wp-block-column is-layout-flow wp-block-column-is-layout-flow\"><noscript class=\"loading-lazy\"><figure class=\"wp-block-image size-medium is-resized\"><img loading=\"lazy\" decoding=\"async\" src=\"https:\/\/www.heartgenetics.com\/files\/uploads\/2022\/05\/heartgenetics-clinical-support-team-isabel-gaspar-176x300.png\" alt=\"\" class=\"wp-image-12357\" width=\"176\" height=\"300\" srcset=\"https:\/\/www.heartgenetics.com\/files\/uploads\/2022\/05\/heartgenetics-clinical-support-team-isabel-gaspar-176x300.png 176w, https:\/\/www.heartgenetics.com\/files\/uploads\/2022\/05\/heartgenetics-clinical-support-team-isabel-gaspar.png 220w\" sizes=\"auto, (max-width: 176px) 100vw, 176px\" \/><\/figure><\/noscript><\/div>\n\n<div class=\"wp-block-column is-layout-flow wp-block-column-is-layout-flow\"><h2 class=\"wp-block-heading\">Isabel Mendes Gaspar<\/h2>\n\n<p><strong>Licenciatura em Medicina, <\/strong><br><strong>NOVA Medical School, 1985, Lisboa<\/strong><\/p>\n\n<div class=\"wp-block-buttons is-layout-flex wp-block-buttons-is-layout-flex\"><div class=\"wp-block-button\"><a class=\"wp-block-button__link\" href=\"https:\/\/www.heartgenetics.com\/pt\/contactos\/\">Contacte-nos<\/a><\/div><\/div><\/div><\/div>\n\n<ul class=\"wp-block-list\" id=\"block-76243aa4-ed38-48a9-b985-671a88444ff8\"><li>Consultora de Gen\u00e9tica M\u00e9dica, 2013, 5 Centros de Refer\u00eancia (CR) 2016, e 1 CR Europeu de Doen\u00e7as Card\u00edacas Cong\u00e9nitas, 2021, Hospital Santa Cruz.<\/li><li>Especialista em Doen\u00e7as Heredit\u00e1rias cerebro-cardiovasculares, Morte S\u00fabita Card\u00edaca, Trombofilias, Perdas Fetais e Programa\u00e7\u00e3o Fetal.<\/li><li>P\u00f3s-gradua\u00e7\u00e3o em Gen\u00e9tica Medica, 1998, Hospital Egas Moniz.<\/li><li>Especialista de Medicina Preventiva, Predicativa e Personalizada. Medicina Interna 1996, Hospital Egas Moniz.<\/li><li>Docente de Gen\u00e9tica na Faculdade Medicina Universidade Lisboa, 2011.<\/li><\/ul><\/div><\/div>","protected":false},"excerpt":{"rendered":"<p>Isabel Mendes Gaspar Licenciatura em Medicina, NOVA Medical School, 1985, Lisboa Consultora de Gen\u00e9tica M\u00e9dica, 2013, 5 Centros de Refer\u00eancia (CR) 2016, e 1 CR [&hellip;]<\/p>\n","protected":false},"author":68,"featured_media":0,"parent":0,"menu_order":41,"comment_status":"closed","ping_status":"closed","template":"","meta":{"_acf_changed":false,"footnotes":""},"class_list":["post-12597","page","type-page","status-publish","hentry"],"acf":[],"aioseo_notices":[],"_links":{"self":[{"href":"https:\/\/www.heartgenetics.com\/pt\/wp-json\/wp\/v2\/pages\/12597","targetHints":{"allow":["GET"]}}],"collection":[{"href":"https:\/\/www.heartgenetics.com\/pt\/wp-json\/wp\/v2\/pages"}],"about":[{"href":"https:\/\/www.heartgenetics.com\/pt\/wp-json\/wp\/v2\/types\/page"}],"author":[{"embeddable":true,"href":"https:\/\/www.heartgenetics.com\/pt\/wp-json\/wp\/v2\/users\/68"}],"replies":[{"embeddable":true,"href":"https:\/\/www.heartgenetics.com\/pt\/wp-json\/wp\/v2\/comments?post=12597"}],"version-history":[{"count":7,"href":"https:\/\/www.heartgenetics.com\/pt\/wp-json\/wp\/v2\/pages\/12597\/revisions"}],"predecessor-version":[{"id":14887,"href":"https:\/\/www.heartgenetics.com\/pt\/wp-json\/wp\/v2\/pages\/12597\/revisions\/14887"}],"wp:attachment":[{"href":"https:\/\/www.heartgenetics.com\/pt\/wp-json\/wp\/v2\/media?parent=12597"}],"curies":[{"name":"wp","href":"https:\/\/api.w.org\/{rel}","templated":true}]}}