{"id":12595,"date":"2014-08-18T14:14:46","date_gmt":"2014-08-18T13:14:46","guid":{"rendered":"https:\/\/www.heartgenetics.com\/for-specialists\/"},"modified":"2022-06-08T17:25:00","modified_gmt":"2022-06-08T16:25:00","slug":"especialistas","status":"publish","type":"page","link":"https:\/\/www.heartgenetics.com\/pt\/especialistas\/","title":{"rendered":"Para Especialistas"},"content":{"rendered":"<h2 class=\"wp-block-heading\">TESTES DE ADN COMO O PONTO DE VIRAGEM DA SA\u00daDE PERSONALIZADA<\/h2><p>Os testes de ADN desempenham um papel essencial no planeamento de estrat\u00e9gias para cuidados de sa\u00fade e bem-estar personalizados. Na \u00faltima d\u00e9cada, a HeartGenetics especializou-se no desenvolvimento de solu\u00e7\u00f5es de testes de ADN em tr\u00eas segmentos principais: bem-estar, doen\u00e7as cardiovasculares e farmacogen\u00f3mica.<\/p><div class=\"wp-block-kobu-custom-blocks-responsive-spacer responsive-spacer size-large\"><\/div><div class=\"wp-block-kobu-custom-blocks-section-wrapper alignfull kobu-section has-background has-quinary-background-color\"><div class=\"wp-block-kobu-custom-blocks-responsive-spacer responsive-spacer size-large\"><\/div>\n\n<blockquote class=\"wp-block-quote is-layout-flow wp-block-quote-is-layout-flow\"><p>\u201cAs empresas de biologia computacional com experi\u00eancia cl\u00ednica s\u00e3o cruciais para realizar o potencial da medicina personalizada. Estamos orgulhosos que a HeartGenetics, um dos principais empreendedores em sa\u00fade digital, tenha escolhido ser parceira da Agena.\u201d<\/p><cite><em>David Coorey<\/em><br><em>Vice Presidente e General Manager, EMEA na Agena Bioscience<\/em><\/cite><\/blockquote>\n\n<div class=\"wp-block-kobu-custom-blocks-responsive-spacer responsive-spacer size-large\"><\/div><\/div><div class=\"wp-block-kobu-custom-blocks-responsive-spacer responsive-spacer size-large\"><\/div><div class=\"wp-block-kobu-custom-blocks-text-slider alignwide text-slider\"><div class=\"wp-block-kobu-custom-blocks-inner-content-img media-content-group child-item align-right valign-center img-first\"><div class=\"media-col\"><figure><noscript class=\"loading-lazy\"><img loading=\"lazy\" decoding=\"async\" width=\"916\" height=\"916\" class=\"wp-image-8773\" src=\"https:\/\/www.heartgenetics.com\/files\/uploads\/2022\/05\/heartgenetics-preventive-genetics.png\" alt=\"\" title=\"heartgenetics-preventive-genetics\" sizes=\"auto, (min-width: 1201px) 35vw, (min-width: 601px) 50vw, 100vw\" srcset=\"https:\/\/www.heartgenetics.com\/files\/uploads\/2022\/05\/heartgenetics-preventive-genetics.png 916w, https:\/\/www.heartgenetics.com\/files\/uploads\/2022\/05\/heartgenetics-preventive-genetics-300x300.png 300w, https:\/\/www.heartgenetics.com\/files\/uploads\/2022\/05\/heartgenetics-preventive-genetics-150x150.png 150w, https:\/\/www.heartgenetics.com\/files\/uploads\/2022\/05\/heartgenetics-preventive-genetics-768x768.png 768w, https:\/\/www.heartgenetics.com\/files\/uploads\/2022\/05\/heartgenetics-preventive-genetics-600x600.png 600w, https:\/\/www.heartgenetics.com\/files\/uploads\/2022\/05\/heartgenetics-preventive-genetics-100x100.png 100w\" \/><\/noscript><\/figure><\/div><div class=\"content-col\"><div class=\"content-col-wrapper\"><h3 class=\"wp-block-heading\">GEN\u00c9TICA PREVENTIVA<\/h3>\n\n<p>Solu\u00e7\u00f5es de testes gen\u00e9ticos para melhorar a sa\u00fade e o bem-estar atrav\u00e9s da nutri\u00e7\u00e3o, ingest\u00e3o de vitamina D, aptid\u00e3o f\u00edsica e bem-estar: MyNutriGenes<sup>\u00ae<\/sup>, MyWellnessGenes<sup>\u00ae<\/sup>, MyVitDGenes<sup>\u00ae<\/sup> e MyFitnessGenes<sup>\u00ae<\/sup>.<\/p>\n\n<div class=\"wp-block-kobu-custom-blocks-responsive-spacer responsive-spacer size-small\"><\/div>\n\n<div class=\"wp-block-buttons is-layout-flex wp-block-buttons-is-layout-flex\"><div class=\"wp-block-button\"><a class=\"wp-block-button__link\" href=\"https:\/\/www.heartgenetics.com\/pt\/especialistas\/genetica-preventiva\/\">Saiba mais<\/a><\/div><\/div><\/div><\/div><\/div>\n\n<div class=\"wp-block-kobu-custom-blocks-inner-content-img media-content-group child-item align-right valign-center img-first\"><div class=\"media-col\"><figure><noscript class=\"loading-lazy\"><img loading=\"lazy\" decoding=\"async\" width=\"916\" height=\"916\" class=\"wp-image-8774\" src=\"https:\/\/www.heartgenetics.com\/files\/uploads\/2022\/05\/heartgenetics-cardiovascular-genetics.png\" alt=\"\" title=\"heartgenetics-cardiovascular-genetics\" sizes=\"auto, (min-width: 1201px) 35vw, (min-width: 601px) 50vw, 100vw\" srcset=\"https:\/\/www.heartgenetics.com\/files\/uploads\/2022\/05\/heartgenetics-cardiovascular-genetics.png 916w, https:\/\/www.heartgenetics.com\/files\/uploads\/2022\/05\/heartgenetics-cardiovascular-genetics-300x300.png 300w, https:\/\/www.heartgenetics.com\/files\/uploads\/2022\/05\/heartgenetics-cardiovascular-genetics-150x150.png 150w, https:\/\/www.heartgenetics.com\/files\/uploads\/2022\/05\/heartgenetics-cardiovascular-genetics-768x768.png 768w, https:\/\/www.heartgenetics.com\/files\/uploads\/2022\/05\/heartgenetics-cardiovascular-genetics-600x600.png 600w, https:\/\/www.heartgenetics.com\/files\/uploads\/2022\/05\/heartgenetics-cardiovascular-genetics-100x100.png 100w\" \/><\/noscript><\/figure><\/div><div class=\"content-col\"><div class=\"content-col-wrapper\"><h3 class=\"wp-block-heading\">Gen\u00e9tica Cardiovascular<\/h3>\n\n<p>Avalia\u00e7\u00e3o de risco para diferentes doen\u00e7as cardiovasculares heredit\u00e1rias atrav\u00e9s de testes de ADN direcionados: TromboGene (trombofilia heredit\u00e1ria), Triagem HCM (cardiomiopatia hipertr\u00f3fica) e LipoGene (hipercolesterolemia familiar).<\/p>\n\n<div class=\"wp-block-kobu-custom-blocks-responsive-spacer responsive-spacer size-small\"><\/div>\n\n<div class=\"wp-block-buttons is-layout-flex wp-block-buttons-is-layout-flex\"><div class=\"wp-block-button\"><a class=\"wp-block-button__link\" href=\"https:\/\/www.heartgenetics.com\/pt\/especialistas\/genetica-cardiovascular\/\">Saiba mais<\/a><\/div><\/div><\/div><\/div><\/div>\n\n<div class=\"wp-block-kobu-custom-blocks-inner-content-img media-content-group child-item align-right valign-center img-first\"><div class=\"media-col\"><figure><noscript class=\"loading-lazy\"><img loading=\"lazy\" decoding=\"async\" width=\"916\" height=\"916\" class=\"wp-image-8776\" src=\"https:\/\/www.heartgenetics.com\/files\/uploads\/2022\/05\/heartgenetics-pharmacogenomics.png\" alt=\"\" title=\"heartgenetics-pharmacogenomics\" sizes=\"auto, (min-width: 1201px) 35vw, (min-width: 601px) 50vw, 100vw\" srcset=\"https:\/\/www.heartgenetics.com\/files\/uploads\/2022\/05\/heartgenetics-pharmacogenomics.png 916w, https:\/\/www.heartgenetics.com\/files\/uploads\/2022\/05\/heartgenetics-pharmacogenomics-300x300.png 300w, https:\/\/www.heartgenetics.com\/files\/uploads\/2022\/05\/heartgenetics-pharmacogenomics-150x150.png 150w, https:\/\/www.heartgenetics.com\/files\/uploads\/2022\/05\/heartgenetics-pharmacogenomics-768x768.png 768w, https:\/\/www.heartgenetics.com\/files\/uploads\/2022\/05\/heartgenetics-pharmacogenomics-600x600.png 600w, https:\/\/www.heartgenetics.com\/files\/uploads\/2022\/05\/heartgenetics-pharmacogenomics-100x100.png 100w\" \/><\/noscript><\/figure><\/div><div class=\"content-col\"><div class=\"content-col-wrapper\"><h3 class=\"wp-block-heading\">FarmacogEN\u00d3MICA<\/h3>\n\n<p>Informa\u00e7\u00f5es gen\u00e9ticas compreensivas para orientar estrat\u00e9gias de medica\u00e7\u00e3o personalizadas: MyPharmaGenes<sup>\u00ae<\/sup> PGx, Warfarin PGX, Sinvastatina PGX e Clopidogrel PGX.<\/p>\n\n<div class=\"wp-block-kobu-custom-blocks-responsive-spacer responsive-spacer size-small\"><\/div>\n\n<div class=\"wp-block-buttons is-layout-flex wp-block-buttons-is-layout-flex\"><div class=\"wp-block-button\"><a class=\"wp-block-button__link\" href=\"https:\/\/www.heartgenetics.com\/pt\/especialistas\/farmacogenomica\/\">Saiba mais<\/a><\/div><\/div><\/div><\/div><\/div><\/div>","protected":false},"excerpt":{"rendered":"<p>TESTES DE ADN COMO O PONTO DE VIRAGEM DA SA\u00daDE PERSONALIZADA Os testes de ADN desempenham um papel essencial no planeamento de estrat\u00e9gias para cuidados [&hellip;]<\/p>\n","protected":false},"author":1,"featured_media":12144,"parent":0,"menu_order":0,"comment_status":"closed","ping_status":"closed","template":"","meta":{"_acf_changed":false,"footnotes":""},"class_list":["post-12595","page","type-page","status-publish","has-post-thumbnail","hentry"],"acf":[],"aioseo_notices":[],"_links":{"self":[{"href":"https:\/\/www.heartgenetics.com\/pt\/wp-json\/wp\/v2\/pages\/12595","targetHints":{"allow":["GET"]}}],"collection":[{"href":"https:\/\/www.heartgenetics.com\/pt\/wp-json\/wp\/v2\/pages"}],"about":[{"href":"https:\/\/www.heartgenetics.com\/pt\/wp-json\/wp\/v2\/types\/page"}],"author":[{"embeddable":true,"href":"https:\/\/www.heartgenetics.com\/pt\/wp-json\/wp\/v2\/users\/1"}],"replies":[{"embeddable":true,"href":"https:\/\/www.heartgenetics.com\/pt\/wp-json\/wp\/v2\/comments?post=12595"}],"version-history":[{"count":4,"href":"https:\/\/www.heartgenetics.com\/pt\/wp-json\/wp\/v2\/pages\/12595\/revisions"}],"predecessor-version":[{"id":12966,"href":"https:\/\/www.heartgenetics.com\/pt\/wp-json\/wp\/v2\/pages\/12595\/revisions\/12966"}],"wp:featuredmedia":[{"embeddable":true,"href":"https:\/\/www.heartgenetics.com\/pt\/wp-json\/wp\/v2\/media\/12144"}],"wp:attachment":[{"href":"https:\/\/www.heartgenetics.com\/pt\/wp-json\/wp\/v2\/media?parent=12595"}],"curies":[{"name":"wp","href":"https:\/\/api.w.org\/{rel}","templated":true}]}}