{"id":12592,"date":"2022-05-19T10:31:12","date_gmt":"2022-05-19T09:31:12","guid":{"rendered":"https:\/\/www.heartgenetics.com\/for-patients\/"},"modified":"2023-02-28T15:57:40","modified_gmt":"2023-02-28T15:57:40","slug":"pacientes","status":"publish","type":"page","link":"https:\/\/www.heartgenetics.com\/pt\/pacientes\/","title":{"rendered":"Para Pacientes"},"content":{"rendered":"<h2 class=\"wp-block-heading\">O PONTO DE VIRAGEM DA SA\u00daDE PERSONALIZADA.<\/h2><p>A HeartGenetics e os seus parceiros est\u00e3o comprometidos em ajud\u00e1-lo a moldar um estilo de vida mais saud\u00e1vel, fornecendo conhecimento personalizado da sua gen\u00e9tica em tr\u00eas \u00e1reas principais: bem-estar e nutri\u00e7\u00e3o, doen\u00e7as card\u00edacas e resposta a medicamentos.<\/p><div class=\"wp-block-kobu-custom-blocks-responsive-spacer responsive-spacer size-large\"><\/div><div class=\"wp-block-kobu-custom-blocks-text-slider alignwide text-slider\"><div class=\"wp-block-kobu-custom-blocks-inner-content-img media-content-group child-item align-right valign-center img-first\"><div class=\"media-col\"><figure><noscript class=\"loading-lazy\"><img loading=\"lazy\" decoding=\"async\" width=\"916\" height=\"916\" class=\"wp-image-8773\" src=\"https:\/\/www.heartgenetics.com\/files\/uploads\/2022\/05\/heartgenetics-preventive-genetics.png\" alt=\"\" title=\"heartgenetics-preventive-genetics\" sizes=\"auto, (min-width: 1201px) 35vw, (min-width: 601px) 50vw, 100vw\" srcset=\"https:\/\/www.heartgenetics.com\/files\/uploads\/2022\/05\/heartgenetics-preventive-genetics.png 916w, https:\/\/www.heartgenetics.com\/files\/uploads\/2022\/05\/heartgenetics-preventive-genetics-300x300.png 300w, https:\/\/www.heartgenetics.com\/files\/uploads\/2022\/05\/heartgenetics-preventive-genetics-150x150.png 150w, https:\/\/www.heartgenetics.com\/files\/uploads\/2022\/05\/heartgenetics-preventive-genetics-768x768.png 768w, https:\/\/www.heartgenetics.com\/files\/uploads\/2022\/05\/heartgenetics-preventive-genetics-600x600.png 600w, https:\/\/www.heartgenetics.com\/files\/uploads\/2022\/05\/heartgenetics-preventive-genetics-100x100.png 100w\" \/><\/noscript><\/figure><\/div><div class=\"content-col\"><div class=\"content-col-wrapper\"><h3 class=\"wp-block-heading\">MELHORE O SEU BEM-ESTAR<\/h3>\n\n<p>A nutri\u00e7\u00e3o e o condicionamento f\u00edsico personalizados atrav\u00e9s da informa\u00e7\u00e3o gen\u00e9tica.<\/p>\n\n<div class=\"wp-block-kobu-custom-blocks-responsive-spacer responsive-spacer size-small\"><\/div>\n\n<div class=\"wp-block-buttons is-layout-flex wp-block-buttons-is-layout-flex\"><div class=\"wp-block-button\"><a class=\"wp-block-button__link\" href=\"https:\/\/www.heartgenetics.com\/pt\/pacientes\/melhore-o-bemestar\/\">Saiba mais<\/a><\/div><\/div><\/div><\/div><\/div>\n\n<div class=\"wp-block-kobu-custom-blocks-inner-content-img media-content-group child-item align-right valign-center img-first\"><div class=\"media-col\"><figure><noscript class=\"loading-lazy\"><img loading=\"lazy\" decoding=\"async\" width=\"916\" height=\"916\" class=\"wp-image-8774\" src=\"https:\/\/www.heartgenetics.com\/files\/uploads\/2022\/05\/heartgenetics-cardiovascular-genetics.png\" alt=\"\" title=\"heartgenetics-cardiovascular-genetics\" sizes=\"auto, (min-width: 1201px) 35vw, (min-width: 601px) 50vw, 100vw\" srcset=\"https:\/\/www.heartgenetics.com\/files\/uploads\/2022\/05\/heartgenetics-cardiovascular-genetics.png 916w, https:\/\/www.heartgenetics.com\/files\/uploads\/2022\/05\/heartgenetics-cardiovascular-genetics-300x300.png 300w, https:\/\/www.heartgenetics.com\/files\/uploads\/2022\/05\/heartgenetics-cardiovascular-genetics-150x150.png 150w, https:\/\/www.heartgenetics.com\/files\/uploads\/2022\/05\/heartgenetics-cardiovascular-genetics-768x768.png 768w, https:\/\/www.heartgenetics.com\/files\/uploads\/2022\/05\/heartgenetics-cardiovascular-genetics-600x600.png 600w, https:\/\/www.heartgenetics.com\/files\/uploads\/2022\/05\/heartgenetics-cardiovascular-genetics-100x100.png 100w\" \/><\/noscript><\/figure><\/div><div class=\"content-col\"><div class=\"content-col-wrapper\"><h3 class=\"wp-block-heading\">Gen\u00e9tica Cardiovascular<\/h3>\n\n<p>A manute\u00e7\u00e3o de um cora\u00e7\u00e3o saud\u00e1vel \u00e9 importante.&nbsp;Os nossos genes podem indicar potenciais riscos para o desenvolvimento de in\u00fameras patologias cardiovasculares.<\/p>\n\n<p><strong>Se \u00e9 um profissional de sa\u00fade, clique abaixo para saber mais sobre os nossos testes de diagn\u00f3stico.<\/strong><\/p>\n\n<div class=\"wp-block-kobu-custom-blocks-responsive-spacer responsive-spacer size-small\"><\/div>\n\n<div class=\"wp-block-buttons is-layout-flex wp-block-buttons-is-layout-flex\"><div class=\"wp-block-button\"><a class=\"wp-block-button__link\" href=\"https:\/\/www.heartgenetics.com\/pt\/especialistas\/genetica-cardiovascular\/\">Saiba mais<\/a><\/div><\/div><\/div><\/div><\/div>\n\n<div class=\"wp-block-kobu-custom-blocks-inner-content-img media-content-group child-item align-right valign-center img-first\"><div class=\"media-col\"><figure><noscript class=\"loading-lazy\"><img loading=\"lazy\" decoding=\"async\" width=\"916\" height=\"916\" class=\"wp-image-8776\" src=\"https:\/\/www.heartgenetics.com\/files\/uploads\/2022\/05\/heartgenetics-pharmacogenomics.png\" alt=\"\" title=\"heartgenetics-pharmacogenomics\" sizes=\"auto, (min-width: 1201px) 35vw, (min-width: 601px) 50vw, 100vw\" srcset=\"https:\/\/www.heartgenetics.com\/files\/uploads\/2022\/05\/heartgenetics-pharmacogenomics.png 916w, https:\/\/www.heartgenetics.com\/files\/uploads\/2022\/05\/heartgenetics-pharmacogenomics-300x300.png 300w, https:\/\/www.heartgenetics.com\/files\/uploads\/2022\/05\/heartgenetics-pharmacogenomics-150x150.png 150w, https:\/\/www.heartgenetics.com\/files\/uploads\/2022\/05\/heartgenetics-pharmacogenomics-768x768.png 768w, https:\/\/www.heartgenetics.com\/files\/uploads\/2022\/05\/heartgenetics-pharmacogenomics-600x600.png 600w, https:\/\/www.heartgenetics.com\/files\/uploads\/2022\/05\/heartgenetics-pharmacogenomics-100x100.png 100w\" \/><\/noscript><\/figure><\/div><div class=\"content-col\"><div class=\"content-col-wrapper\"><h3 class=\"wp-block-heading\">Adequa\u00e7\u00e3o Terapeutica atrav\u00e9s da Farmacogen\u00e9tica<\/h3>\n\n<p>Estudos gen\u00e9ticos para auxiliar os m\u00e9dicos a personalizar a toma da medica\u00e7\u00e3o.<\/p>\n\n<div class=\"wp-block-kobu-custom-blocks-responsive-spacer responsive-spacer size-small\"><\/div>\n\n<div class=\"wp-block-buttons is-layout-flex wp-block-buttons-is-layout-flex\"><div class=\"wp-block-button\"><a class=\"wp-block-button__link\" href=\"https:\/\/www.heartgenetics.com\/pt\/pacientes\/terapeutica-personalizada\/\">Saiba mais<\/a><\/div><\/div><\/div><\/div><\/div><\/div><div class=\"wp-block-kobu-custom-blocks-responsive-spacer responsive-spacer size-large\"><\/div><h2 class=\"alignwide wp-block-heading\">Como funciona em 3 simples passos<\/h2><p class=\"alignwide has-text-align-wide is-style-half-width\">Na HeartGenetics, esfor\u00e7amos-nos para tornar os testes gen\u00e9ticos o mais simples e eficiente poss\u00edvel, desde a recolha da amostra at\u00e9 \u00e0 entrega dos resultados. A nossa equipa est\u00e1 aqui para responder a quaisquer perguntas que possa ter.<\/p><div class=\"wp-block-kobu-custom-blocks-responsive-spacer responsive-spacer size-medium\"><\/div><div class=\"workflow alignfull\">\n            <div class=\"workflow-wrapper\">\n                            <div class=\"column\">\n                                            <div class=\"img-wrapper\">\n                            <img loading=\"lazy\" decoding=\"async\" width=\"108\" height=\"108\" src=\"https:\/\/www.heartgenetics.com\/files\/uploads\/2022\/05\/heartgenetics-order_a_test-icon.svg\" class=\"attachment-medium size-medium\" alt=\"\" \/>                        <\/div>\n                                        <div class=\"content-wrapper\">\n                                                    <div class=\"title\">1. Conhe\u00e7a os nossos testes gen\u00e9ticos<\/div>\n                                                                            <div class=\"description\">Saiba mais sobre os nossos testes gen\u00e9ticos nas respetivas p\u00e1ginas.<br \/>\r\n<\/div>\n                                                                    <\/div>\n                <\/div>\n                            <div class=\"column\">\n                                            <div class=\"img-wrapper\">\n                            <img loading=\"lazy\" decoding=\"async\" width=\"108\" height=\"108\" src=\"https:\/\/www.heartgenetics.com\/files\/uploads\/2022\/05\/heartgenetics-genetic_analysis-icon.svg\" class=\"attachment-medium size-medium\" alt=\"\" \/>                        <\/div>\n                                        <div class=\"content-wrapper\">\n                                                    <div class=\"title\">2. Escolha o nosso parceiro<\/div>\n                                                                            <div class=\"description\">Entre em contacto connosco para ter acesso \u00e0 nossa rede de parceiros para realizar o teste.<\/div>\n                                                                    <\/div>\n                <\/div>\n                            <div class=\"column\">\n                                            <div class=\"img-wrapper\">\n                            <img loading=\"lazy\" decoding=\"async\" width=\"108\" height=\"108\" src=\"https:\/\/www.heartgenetics.com\/files\/uploads\/2022\/05\/heartgenetics-genetic_test_report-icon.svg\" class=\"attachment-medium size-medium\" alt=\"\" \/>                        <\/div>\n                                        <div class=\"content-wrapper\">\n                                                    <div class=\"title\">3. Receba os resultados do seu teste gen\u00e9tico<\/div>\n                                                                            <div class=\"description\">O profissional de sa\u00fade entrar\u00e1 em contacto para entregar e explicar os resultados do teste.<br \/>\r\n<\/div>\n                                                                    <\/div>\n                <\/div>\n                    <\/div>\n    <\/div><div class=\"wp-block-kobu-custom-blocks-responsive-spacer responsive-spacer size-large\"><\/div><div class=\"wp-block-kobu-custom-blocks-section-wrapper alignfull kobu-section has-background has-quinary-background-color\"><div class=\"wp-block-kobu-custom-blocks-responsive-spacer responsive-spacer size-large\"><\/div>\n\n<div class=\"wp-block-columns alignwide two-columns-wide-left is-layout-flex wp-container-core-columns-is-layout-1 wp-block-columns-is-layout-flex\"><div class=\"wp-block-column is-layout-flow wp-block-column-is-layout-flow\"><h3 class=\"wp-block-heading\">Tem quest\u00f5es acerca dos nossos testes?<\/h3><\/div>\n\n<div class=\"wp-block-column is-layout-flow wp-block-column-is-layout-flow\"><div class=\"wp-block-buttons is-layout-flex wp-block-buttons-is-layout-flex\"><div class=\"wp-block-button talk-to-us\"><a class=\"wp-block-button__link\" href=\"https:\/\/www.heartgenetics.com\/pt\/contactos\/\">Fale connosco<\/a><\/div><\/div><\/div><\/div>\n\n<div class=\"wp-block-kobu-custom-blocks-responsive-spacer responsive-spacer size-large\"><\/div><\/div>","protected":false},"excerpt":{"rendered":"<p>O PONTO DE VIRAGEM DA SA\u00daDE PERSONALIZADA. A HeartGenetics e os seus parceiros est\u00e3o comprometidos em ajud\u00e1-lo a moldar um estilo de vida mais saud\u00e1vel, [&hellip;]<\/p>\n","protected":false},"author":68,"featured_media":12138,"parent":0,"menu_order":30,"comment_status":"closed","ping_status":"closed","template":"","meta":{"_acf_changed":false,"footnotes":""},"class_list":["post-12592","page","type-page","status-publish","has-post-thumbnail","hentry"],"acf":[],"aioseo_notices":[],"_links":{"self":[{"href":"https:\/\/www.heartgenetics.com\/pt\/wp-json\/wp\/v2\/pages\/12592","targetHints":{"allow":["GET"]}}],"collection":[{"href":"https:\/\/www.heartgenetics.com\/pt\/wp-json\/wp\/v2\/pages"}],"about":[{"href":"https:\/\/www.heartgenetics.com\/pt\/wp-json\/wp\/v2\/types\/page"}],"author":[{"embeddable":true,"href":"https:\/\/www.heartgenetics.com\/pt\/wp-json\/wp\/v2\/users\/68"}],"replies":[{"embeddable":true,"href":"https:\/\/www.heartgenetics.com\/pt\/wp-json\/wp\/v2\/comments?post=12592"}],"version-history":[{"count":13,"href":"https:\/\/www.heartgenetics.com\/pt\/wp-json\/wp\/v2\/pages\/12592\/revisions"}],"predecessor-version":[{"id":15075,"href":"https:\/\/www.heartgenetics.com\/pt\/wp-json\/wp\/v2\/pages\/12592\/revisions\/15075"}],"wp:featuredmedia":[{"embeddable":true,"href":"https:\/\/www.heartgenetics.com\/pt\/wp-json\/wp\/v2\/media\/12138"}],"wp:attachment":[{"href":"https:\/\/www.heartgenetics.com\/pt\/wp-json\/wp\/v2\/media?parent=12592"}],"curies":[{"name":"wp","href":"https:\/\/api.w.org\/{rel}","templated":true}]}}