{"id":12576,"date":"2016-10-06T16:34:53","date_gmt":"2016-10-06T16:34:53","guid":{"rendered":"https:\/\/www.heartgenetics.com\/dnarterial-decoder\/"},"modified":"2022-05-26T18:44:11","modified_gmt":"2022-05-26T17:44:11","slug":"dnarterial-decoder","status":"publish","type":"page","link":"https:\/\/www.heartgenetics.com\/pt\/sobre-nos\/financed-projects\/dnarterial-decoder\/","title":{"rendered":"DNArterial DECODER"},"content":{"rendered":"<p><a href=\"https:\/\/www.heartgenetics.com\/wp-content\/uploads\/2016\/08\/IMG_7650.jpg\"><img loading=\"lazy\" decoding=\"async\" class=\"alignnone size-medium wp-image-3261\" src=\"https:\/\/www.heartgenetics.com\/wp-content\/uploads\/2016\/08\/IMG_7650-300x238.jpg\" alt=\"\" width=\"300\" height=\"238\" srcset=\"https:\/\/www.heartgenetics.com\/files\/uploads\/2016\/08\/IMG_7650-300x238.jpg 300w, https:\/\/www.heartgenetics.com\/files\/uploads\/2016\/08\/IMG_7650-150x119.jpg 150w, https:\/\/www.heartgenetics.com\/files\/uploads\/2016\/08\/IMG_7650.jpg 535w\" sizes=\"auto, (max-width: 300px) 100vw, 300px\" \/><\/a><\/p>\n<p>&nbsp;<\/p>\n<p><a href=\"https:\/\/www.heartgenetics.com\/wp-content\/uploads\/2016\/07\/POCentro_PT2020_FEDER_Bom.png\"><img loading=\"lazy\" decoding=\"async\" class=\"alignnone wp-image-3386\" src=\"https:\/\/www.heartgenetics.com\/wp-content\/uploads\/2016\/07\/POCentro_PT2020_FEDER_Bom-300x45.png\" alt=\"pocentro_pt2020_feder_bom\" width=\"953\" height=\"143\" srcset=\"https:\/\/www.heartgenetics.com\/files\/uploads\/2016\/07\/POCentro_PT2020_FEDER_Bom-300x45.png 300w, https:\/\/www.heartgenetics.com\/files\/uploads\/2016\/07\/POCentro_PT2020_FEDER_Bom-600x91.png 600w, https:\/\/www.heartgenetics.com\/files\/uploads\/2016\/07\/POCentro_PT2020_FEDER_Bom-768x116.png 768w, https:\/\/www.heartgenetics.com\/files\/uploads\/2016\/07\/POCentro_PT2020_FEDER_Bom-1024x155.png 1024w, https:\/\/www.heartgenetics.com\/files\/uploads\/2016\/07\/POCentro_PT2020_FEDER_Bom-150x23.png 150w\" sizes=\"auto, (max-width: 953px) 100vw, 953px\" \/><\/a><\/p>\n<h2>DNArterialDECODER<\/h2>\n<p><a href=\"https:\/\/www.heartgenetics.com\/pt\/\">HeartGenetics<\/a> in cooperation with <a href=\"http:\/\/www.chuc.min-saude.pt\/\">CHUC<\/a> (Centro Hospitalar e Universit\u00e1rio de Coimbra), has developed the DNArterialDECODER project. This project seeks to validate the potential, utility and acceptance by the medical community of DNArterialDECODER, which results from the union of <a href=\"https:\/\/www.heartgenetics.com\/?post_type=product&#038;p=3060\">HEARTDECODE\u00ae<\/a>, a genetic testing software, and <a href=\"https:\/\/www.heartgenetics.com\/?post_type=product&#038;p=778\">DNArterial\u00ae<\/a>, a genetic testing kit for the study of molecular markers of essential hypertension and associated cardiovascular diseases. Both these <a href=\"https:\/\/www.heartgenetics.com\/pt\/\">HeartGenetics<\/a>\u2019 products have CE\/IVD marking since 2016.<\/p>\n<p>DNArterialDECODER is financed by Portugal2020 ( Centro2020) in the eligible amount of 403.185,11\u20ac, from European Regional Development Fund.<\/p>\n<h2>Goals<\/h2>\n<ul>\n<li>Develop actions and innovative systems to facilitate early essential hypertension diagnosis and prevention;<\/li>\n<li>Improve genetic testing use on everyday medicine;<\/li>\n<li>Develop and validate new therapies, new materials and medical devices;<\/li>\n<li>Promote platforms for pre-clinical, clinical and clinical research investigation;<\/li>\n<li>Develop services with increased value in the region to facilitate HeartGenetics entry in international value chains;<\/li>\n<\/ul>\n<h2>Results<\/h2>\n<p>DNArterialDECODER will increase <a href=\"https:\/\/www.heartgenetics.com\/pt\/\">HeartGenetics<\/a>\u2019 products credibility in the domestic market which will translate in a more solid and improved image on the international market. In order to better reach its goals, <a href=\"https:\/\/www.heartgenetics.com\/pt\/\">HeartGenetics<\/a> is now in contact with an international company to introduce \u00a0these products in \u00a0Germany and UK market and with an Italian company to approach the Italian market.<\/p>\n<p><a href=\"https:\/\/www.heartgenetics.com\/pt\/\">HeartGenetics<\/a> will also organize \u00a0product demonstration actions in renowned health hospitals \u00a0both in Portugal and abroad.<\/p>\n<p>&nbsp;<\/p>\n<hr \/>\n<h4><a href=\"https:\/\/www.heartgenetics.com\/wp-content\/uploads\/2016\/07\/PT_flag.png\"><img loading=\"lazy\" decoding=\"async\" class=\"alignnone wp-image-3213\" src=\"https:\/\/www.heartgenetics.com\/wp-content\/uploads\/2016\/07\/PT_flag.png\" alt=\"PT_flag\" width=\"41\" height=\"20\" \/><\/a><\/h4>\n<p><a href=\"https:\/\/www.heartgenetics.com\/wp-content\/uploads\/2016\/08\/IMG_7650.jpg\"><img loading=\"lazy\" decoding=\"async\" class=\" wp-image-3261 alignleft\" src=\"https:\/\/www.heartgenetics.com\/wp-content\/uploads\/2016\/08\/IMG_7650-300x238.jpg\" alt=\"IMG_7650\" width=\"328\" height=\"260\" srcset=\"https:\/\/www.heartgenetics.com\/files\/uploads\/2016\/08\/IMG_7650-300x238.jpg 300w, https:\/\/www.heartgenetics.com\/files\/uploads\/2016\/08\/IMG_7650-150x119.jpg 150w, https:\/\/www.heartgenetics.com\/files\/uploads\/2016\/08\/IMG_7650.jpg 535w\" sizes=\"auto, (max-width: 328px) 100vw, 328px\" \/><\/a><\/p>\n<p>&nbsp;<\/p>\n<p>&nbsp;<\/p>\n<p>&nbsp;<\/p>\n<p>&nbsp;<\/p>\n<p>&nbsp;<\/p>\n<p>&nbsp;<\/p>\n<p>&nbsp;<\/p>\n<p><a href=\"https:\/\/www.heartgenetics.com\/wp-content\/uploads\/2016\/07\/POCentro_PT2020_FEDER_Bom.png\"><img loading=\"lazy\" decoding=\"async\" class=\"alignnone wp-image-3386\" src=\"https:\/\/www.heartgenetics.com\/wp-content\/uploads\/2016\/07\/POCentro_PT2020_FEDER_Bom-300x45.png\" alt=\"pocentro_pt2020_feder_bom\" width=\"953\" height=\"143\" srcset=\"https:\/\/www.heartgenetics.com\/files\/uploads\/2016\/07\/POCentro_PT2020_FEDER_Bom-300x45.png 300w, https:\/\/www.heartgenetics.com\/files\/uploads\/2016\/07\/POCentro_PT2020_FEDER_Bom-600x91.png 600w, https:\/\/www.heartgenetics.com\/files\/uploads\/2016\/07\/POCentro_PT2020_FEDER_Bom-768x116.png 768w, https:\/\/www.heartgenetics.com\/files\/uploads\/2016\/07\/POCentro_PT2020_FEDER_Bom-1024x155.png 1024w, https:\/\/www.heartgenetics.com\/files\/uploads\/2016\/07\/POCentro_PT2020_FEDER_Bom-150x23.png 150w\" sizes=\"auto, (max-width: 953px) 100vw, 953px\" \/><\/a><\/p>\n<p>&nbsp;<\/p>\n<p>&nbsp;<\/p>\n<p>O projeto DNArterialDECODER da <a href=\"https:\/\/www.heartgenetics.com\/pt\/\">HeartGenetics<\/a>, em parceria com o <a href=\"http:\/\/www.chuc.min-saude.pt\/\">Centro Hospitalar e Universit\u00e1rio de Coimbra (CHUC)<\/a>, tem como principal objetivo validar o potencial, a utilidade e a aceita\u00e7\u00e3o por parte dos m\u00e9dicos e hospitais de um novo teste gen\u00e9tico para a Hipertens\u00e3o arterial. A jun\u00e7\u00e3o do sistema <a href=\"https:\/\/www.heartgenetics.com\/?post_type=product&#038;p=3060\">HEARTDECODE\u00ae<\/a> (software para gera\u00e7\u00e3o autom\u00e1tica de relat\u00f3rios gen\u00e9ticos) e do kit para teste gen\u00e9tico <a href=\"https:\/\/www.heartgenetics.com\/?post_type=product&#038;p=778\">DNArterial\u00ae<\/a>, permitir\u00e1 o estudo de marcadores moleculares associados a hipertens\u00e3o essencial e eventos cardiovasculares associados. Tanto o software <a href=\"https:\/\/www.heartgenetics.com\/?post_type=product&#038;p=3060\">HEARTDECODE\u00ae<\/a> e como o Kit <a href=\"https:\/\/www.heartgenetics.com\/?post_type=product&#038;p=778\">DNArterial\u00ae<\/a> \u00a0t\u00eam marca\u00e7\u00e3o CE\/IVD desde o in\u00edcio de 2016.<br \/>\nO projeto DNArterialDECODER \u00e9 financiado pelo Programa Portugal 2020, Centro2020, no montante eleg\u00edvel de 403.185,11\u20ac, pelo Fundo Europeu de Desenvolvimento Regional.<\/p>\n<h2>Objetivos<\/h2>\n<ul>\n<li>Desenvolver a\u00e7\u00f5es e sistemas inovadores que facilitam o diagn\u00f3stico precoce da hipertens\u00e3o arterial essencial;<\/li>\n<li>Melhorar a utiliza\u00e7\u00e3o dos testes gen\u00e9ticos na cl\u00ednica de rotina;<\/li>\n<li>Desenvolver e validar novas terapias, novos materiais e dispositivos m\u00e9dicos;<\/li>\n<li>Promover plataformas de investiga\u00e7\u00e3o pr\u00e9 cl\u00ednica, cl\u00ednica e ensaios cl\u00ednicos;<\/li>\n<li>Desenvolver servi\u00e7os de valor acrescentado na regi\u00e3o, facilitando a entrada da HeartGenetics em cadeias de valor internacionais;<\/li>\n<\/ul>\n<h2>Resultados<\/h2>\n<p>O projeto DNArterialDECODE vai permitir credibilizar no mercado interno os produtos em demonstra\u00e7\u00e3o, permitindo projetar de forma mais s\u00f3lida a imagem da empresa no mercado internacional.<\/p>\n<p>De modo a atingir os objetivos propostos, a <a href=\"https:\/\/www.heartgenetics.com\/pt\/\">HeartGenetics<\/a> encontra-se em contacto com uma empresa internacional para entrar no mercado da Alemanha e UK, e com uma empresa italiana para operar no mercado italiano.<\/p>\n<p>A <a href=\"https:\/\/www.heartgenetics.com\/pt\/\">HeartGenetics<\/a> vai ainda realizar a\u00e7\u00f5es piloto de demonstra\u00e7\u00e3o dos seus produtos em unidades hospitalares tanto em Portugal como no estrangeiro.<\/p>\n<p>&nbsp;<\/p>\n","protected":false},"excerpt":{"rendered":"<p>&nbsp; DNArterialDECODER HeartGenetics in cooperation with CHUC (Centro Hospitalar e Universit\u00e1rio de Coimbra), has developed the DNArterialDECODER project. This project seeks to validate the potential, [&hellip;]<\/p>\n","protected":false},"author":5,"featured_media":9053,"parent":12659,"menu_order":52,"comment_status":"closed","ping_status":"closed","template":"","meta":{"_acf_changed":false,"footnotes":""},"class_list":["post-12576","page","type-page","status-publish","has-post-thumbnail","hentry"],"acf":[],"aioseo_notices":[],"_links":{"self":[{"href":"https:\/\/www.heartgenetics.com\/pt\/wp-json\/wp\/v2\/pages\/12576","targetHints":{"allow":["GET"]}}],"collection":[{"href":"https:\/\/www.heartgenetics.com\/pt\/wp-json\/wp\/v2\/pages"}],"about":[{"href":"https:\/\/www.heartgenetics.com\/pt\/wp-json\/wp\/v2\/types\/page"}],"author":[{"embeddable":true,"href":"https:\/\/www.heartgenetics.com\/pt\/wp-json\/wp\/v2\/users\/5"}],"replies":[{"embeddable":true,"href":"https:\/\/www.heartgenetics.com\/pt\/wp-json\/wp\/v2\/comments?post=12576"}],"version-history":[{"count":1,"href":"https:\/\/www.heartgenetics.com\/pt\/wp-json\/wp\/v2\/pages\/12576\/revisions"}],"predecessor-version":[{"id":12577,"href":"https:\/\/www.heartgenetics.com\/pt\/wp-json\/wp\/v2\/pages\/12576\/revisions\/12577"}],"up":[{"embeddable":true,"href":"https:\/\/www.heartgenetics.com\/pt\/wp-json\/wp\/v2\/pages\/12659"}],"wp:featuredmedia":[{"embeddable":true,"href":"https:\/\/www.heartgenetics.com\/pt\/wp-json\/wp\/v2\/media\/9053"}],"wp:attachment":[{"href":"https:\/\/www.heartgenetics.com\/pt\/wp-json\/wp\/v2\/media?parent=12576"}],"curies":[{"name":"wp","href":"https:\/\/api.w.org\/{rel}","templated":true}]}}