{"id":12414,"date":"2014-08-18T14:14:09","date_gmt":"2014-08-18T14:14:09","guid":{"rendered":"https:\/\/www.heartgenetics.com\/homepage\/"},"modified":"2025-03-25T16:05:36","modified_gmt":"2025-03-25T16:05:36","slug":"homepage","status":"publish","type":"page","link":"https:\/\/www.heartgenetics.com\/pt\/","title":{"rendered":"Homepage"},"content":{"rendered":"<h2 class=\"alignwide wp-block-heading\">TESTEMUNHOS<\/h2><p class=\"alignwide has-text-align-wide is-style-subtitle\">O que os nossos parceiros dizem sobre n\u00f3s<\/p><div class=\"wp-block-kobu-custom-blocks-responsive-spacer responsive-spacer size-medium\"><\/div><div class=\"wp-block-kobu-custom-blocks-text-slider alignwide is-style-dots-pagination text-slider\"><div class=\"wp-block-kobu-custom-blocks-inner-content-text-only child-item text-only\"><div class=\"content-col\"><blockquote class=\"wp-block-quote is-layout-flow wp-block-quote-is-layout-flow\"><p>\u201cAs empresas de biologia computacional com experi\u00eancia cl\u00ednica s\u00e3o cruciais para realizar o potencial da medicina personalizada. Estamos orgulhosos que a HeartGenetics, um dos principais empreendedores em sa\u00fade digital, tenha escolhido ser parceira da Agena.\u201d<\/p><cite>David Coorey<br>Vice Presidente e General Manager, EMEA na Agena Bioscience<\/cite><\/blockquote><\/div><\/div>\n\n<div class=\"wp-block-kobu-custom-blocks-inner-content-text-only child-item text-only\"><div class=\"content-col\"><blockquote class=\"wp-block-quote is-layout-flow wp-block-quote-is-layout-flow\"><p>\u201cA parceria com a HeartGenetics \u00e9 fundamental para transformar os dados gen\u00e9ticos numa ferramenta eficaz e acion\u00e1vel no espa\u00e7o da nutri\u00e7\u00e3o. Com esta nova ferramenta, podemos desenvolver uma abordagem nutricional mais personalizada e eficiente. A equipa da HeartGenetics \u00e9 muito motivada, pr\u00f3-ativa e dispon\u00edvel.\u201d<\/p><cite>M\u00f3nica Sousa<br>Nutricionista <\/cite><\/blockquote><\/div><\/div>\n\n<div class=\"wp-block-kobu-custom-blocks-inner-content-text-only child-item text-only\"><div class=\"content-col\"><blockquote class=\"wp-block-quote is-layout-flow wp-block-quote-is-layout-flow\"><p>\u201cPerdi 3 Kg em um m\u00eas depois de seguir o plano de a\u00e7\u00e3o do relat\u00f3rio!! Depois de falhar em muitas dietas no passado.\u201d<\/p><cite>Prof. Lucymara Lima<br>Professora na Universidade Federal do Rio Grande do Norte, Brazil<\/cite><\/blockquote><\/div><\/div><\/div><p><\/p>","protected":false},"excerpt":{"rendered":"<p>TESTEMUNHOS O que os nossos parceiros dizem sobre n\u00f3s<\/p>\n","protected":false},"author":1,"featured_media":0,"parent":0,"menu_order":26,"comment_status":"open","ping_status":"closed","template":"templates\/homepage.php","meta":{"_acf_changed":false,"footnotes":""},"class_list":["post-12414","page","type-page","status-publish","hentry"],"acf":[],"aioseo_notices":[],"_links":{"self":[{"href":"https:\/\/www.heartgenetics.com\/pt\/wp-json\/wp\/v2\/pages\/12414","targetHints":{"allow":["GET"]}}],"collection":[{"href":"https:\/\/www.heartgenetics.com\/pt\/wp-json\/wp\/v2\/pages"}],"about":[{"href":"https:\/\/www.heartgenetics.com\/pt\/wp-json\/wp\/v2\/types\/page"}],"author":[{"embeddable":true,"href":"https:\/\/www.heartgenetics.com\/pt\/wp-json\/wp\/v2\/users\/1"}],"replies":[{"embeddable":true,"href":"https:\/\/www.heartgenetics.com\/pt\/wp-json\/wp\/v2\/comments?post=12414"}],"version-history":[{"count":19,"href":"https:\/\/www.heartgenetics.com\/pt\/wp-json\/wp\/v2\/pages\/12414\/revisions"}],"predecessor-version":[{"id":15063,"href":"https:\/\/www.heartgenetics.com\/pt\/wp-json\/wp\/v2\/pages\/12414\/revisions\/15063"}],"wp:attachment":[{"href":"https:\/\/www.heartgenetics.com\/pt\/wp-json\/wp\/v2\/media?parent=12414"}],"curies":[{"name":"wp","href":"https:\/\/api.w.org\/{rel}","templated":true}]}}